{"id":88526,"date":"2024-07-30T11:49:14","date_gmt":"2024-07-30T09:49:14","guid":{"rendered":"https:\/\/www.nutripur.ch\/non%20class\u00e9\/super-isolat-whey-protein-cafe\/"},"modified":"2025-11-26T11:29:19","modified_gmt":"2025-11-26T10:29:19","slug":"super-isolat-whey-protein-cafe","status":"publish","type":"product","link":"https:\/\/www.nutripur.ch\/fr\/proteines\/super-isolat-whey-protein-cafe\/","title":{"rendered":"Super Isolat Whey Protein &#8211; Caf\u00e9"},"content":{"rendered":"\t\t<div data-elementor-type=\"product-post\" data-elementor-id=\"88526\" class=\"elementor elementor-88526 elementor-88051\" data-elementor-post-type=\"product\">\n\t\t\t\t<div class=\"elementor-element elementor-element-3ac0ddb e-con-full qb--desc-box e-flex e-con e-parent\" data-id=\"3ac0ddb\" data-element_type=\"container\" data-e-type=\"container\" data-settings=\"{&quot;background_background&quot;:&quot;classic&quot;}\">\n\t\t<div class=\"elementor-element elementor-element-d7385c8 e-con-full qb--desc-img e-flex e-con e-child\" data-id=\"d7385c8\" data-element_type=\"container\" data-e-type=\"container\" data-settings=\"{&quot;background_background&quot;:&quot;classic&quot;}\">\n\t\t\t\t<\/div>\n\t\t<div class=\"elementor-element elementor-element-6eaeb70 e-con-full qb--desc-text e-flex e-con e-child\" data-id=\"6eaeb70\" data-element_type=\"container\" data-e-type=\"container\" data-settings=\"{&quot;background_background&quot;:&quot;classic&quot;}\">\n\t\t<div class=\"elementor-element elementor-element-73ca679 e-con-full e-flex e-con e-child\" data-id=\"73ca679\" data-element_type=\"container\" data-e-type=\"container\">\n\t\t\t\t<div class=\"elementor-element elementor-element-f24e4dd elementor-widget elementor-widget-heading\" data-id=\"f24e4dd\" data-element_type=\"widget\" data-e-type=\"widget\" data-widget_type=\"heading.default\">\n\t\t\t\t<div class=\"elementor-widget-container\">\n\t\t\t\t\t<h2 class=\"elementor-heading-title elementor-size-default\">100% Super Isolat Whey Protein - <br>Kaffee<\/h2>\t\t\t\t<\/div>\n\t\t\t\t<\/div>\n\t\t\t\t<div class=\"elementor-element elementor-element-19ec8d3 elementor-widget elementor-widget-text-editor\" data-id=\"19ec8d3\" data-element_type=\"widget\" data-e-type=\"widget\" data-widget_type=\"text-editor.default\">\n\t\t\t\t<div class=\"elementor-widget-container\">\n\t\t\t\t\t\t\t\t\t<p>Unser Proteinpulver Kaffee erm\u00f6glicht dir eine breite Palette von Anwendungen in der K\u00fcche. Du kannst es als Mehlersatz in s\u00fc\u00dfen Backwaren, Pfannkuchen oder Muffins verwenden, um ihnen einen proteinreichen Schub und einen zimtig-s\u00fc\u00dfen Geschmack zu verleihen. Lust auf M\u00fcsli mit Kaffeegeschmack? Einfach das Whey-Protein-Kaffeepulver einr\u00fchren und genie\u00dfen. Mit einem hohen Gehalt an Protein unterst\u00fctzt das Whey-Protein deinen K\u00f6rper optimal bei der Erholung nach dem Sport oder gibt dir den n\u00f6tigen Drive in einem stressigen Alltag.<\/p>\t\t\t\t\t\t\t\t<\/div>\n\t\t\t\t<\/div>\n\t\t\t\t<\/div>\n\t\t\t\t<\/div>\n\t\t\t\t<\/div>\n\t\t<div class=\"elementor-element elementor-element-9775f85 e-con-full qb--desc-box e-flex e-con e-parent\" data-id=\"9775f85\" data-element_type=\"container\" data-e-type=\"container\" data-settings=\"{&quot;background_background&quot;:&quot;classic&quot;}\">\n\t\t<div class=\"elementor-element elementor-element-bb9e751 e-con-full qb--desc-text e-flex e-con e-child\" data-id=\"bb9e751\" data-element_type=\"container\" data-e-type=\"container\" data-settings=\"{&quot;background_background&quot;:&quot;classic&quot;}\">\n\t\t<div class=\"elementor-element elementor-element-bca96d2 e-con-full e-flex e-con e-child\" data-id=\"bca96d2\" data-element_type=\"container\" data-e-type=\"container\">\n\t\t\t\t<div class=\"elementor-element elementor-element-948d2b2 elementor-widget elementor-widget-heading\" data-id=\"948d2b2\" data-element_type=\"widget\" data-e-type=\"widget\" data-widget_type=\"heading.default\">\n\t\t\t\t<div class=\"elementor-widget-container\">\n\t\t\t\t\t<h2 class=\"elementor-heading-title elementor-size-default\">Super Isolat Whey Protein Kaffee ohne S\u00fc\u00dfungsmittel<\/h2>\t\t\t\t<\/div>\n\t\t\t\t<\/div>\n\t\t\t\t<div class=\"elementor-element elementor-element-d4443df elementor-widget elementor-widget-text-editor\" data-id=\"d4443df\" data-element_type=\"widget\" data-e-type=\"widget\" data-widget_type=\"text-editor.default\">\n\t\t\t\t<div class=\"elementor-widget-container\">\n\t\t\t\t\t\t\t\t\t<ul><li><strong>F\u00fcr deine Sportlermahlzeiten<\/strong>: Shaken, Backen, Kochen- wie es dir beliebt<\/li><li><strong>Snack dir einen Shake<\/strong>: 30 g Pulver auf 300 g Fl\u00fcssigkeit einr\u00fchren<\/li><li><b>Snack dein M\u00fcsli besser<\/b>: Whey Protein Kaffee f\u00fcr Kaffeegeschmack im M\u00fcsli hinzugeben und genie\u00dfen<\/li><\/ul>\t\t\t\t\t\t\t\t<\/div>\n\t\t\t\t<\/div>\n\t\t\t\t<\/div>\n\t\t\t\t<\/div>\n\t\t<div class=\"elementor-element elementor-element-ad2d4dd e-con-full qb--desc-img e-flex e-con e-child\" data-id=\"ad2d4dd\" data-element_type=\"container\" data-e-type=\"container\" data-settings=\"{&quot;background_background&quot;:&quot;classic&quot;}\">\n\t\t\t\t<\/div>\n\t\t\t\t<\/div>\n\t\t<div class=\"elementor-element elementor-element-d9b536b qb--prod-benefits e-flex e-con-boxed e-con e-parent\" data-id=\"d9b536b\" data-element_type=\"container\" data-e-type=\"container\" data-settings=\"{&quot;background_background&quot;:&quot;classic&quot;}\">\n\t\t\t\t\t<div class=\"e-con-inner\">\n\t\t<div class=\"elementor-element elementor-element-f003a20 e-con-full e-flex e-con e-child\" data-id=\"f003a20\" data-element_type=\"container\" data-e-type=\"container\">\n\t\t\t\t<div class=\"elementor-element elementor-element-503276f elementor-widget elementor-widget-image\" data-id=\"503276f\" data-element_type=\"widget\" data-e-type=\"widget\" data-widget_type=\"image.default\">\n\t\t\t\t<div class=\"elementor-widget-container\">\n\t\t\t\t\t\t\t\t\t\t\t\t\t\t\t<img decoding=\"async\" src=\"https:\/\/www.nutripur.ch\/wp-content\/uploads\/2024\/12\/icon-pizza.svg\" class=\"attachment-full size-full wp-image-91071\" alt=\"\" \/>\t\t\t\t\t\t\t\t\t\t\t\t\t\t\t<\/div>\n\t\t\t\t<\/div>\n\t\t\t\t<div class=\"elementor-element elementor-element-0926715 elementor-widget elementor-widget-heading\" data-id=\"0926715\" data-element_type=\"widget\" data-e-type=\"widget\" data-widget_type=\"heading.default\">\n\t\t\t\t<div class=\"elementor-widget-container\">\n\t\t\t\t\t<h2 class=\"elementor-heading-title elementor-size-default\">Vielseitig<br>einsetzbar<\/h2>\t\t\t\t<\/div>\n\t\t\t\t<\/div>\n\t\t\t\t<div class=\"elementor-element elementor-element-7767ac5 elementor-widget elementor-widget-text-editor\" data-id=\"7767ac5\" data-element_type=\"widget\" data-e-type=\"widget\" data-widget_type=\"text-editor.default\">\n\t\t\t\t<div class=\"elementor-widget-container\">\n\t\t\t\t\t\t\t\t\t<ul>\n \t<li>Als Mehlersatz beim Backen<\/li>\n \t<li>Im M\u00fcsli oder Joghurt<\/li>\n \t<li>In Smoothies oder Shakes<\/li>\n \t<li>Proteinschub f\u00fcr Muffins &amp; Co.<\/li>\n<\/ul>\t\t\t\t\t\t\t\t<\/div>\n\t\t\t\t<\/div>\n\t\t\t\t<\/div>\n\t\t<div class=\"elementor-element elementor-element-b314299 e-con-full e-flex e-con e-child\" data-id=\"b314299\" data-element_type=\"container\" data-e-type=\"container\">\n\t\t\t\t<div class=\"elementor-element elementor-element-b5405ae elementor-widget elementor-widget-image\" data-id=\"b5405ae\" data-element_type=\"widget\" data-e-type=\"widget\" data-widget_type=\"image.default\">\n\t\t\t\t<div class=\"elementor-widget-container\">\n\t\t\t\t\t\t\t\t\t\t\t\t\t\t\t<img decoding=\"async\" src=\"https:\/\/www.nutripur.ch\/wp-content\/uploads\/2024\/12\/icon-tasche.svg\" class=\"attachment-full size-full wp-image-91087\" alt=\"\" \/>\t\t\t\t\t\t\t\t\t\t\t\t\t\t\t<\/div>\n\t\t\t\t<\/div>\n\t\t\t\t<div class=\"elementor-element elementor-element-2f13925 elementor-widget elementor-widget-heading\" data-id=\"2f13925\" data-element_type=\"widget\" data-e-type=\"widget\" data-widget_type=\"heading.default\">\n\t\t\t\t<div class=\"elementor-widget-container\">\n\t\t\t\t\t<h2 class=\"elementor-heading-title elementor-size-default\">Praktisch und<br>l\u00e4nger frisch<\/h2>\t\t\t\t<\/div>\n\t\t\t\t<\/div>\n\t\t\t\t<div class=\"elementor-element elementor-element-a5c54c7 elementor-widget elementor-widget-text-editor\" data-id=\"a5c54c7\" data-element_type=\"widget\" data-e-type=\"widget\" data-widget_type=\"text-editor.default\">\n\t\t\t\t<div class=\"elementor-widget-container\">\n\t\t\t\t\t\t\t\t\t<ul>\n \t<li>Lange haltbar durch wieder-\nverschlie\u00dfbare Dose<\/li>\n \t<li>Kein Verderben\u00a0 \u2013 weniger Lebensmittelverschwendung<\/li>\n<\/ul>\t\t\t\t\t\t\t\t<\/div>\n\t\t\t\t<\/div>\n\t\t\t\t<\/div>\n\t\t<div class=\"elementor-element elementor-element-e94942c e-con-full e-flex e-con e-child\" data-id=\"e94942c\" data-element_type=\"container\" data-e-type=\"container\">\n\t\t\t\t<div class=\"elementor-element elementor-element-aae6a1c elementor-widget elementor-widget-image\" data-id=\"aae6a1c\" data-element_type=\"widget\" data-e-type=\"widget\" data-widget_type=\"image.default\">\n\t\t\t\t<div class=\"elementor-widget-container\">\n\t\t\t\t\t\t\t\t\t\t\t\t\t\t\t<img decoding=\"async\" width=\"129\" height=\"129\" src=\"https:\/\/www.nutripur.ch\/wp-content\/uploads\/2024\/12\/icon-qualitaet.svg\" class=\"attachment-full size-full wp-image-91103\" alt=\"\" \/>\t\t\t\t\t\t\t\t\t\t\t\t\t\t\t<\/div>\n\t\t\t\t<\/div>\n\t\t\t\t<div class=\"elementor-element elementor-element-a265fbc elementor-widget elementor-widget-heading\" data-id=\"a265fbc\" data-element_type=\"widget\" data-e-type=\"widget\" data-widget_type=\"heading.default\">\n\t\t\t\t<div class=\"elementor-widget-container\">\n\t\t\t\t\t<h2 class=\"elementor-heading-title elementor-size-default\">Qualit\u00e4t, die man<br>schmeckt<\/h2>\t\t\t\t<\/div>\n\t\t\t\t<\/div>\n\t\t\t\t<div class=\"elementor-element elementor-element-57b788b elementor-widget elementor-widget-text-editor\" data-id=\"57b788b\" data-element_type=\"widget\" data-e-type=\"widget\" data-widget_type=\"text-editor.default\">\n\t\t\t\t<div class=\"elementor-widget-container\">\n\t\t\t\t\t\t\t\t\t<ul>\n \t<li>Ohne Zusatz von S\u00fc\u00dfungsmitteln<\/li>\n \t<li>Leicht l\u00f6slich<\/li>\n \t<li>Kurze Zutatenliste<\/li>\n<\/ul>\t\t\t\t\t\t\t\t<\/div>\n\t\t\t\t<\/div>\n\t\t\t\t<\/div>\n\t\t\t\t\t<\/div>\n\t\t\t\t<\/div>\n\t\t<div class=\"elementor-element elementor-element-1bab284 qb--naehrwert-zutaten e-flex e-con-boxed e-con e-parent\" data-id=\"1bab284\" data-element_type=\"container\" data-e-type=\"container\">\n\t\t\t\t\t<div class=\"e-con-inner\">\n\t\t<div class=\"elementor-element elementor-element-309b8a8 e-con-full qb--naehrwert-table e-flex e-con e-child\" data-id=\"309b8a8\" data-element_type=\"container\" data-e-type=\"container\">\n\t\t\t\t<div class=\"elementor-element elementor-element-371e01f elementor-widget elementor-widget-heading\" data-id=\"371e01f\" data-element_type=\"widget\" data-e-type=\"widget\" data-widget_type=\"heading.default\">\n\t\t\t\t<div class=\"elementor-widget-container\">\n\t\t\t\t\t<h2 class=\"elementor-heading-title elementor-size-default\">N\u00e4hrwerte &amp; Zutaten<\/h2>\t\t\t\t<\/div>\n\t\t\t\t<\/div>\n\t\t\t\t<div class=\"elementor-element elementor-element-9cd8a2b elementor-widget elementor-widget-jet-table\" data-id=\"9cd8a2b\" data-element_type=\"widget\" data-e-type=\"widget\" data-widget_type=\"jet-table.default\">\n\t\t\t\t<div class=\"elementor-widget-container\">\n\t\t\t\t\t<div class=\"elementor-jet-table jet-elements\">\n\t\t<div class=\"jet-table-wrapper jet-table-responsive-mobile\">\n\t\t\t<table class=\"jet-table jet-table--fa5-compat\">\n\t\t\t\t<thead class=\"jet-table__head\"><tr class=\"jet-table__head-row\"><th class=\"jet-table__cell elementor-repeater-item-bc5afa4 jet-table__head-cell\" scope=\"col\"><div class=\"jet-table__cell-inner\"><div class=\"jet-table__cell-content\"><div class=\"jet-table__cell-text\">Durchschnittliche N\u00e4hrwerte<\/div><\/div><\/div><\/th><th class=\"jet-table__cell elementor-repeater-item-eafc7f8 jet-table__head-cell\" scope=\"col\"><div class=\"jet-table__cell-inner\"><div class=\"jet-table__cell-content\"><div class=\"jet-table__cell-text\">je 100 g<\/div><\/div><\/div><\/th><\/tr><\/thead>\n\t\t\t\t\t\t\t\t<tbody class=\"jet-table__body\"><tr class=\"jet-table__body-row elementor-repeater-item-d4f9014\"><td class=\"jet-table__cell elementor-repeater-item-d095273 jet-table__body-cell\"><div class=\"jet-table__cell-inner\"><div class=\"jet-table__cell-content\"><div class=\"jet-table__cell-text\">Brennwert<\/div><\/div><\/div><\/td><td class=\"jet-table__cell elementor-repeater-item-a85c1cd jet-table__body-cell\"><div class=\"jet-table__cell-inner\"><div class=\"jet-table__cell-content\"><div class=\"jet-table__cell-text\">1544 kJ\/ 364 kcal<\/div><\/div><\/div><\/td><\/tr><tr class=\"jet-table__body-row elementor-repeater-item-94fd4ff\"><td class=\"jet-table__cell elementor-repeater-item-8d5364d jet-table__body-cell\"><div class=\"jet-table__cell-inner\"><div class=\"jet-table__cell-content\"><div class=\"jet-table__cell-text\">Fett<\/div><\/div><\/div><\/td><td class=\"jet-table__cell elementor-repeater-item-740e9e9 jet-table__body-cell\"><div class=\"jet-table__cell-inner\"><div class=\"jet-table__cell-content\"><div class=\"jet-table__cell-text\">0,85 g<\/div><\/div><\/div><\/td><\/tr><tr class=\"jet-table__body-row elementor-repeater-item-2c8ccda\"><td class=\"jet-table__cell elementor-repeater-item-5bbb743 jet-table__body-cell\"><div class=\"jet-table__cell-inner\"><div class=\"jet-table__cell-content\"><div class=\"jet-table__cell-text\">\u2013 davon ges\u00e4ttigte Fetts\u00e4uren<\/div><\/div><\/div><\/td><td class=\"jet-table__cell elementor-repeater-item-6a4bcb9 jet-table__body-cell\"><div class=\"jet-table__cell-inner\"><div class=\"jet-table__cell-content\"><div class=\"jet-table__cell-text\">0,3 g<\/div><\/div><\/div><\/td><\/tr><tr class=\"jet-table__body-row elementor-repeater-item-006dfa6\"><td class=\"jet-table__cell elementor-repeater-item-5a243c0 jet-table__body-cell\"><div class=\"jet-table__cell-inner\"><div class=\"jet-table__cell-content\"><div class=\"jet-table__cell-text\">Kohlenhydrate<\/div><\/div><\/div><\/td><td class=\"jet-table__cell elementor-repeater-item-2fdf3ae jet-table__body-cell\"><div class=\"jet-table__cell-inner\"><div class=\"jet-table__cell-content\"><div class=\"jet-table__cell-text\">14 g<\/div><\/div><\/div><\/td><\/tr><tr class=\"jet-table__body-row elementor-repeater-item-044352e\"><td class=\"jet-table__cell elementor-repeater-item-aa54590 jet-table__body-cell\"><div class=\"jet-table__cell-inner\"><div class=\"jet-table__cell-content\"><div class=\"jet-table__cell-text\">\u2013 davon Zucker<\/div><\/div><\/div><\/td><td class=\"jet-table__cell elementor-repeater-item-7926ada jet-table__body-cell\"><div class=\"jet-table__cell-inner\"><div class=\"jet-table__cell-content\"><div class=\"jet-table__cell-text\">3,7 g<\/div><\/div><\/div><\/td><\/tr><tr class=\"jet-table__body-row elementor-repeater-item-07d3dfa\"><td class=\"jet-table__cell elementor-repeater-item-3291bc7 jet-table__body-cell\"><div class=\"jet-table__cell-inner\"><div class=\"jet-table__cell-content\"><div class=\"jet-table__cell-text\">Eiwei\u00df<\/div><\/div><\/div><\/td><td class=\"jet-table__cell elementor-repeater-item-131d5b0 jet-table__body-cell\"><div class=\"jet-table__cell-inner\"><div class=\"jet-table__cell-content\"><div class=\"jet-table__cell-text\">73 g<\/div><\/div><\/div><\/td><\/tr><tr class=\"jet-table__body-row elementor-repeater-item-13da5a6\"><td class=\"jet-table__cell elementor-repeater-item-ad093b1 jet-table__body-cell\"><div class=\"jet-table__cell-inner\"><div class=\"jet-table__cell-content\"><div class=\"jet-table__cell-text\">Salz<\/div><\/div><\/div><\/td><td class=\"jet-table__cell elementor-repeater-item-b6f8406 jet-table__body-cell\"><div class=\"jet-table__cell-inner\"><div class=\"jet-table__cell-content\"><div class=\"jet-table__cell-text\">1,4 g<\/div><\/div><\/div><\/td><\/tr><tr class=\"jet-table__body-row elementor-repeater-item-b1c7d72\"><td class=\"jet-table__cell elementor-repeater-item-9218b92 jet-table__body-cell\"><div class=\"jet-table__cell-inner\"><div class=\"jet-table__cell-content\"><div class=\"jet-table__cell-text\">Koffein<\/div><\/div><\/div><\/td><td class=\"jet-table__cell elementor-repeater-item-fcf7158 jet-table__body-cell\"><div class=\"jet-table__cell-inner\"><div class=\"jet-table__cell-content\"><div class=\"jet-table__cell-text\">227 mg<\/div><\/div><\/div><\/td><\/tr><\/tbody>\n\t\t\t<\/table>\n\t\t<\/div>\n\n\t\t<\/div>\t\t\t\t<\/div>\n\t\t\t\t<\/div>\n\t\t\t\t<\/div>\n\t\t<div class=\"elementor-element elementor-element-1f83567 e-con-full qb--zutaten e-flex e-con e-child\" data-id=\"1f83567\" data-element_type=\"container\" data-e-type=\"container\">\n\t\t<div class=\"elementor-element elementor-element-c8d75cd e-con-full e-flex e-con e-child\" data-id=\"c8d75cd\" data-element_type=\"container\" data-e-type=\"container\">\n\t\t\t\t<div class=\"elementor-element elementor-element-74fd794 elementor-widget elementor-widget-text-editor\" data-id=\"74fd794\" data-element_type=\"widget\" data-e-type=\"widget\" data-widget_type=\"text-editor.default\">\n\t\t\t\t<div class=\"elementor-widget-container\">\n\t\t\t\t\t\t\t\t\t<p>(DE) Pulver zur Herstellung eines proteinreichen und koffeinhaltigen Getr\u00e4nks in Geschmacksrichtung Kaffee.<\/p><p><strong>Zutaten<\/strong>: Molkeneiwei\u00dfisolat (Milch), Haferpulver, 6% l\u00f6slicher Kaffee, Salz, Emulgator: Lecithin (Sonnenblume).<\/p><p>Kann Spuren von Senf, Sesam, Soja, Sellerie, Gluten, Erdnuss und Schalenfr\u00fcchten enthalten.<\/p><p>Nach dem \u00d6ffnen k\u00fchl, trocken und lichtgesch\u00fctzt lagern.<\/p><p><strong>Achtung:<\/strong> Enth\u00e4lt Koffein. F\u00fcr Kinder und schwangere oder stillende Frauen nicht empfohlen<\/p><p><strong>Zubereitung<\/strong>: Pro Portion 30 g Pulver (circa 2 geh\u00e4ufte EL) in einem Mixbecher mit 300 ml Fl\u00fcssigkeit deiner Wahl einr\u00fchren. Alternativ in einen Mixbecher geben und sch\u00fctteln. Auch anzuwenden f\u00fcr M\u00fcsli, im Smoothie, Joghurt oder im Porridge.<\/p><p><strong>Tipp: <\/strong>Je voller der Shaker mit Fl\u00fcssigkeit, desto geringer die Schaumbildung!<\/p><p>Eine Dose (510 g) enth\u00e4lt 17 Portionen.<\/p>\t\t\t\t\t\t\t\t<\/div>\n\t\t\t\t<\/div>\n\t\t\t\t<div class=\"elementor-element elementor-element-40fdebf elementor-woo-meta--view-inline elementor-widget elementor-widget-woocommerce-product-meta\" data-id=\"40fdebf\" data-element_type=\"widget\" data-e-type=\"widget\" data-widget_type=\"woocommerce-product-meta.default\">\n\t\t\t\t<div class=\"elementor-widget-container\">\n\t\t\t\t\t\t\t<div class=\"product_meta\">\n\n\t\t\t\n\t\t\t\t\t\t\t<span class=\"sku_wrapper detail-container\">\n\t\t\t\t\t<span class=\"detail-label\">\n\t\t\t\t\t\t\t\t\t\t\t\tArtikelnummer:\t\t\t\t\t<\/span>\n\t\t\t\t\t<span class=\"sku\">\n\t\t\t\t\t\t\t\t\t\t\t\t1-00100\t\t\t\t\t<\/span>\n\t\t\t\t<\/span>\n\t\t\t\n\t\t\t\t\t\t\t<span class=\"posted_in detail-container\"><span class=\"detail-label\">Cat\u00e9gorie<\/span> <span class=\"detail-content\"><a href=\"https:\/\/www.nutripur.ch\/fr\/proteines\/\" rel=\"tag\">Prot\u00e9ines<\/a><\/span><\/span>\n\t\t\t\n\t\t\t\n\t\t\t\n\t\t<\/div>\n\t\t\t\t\t\t<\/div>\n\t\t\t\t<\/div>\n\t\t\t\t<\/div>\n\t\t<div class=\"elementor-element elementor-element-0173966 e-con-full e-flex e-con e-child\" data-id=\"0173966\" data-element_type=\"container\" data-e-type=\"container\">\n\t\t\t\t<\/div>\n\t\t\t\t<\/div>\n\t\t\t\t\t<\/div>\n\t\t\t\t<\/div>\n\t\t\t\t<\/div>\n\t\t","protected":false},"excerpt":{"rendered":"<p>Offrez-vous un coup de pouce naturel en prot\u00e9ines !<\/p>\n<p>Les diff\u00e9rentes vari\u00e9t\u00e9s de <a href=\"https:\/\/www.nutripur.ch\/fr\/proteines\/super-isolat-whey-protein-chocolat\/\" target=\"_blank\" rel=\"noopener\">chocolat<\/a>, <a href=\"https:\/\/www.nutripur.ch\/fr\/proteines\/super-isolat-whey-protein-cannelle\/\" target=\"_blank\" rel=\"noopener\">cannelle<\/a>, <a href=\"https:\/\/www.nutripur.ch\/fr\/proteines\/super-isolat-whey-protein-cafe\/\" target=\"_blank\" rel=\"noopener\">caf\u00e9<\/a>, <a href=\"https:\/\/www.nutripur.ch\/fr\/proteines\/super-isolat-whey-protein-fraise-banane\/\" target=\"_blank\" rel=\"noopener\">fraise-banane<\/a> et <a href=\"https:\/\/www.nutripur.ch\/fr\/proteines\/super-isolat-de-proteines-de-lactoserum\/\" target=\"_blank\" rel=\"noopener\">neutre<\/a> vous permettent d&rsquo;agr\u00e9menter vos smoothies, de pr\u00e9parer des en-cas nutritifs ou d&rsquo;ajouter une dose suppl\u00e9mentaire de prot\u00e9ines \u00e0 vos recettes pr\u00e9f\u00e9r\u00e9es.<\/p>\n<p>La prot\u00e9ine de lactos\u00e9rum est le compagnon id\u00e9al de votre vie quotidienne active.<\/p>\n<p><span style=\"color: #5ea352;\">\u2764<\/span> Teneur \u00e9lev\u00e9e en prot\u00e9ines et profil complet d&rsquo;acides amin\u00e9s<br \/>\n<span style=\"color: #5ea352;\">\u2764<\/span> Parfait pour la p\u00e2tisserie et le raffinement<br \/>\n<span style=\"color: #5ea352;\">\u2764<\/span> Go\u00fbt de caf\u00e9 sans \u00e9dulcorant<br \/>\n<span style=\"color: #5ea352;\">\u2764<\/span> Faible teneur en mati\u00e8res grasses<br \/>\n<span style=\"color: #5ea352;\">\u2764<\/span> Tr\u00e8ssoluble<\/p>\n","protected":false},"featured_media":101906,"template":"","meta":{"_seopress_robots_primary_cat":"none","_seopress_titles_title":"Acheter Super Isolat Whey Protein \u00e0 la Fraise Banane","_seopress_titles_desc":"Notre tout nouveau super isolat de prot\u00e9ines de lactos\u00e9rum \u00e0 la fraise et \u00e0 la banane est id\u00e9al pour une approche plus saine.\r\nCommandez en ligne d\u00e8s aujourd'hui dans notre boutique !","_seopress_robots_index":"","footnotes":""},"product_brand":[],"product_cat":[282],"product_tag":[],"class_list":{"0":"post-88526","1":"product","2":"type-product","3":"status-publish","4":"has-post-thumbnail","6":"product_cat-proteines","8":"first","9":"outofstock","10":"taxable","11":"shipping-taxable","12":"purchasable","13":"product-type-variable","14":"has-default-attributes"},"_links":{"self":[{"href":"https:\/\/www.nutripur.ch\/fr\/wp-json\/wp\/v2\/product\/88526","targetHints":{"allow":["GET"]}}],"collection":[{"href":"https:\/\/www.nutripur.ch\/fr\/wp-json\/wp\/v2\/product"}],"about":[{"href":"https:\/\/www.nutripur.ch\/fr\/wp-json\/wp\/v2\/types\/product"}],"version-history":[{"count":0,"href":"https:\/\/www.nutripur.ch\/fr\/wp-json\/wp\/v2\/product\/88526\/revisions"}],"wp:featuredmedia":[{"embeddable":true,"href":"https:\/\/www.nutripur.ch\/fr\/wp-json\/wp\/v2\/media\/101906"}],"wp:attachment":[{"href":"https:\/\/www.nutripur.ch\/fr\/wp-json\/wp\/v2\/media?parent=88526"}],"wp:term":[{"taxonomy":"product_brand","embeddable":true,"href":"https:\/\/www.nutripur.ch\/fr\/wp-json\/wp\/v2\/product_brand?post=88526"},{"taxonomy":"product_cat","embeddable":true,"href":"https:\/\/www.nutripur.ch\/fr\/wp-json\/wp\/v2\/product_cat?post=88526"},{"taxonomy":"product_tag","embeddable":true,"href":"https:\/\/www.nutripur.ch\/fr\/wp-json\/wp\/v2\/product_tag?post=88526"}],"curies":[{"name":"wp","href":"https:\/\/api.w.org\/{rel}","templated":true}]}}