{"id":46611,"date":"2022-09-14T10:31:36","date_gmt":"2022-09-14T08:31:36","guid":{"rendered":"https:\/\/www.nutripur.eu\/non%20class\u00e9\/fraise-lyophilisee-banane\/"},"modified":"2025-02-06T20:57:34","modified_gmt":"2025-02-06T19:57:34","slug":"lyophilise-fraise-banane","status":"publish","type":"product","link":"https:\/\/www.nutripur.ch\/fr\/fruits-lyophilises\/lyophilise-fraise-banane\/","title":{"rendered":"Fraise lyophilis\u00e9e &#8211; Banane"},"content":{"rendered":"<p>La banane, le fruit de toute l&rsquo;ann\u00e9e, a un go\u00fbt divinement sucr\u00e9 lorsqu&rsquo;elle est m\u00fbre et fait partie, avec la pomme et la fraise, des fruits les plus appr\u00e9ci\u00e9s des Allemands.<\/p>\n<p>Un excellent compl\u00e9ment aux fruits frais. Agr\u00e9mente ton muesli, ton smoothie et ton yaourt avec les tranches de fruits lyophilis\u00e9s ou savoure les fruits s\u00e9ch\u00e9s \u00e0 l&rsquo;\u00e9tat pur. Gr\u00e2ce au sachet refermable, les fruits peuvent \u00eatre conserv\u00e9s de mani\u00e8re optimale.<\/p>\n<p><span style=\"color: #000000;\"><strong><a style=\"color: #000000;\" href=\"https:\/\/www.nutri-pur.fr\/kategorie\/gefriergetrocknete-fruechte\/\">Acheter des fraises et des fruits rouges s\u00e9ch\u00e9s de NutriPur \u00e0 bas\u00a0prix<\/a><\/strong><\/span><\/p>\n<p>Le s\u00e9chage des aliments est l&rsquo;un des plus anciens proc\u00e9d\u00e9s de conservation. Il en existe de toutes sortes. Pour les fraises et d&rsquo;autres fruits, on peut faire la distinction entre les fruits s\u00e9ch\u00e9s et les fruits lyophilis\u00e9s. Pour les deux esp\u00e8ces, les fruits sont s\u00e9ch\u00e9s. Mais quelles sont les diff\u00e9rences ?<\/p>\n<p>La lyophilisation est certes plus complexe, mais aussi plus douce que le s\u00e9chage \u00ab\u00a0normal\u00a0\u00bb, car elle se fait \u00e0 basse temp\u00e9rature, ce qui permet de conserver les vitamines volatiles \u00e0 la chaleur. De plus, les fruits lyophilis\u00e9s sont \u00e0 nouveau en mesure d&rsquo;absorber l&rsquo;humidit\u00e9 et de d\u00e9velopper ainsi tout leur ar\u00f4me. Toutefois, le s\u00e9chage avec un d\u00e9shydrateur, un s\u00e9choir \u00e0 fruits ou le four est plus adapt\u00e9 \u00e0 la maison. Mais pour ceux qui veulent s&rsquo;\u00e9pargner le travail de nettoyage, d&rsquo;\u00e9min\u00e7age et de s\u00e9chage pendant des heures : les tranches de fraises et de bananes lyophilis\u00e9es NutriPur sont le choix parfait.<\/p>\n<p>Conservation \u00e0 l&rsquo;abri de l&rsquo;air pour pr\u00e9server l&rsquo;ar\u00f4me et le go\u00fbt.<\/p>\n","protected":false},"excerpt":{"rendered":"<p>Fraises et bananes en rondelles.<br \/>\nPour 100 g de fruits lyophilis\u00e9s, il faut jusqu&rsquo;\u00e0 900 g de fruits frais.<br \/>\nQue ce soit dans le muesli, le porridge ou le bowl. Comme garniture sucr\u00e9e dans une salade, ou \u00e0 grignoter. Essayez-le et laissez-vous surprendre.<br \/>\nEmball\u00e9 dans un sachet refermable \u00e0 fond plat.<\/p>\n<p><span style=\"color: #5ea352;\">\u2764<\/span> Sans gluten<br \/>\n<span style=\"color: #5ea352;\">\u2764<\/span> Sans conservateurs ni colorants<br \/>\n<span style=\"color: #5ea352;\">\u2764<\/span> Sans sucre ajout\u00e9<\/p>\n","protected":false},"featured_media":101310,"template":"","meta":{"_seopress_robots_primary_cat":"none","_seopress_titles_title":"","_seopress_titles_desc":"","_seopress_robots_index":"","footnotes":""},"product_brand":[],"product_cat":[200],"product_tag":[],"class_list":{"0":"post-46611","1":"product","2":"type-product","3":"status-publish","4":"has-post-thumbnail","6":"product_cat-fruits-lyophilises","8":"first","9":"instock","10":"featured","11":"taxable","12":"shipping-taxable","13":"purchasable","14":"product-type-variable"},"_links":{"self":[{"href":"https:\/\/www.nutripur.ch\/fr\/wp-json\/wp\/v2\/product\/46611","targetHints":{"allow":["GET"]}}],"collection":[{"href":"https:\/\/www.nutripur.ch\/fr\/wp-json\/wp\/v2\/product"}],"about":[{"href":"https:\/\/www.nutripur.ch\/fr\/wp-json\/wp\/v2\/types\/product"}],"version-history":[{"count":0,"href":"https:\/\/www.nutripur.ch\/fr\/wp-json\/wp\/v2\/product\/46611\/revisions"}],"wp:featuredmedia":[{"embeddable":true,"href":"https:\/\/www.nutripur.ch\/fr\/wp-json\/wp\/v2\/media\/101310"}],"wp:attachment":[{"href":"https:\/\/www.nutripur.ch\/fr\/wp-json\/wp\/v2\/media?parent=46611"}],"wp:term":[{"taxonomy":"product_brand","embeddable":true,"href":"https:\/\/www.nutripur.ch\/fr\/wp-json\/wp\/v2\/product_brand?post=46611"},{"taxonomy":"product_cat","embeddable":true,"href":"https:\/\/www.nutripur.ch\/fr\/wp-json\/wp\/v2\/product_cat?post=46611"},{"taxonomy":"product_tag","embeddable":true,"href":"https:\/\/www.nutripur.ch\/fr\/wp-json\/wp\/v2\/product_tag?post=46611"}],"curies":[{"name":"wp","href":"https:\/\/api.w.org\/{rel}","templated":true}]}}