{"id":46595,"date":"2022-09-14T09:06:22","date_gmt":"2022-09-14T07:06:22","guid":{"rendered":"https:\/\/www.nutripur.eu\/non%20class\u00e9\/fruits-lyophilises-tropic-mix\/"},"modified":"2025-02-06T21:00:22","modified_gmt":"2025-02-06T20:00:22","slug":"lyophilise-fruits-tropic-mix","status":"publish","type":"product","link":"https:\/\/www.nutripur.ch\/fr\/fruits-lyophilises\/lyophilise-fruits-tropic-mix\/","title":{"rendered":"Fruits lyophilis\u00e9s, Tropic Mix"},"content":{"rendered":"<p>Le NutriPur Tropic Mix r\u00e9unit dans ce m\u00e9lange les fruits tropicaux lyophilis\u00e9s mangue, ananas, fruit du dragon et coco.<\/p>\n<p>Les cubes de noix de coco n&rsquo;ont pas seulement un super go\u00fbt de noix de coco, ils adoucissent aussi tes c\u00e9r\u00e9ales ou ton porridge, tes bowls ou ton granola. Mais tu peux aussi int\u00e9grer le m\u00e9lange Tropic dans des biscuits, des g\u00e2teaux et sur des tartes. Ou simplement grignoter. Sois cr\u00e9atif, tu trouveras certainement beaucoup d&rsquo;autres id\u00e9es.<\/p>\n<p><a href=\"https:\/\/www.nutri-pur.fr\/gefriergetrocknete-fruechte-obst-und-gemuese\/\">Le<\/a> m\u00e9lange de fruits s\u00e9ch\u00e9s avec soin, plein de go\u00fbt et d&rsquo;ar\u00f4me, t&rsquo;apporte la sensation tropicale \u00e0 la maison. Fabriqu\u00e9 avec soin en Allemagne. Un d\u00e9licieux SNACK FRUIT lyophilis\u00e9 pour la route ou parfait pour un smoothie, un jus, un th\u00e9, dans le muesli et le porridge ou un fitness shake !<br \/>\nLA QUALIT\u00c9 que l&rsquo;on go\u00fbte: des fruits s\u00e9ch\u00e9s de qualit\u00e9 sup\u00e9rieure en sachets refermables de 25 g ou 100 g \u00e0 fond plat.<br \/>\nConservation \u00e0 l&rsquo;abri de l&rsquo;air pour pr\u00e9server l&rsquo;ar\u00f4me et la saveur des fruits secs.<\/p>\n","protected":false},"excerpt":{"rendered":"<p>Le Tropic Mix est incroyablement flexible dans son utilisation. Il est id\u00e9al comme snack d\u00e9licieux et compl\u00e9ment naturel dans le muesli, le smoothie, le porridge, le shake, le yaourt, la glace, le th\u00e9 ou tout ce qui te passe par la t\u00eate !<br \/>\nEmball\u00e9 dans un sachet refermable \u00e0 fond plat.<\/p>\n<p><span style=\"color: #5ea352;\">\u2764<\/span> Pour le muesli et le smoothie, dans le porridge ou comme en-cas<br \/>\n<span style=\"color: #5ea352;\">\u2764<\/span> Sans gluten<br \/>\n<span style=\"color: #5ea352;\">\u2764<\/span> Sans conservateurs ni colorants<\/p>\n","protected":false},"featured_media":105042,"template":"","meta":{"_seopress_robots_primary_cat":"none","_seopress_titles_title":"","_seopress_titles_desc":"","_seopress_robots_index":"","footnotes":""},"product_brand":[],"product_cat":[200],"product_tag":[],"class_list":{"0":"post-46595","1":"product","2":"type-product","3":"status-publish","4":"has-post-thumbnail","6":"product_cat-fruits-lyophilises","8":"first","9":"outofstock","10":"featured","11":"taxable","12":"shipping-taxable","13":"purchasable","14":"product-type-variable"},"_links":{"self":[{"href":"https:\/\/www.nutripur.ch\/fr\/wp-json\/wp\/v2\/product\/46595","targetHints":{"allow":["GET"]}}],"collection":[{"href":"https:\/\/www.nutripur.ch\/fr\/wp-json\/wp\/v2\/product"}],"about":[{"href":"https:\/\/www.nutripur.ch\/fr\/wp-json\/wp\/v2\/types\/product"}],"version-history":[{"count":0,"href":"https:\/\/www.nutripur.ch\/fr\/wp-json\/wp\/v2\/product\/46595\/revisions"}],"wp:featuredmedia":[{"embeddable":true,"href":"https:\/\/www.nutripur.ch\/fr\/wp-json\/wp\/v2\/media\/105042"}],"wp:attachment":[{"href":"https:\/\/www.nutripur.ch\/fr\/wp-json\/wp\/v2\/media?parent=46595"}],"wp:term":[{"taxonomy":"product_brand","embeddable":true,"href":"https:\/\/www.nutripur.ch\/fr\/wp-json\/wp\/v2\/product_brand?post=46595"},{"taxonomy":"product_cat","embeddable":true,"href":"https:\/\/www.nutripur.ch\/fr\/wp-json\/wp\/v2\/product_cat?post=46595"},{"taxonomy":"product_tag","embeddable":true,"href":"https:\/\/www.nutripur.ch\/fr\/wp-json\/wp\/v2\/product_tag?post=46595"}],"curies":[{"name":"wp","href":"https:\/\/api.w.org\/{rel}","templated":true}]}}