{"id":46146,"date":"2021-06-10T16:17:18","date_gmt":"2021-06-10T14:17:18","guid":{"rendered":"https:\/\/www.nutripur.eu\/non%20class\u00e9\/chips-de-pois-chiches\/"},"modified":"2025-05-30T21:07:00","modified_gmt":"2025-05-30T19:07:00","slug":"chips-de-pois-chiches","status":"publish","type":"product","link":"https:\/\/www.nutripur.ch\/fr\/bundles-offres\/chips-de-pois-chiches\/","title":{"rendered":"Chips de pois chiches Mexico Taco"},"content":{"rendered":"<p>Avec les chips de pois chiches NutriPur, l&rsquo;exp\u00e9rience du snacking arrive chez vous, au bureau ou vous les grignotez en route !<\/p>\n<p>Diff\u00e9rentes vari\u00e9t\u00e9s : pois chiches doublement grill\u00e9s, pois chiches doublement grill\u00e9s au sel, pois chiches doublement grilles piquants.<\/p>\n<p>Tu te demandes pourquoi les KicherSnacks ont un go\u00fbt si aromatique et si croustillant ? Avant que les \u00ab\u00a0chips rondes\u00a0\u00bb ne sautent dans le sac, nous effectuons quelques \u00e9tapes de transformation en douceur. Une p\u00e2te est pr\u00e9par\u00e9e \u00e0 partir de farines s\u00e9lectionn\u00e9es, qui est ensuite frite. Les KicherSnacks reposent ensuite pendant un certain temps avant d&rsquo;\u00eatre \u00e0 nouveau cuits.Vous pouvez maintenant les ajouter \u00e0 votre salade, \u00e0 votre soupe ou \u00e0 votre bol.<\/p>\n<p>Bien entendu, les \u00ab\u00a0chips rondes\u00a0\u00bb constituent \u00e9galement d&rsquo;excellents en-cas, \u00e0 grignoter tout simplement.<\/p>\n","protected":false},"excerpt":{"rendered":"<p>Avec les NutriPur KicherSnacks, l&rsquo;exp\u00e9rience du snack arrive chez vous, au bureau ou vous les grignotez en route !<\/p>\n<p>Go\u00fbte aussi les autres vari\u00e9t\u00e9s : <a href=\"https:\/\/www.nutripur.ch\/fr\/noix\/pois-chiches-grilles\/pois-chiches-doublement-grilles-kopie-2\/\">double grill\u00e9<\/a> , <a href=\"https:\/\/www.nutripur.ch\/fr\/noix\/pois-chiches-grilles\/pois-chiches-seches-grilles\/\">double grill\u00e9 au sel<\/a> et <a href=\"https:\/\/www.nutripur.ch\/fr\/noix\/pois-chiches-grilles\/pois-chiches-doublement-grilles-kopie\/\">piquants<\/a>.<\/p>\n<p>Les \u00ab\u00a0chips rondes\u00a0\u00bb sont un excellent moyen de grignoter. Ils sont exempts d&rsquo;exhausteurs de go\u00fbt, de colorants et de conservateurs. Le choix parfait pour les personnes allergiques aux noix.<\/p>\n<p><span style=\"color: #5ea352;\">\u2764<\/span> Sans exhausteurs de go\u00fbt<br \/>\n<span style=\"color: #5ea352;\">\u2764 <\/span>Sans colorants ni conservateurs<br \/>\n<span style=\"color: #5ea352;\">\u2764<\/span> Extra croustillant<\/p>\n","protected":false},"featured_media":104604,"template":"","meta":{"_seopress_robots_primary_cat":"none","_seopress_titles_title":"","_seopress_titles_desc":"","_seopress_robots_index":"","footnotes":""},"product_brand":[],"product_cat":[209,211],"product_tag":[],"class_list":{"0":"post-46146","1":"product","2":"type-product","3":"status-publish","4":"has-post-thumbnail","6":"product_cat-snacks-fr","7":"product_cat-bundles-offres","9":"first","10":"instock","11":"sale","12":"taxable","13":"shipping-taxable","14":"purchasable","15":"product-type-variable","16":"has-default-attributes"},"_links":{"self":[{"href":"https:\/\/www.nutripur.ch\/fr\/wp-json\/wp\/v2\/product\/46146","targetHints":{"allow":["GET"]}}],"collection":[{"href":"https:\/\/www.nutripur.ch\/fr\/wp-json\/wp\/v2\/product"}],"about":[{"href":"https:\/\/www.nutripur.ch\/fr\/wp-json\/wp\/v2\/types\/product"}],"version-history":[{"count":0,"href":"https:\/\/www.nutripur.ch\/fr\/wp-json\/wp\/v2\/product\/46146\/revisions"}],"wp:featuredmedia":[{"embeddable":true,"href":"https:\/\/www.nutripur.ch\/fr\/wp-json\/wp\/v2\/media\/104604"}],"wp:attachment":[{"href":"https:\/\/www.nutripur.ch\/fr\/wp-json\/wp\/v2\/media?parent=46146"}],"wp:term":[{"taxonomy":"product_brand","embeddable":true,"href":"https:\/\/www.nutripur.ch\/fr\/wp-json\/wp\/v2\/product_brand?post=46146"},{"taxonomy":"product_cat","embeddable":true,"href":"https:\/\/www.nutripur.ch\/fr\/wp-json\/wp\/v2\/product_cat?post=46146"},{"taxonomy":"product_tag","embeddable":true,"href":"https:\/\/www.nutripur.ch\/fr\/wp-json\/wp\/v2\/product_tag?post=46146"}],"curies":[{"name":"wp","href":"https:\/\/api.w.org\/{rel}","templated":true}]}}