{"id":46139,"date":"2015-08-11T22:13:09","date_gmt":"2015-08-11T22:13:09","guid":{"rendered":"https:\/\/www.nutripur.eu\/non%20class\u00e9\/fraises-lyophilisees\/"},"modified":"2025-02-24T13:18:42","modified_gmt":"2025-02-24T12:18:42","slug":"tranches-de-fraises","status":"publish","type":"product","link":"https:\/\/www.nutripur.ch\/fr\/fruits-lyophilises\/tranches-de-fraises\/","title":{"rendered":"Fraises lyophilis\u00e9es"},"content":{"rendered":"<p>Nos anc\u00eatres de l\u2019\u00e2ge de pierre appr\u00e9ciaient d\u00e9j\u00e0 les fruits sucr\u00e9s. Au Moyen \u00c2ge, de grandes surfaces \u00e9taient d\u00e9j\u00e0 cultiv\u00e9es. Mais \u00e0 l\u2019\u00e9poque, les fraises n\u2019\u00e9taient pas plus grosses que nos centimes. Un excellent compl\u00e9ment aux fruits frais. Agr\u00e9mente ton muesli, ton smoothie et ton yaourt avec les tranches de fraises lyophilis\u00e9esou savoure les morceaux de fraises s\u00e9ch\u00e9es \u00e0 l\u2019\u00e9tat pur. Gr\u00e2ce au sachet refermable, les fruits peuvent \u00eatre conserv\u00e9s de mani\u00e8re optimale.<\/p>\n<p>Des tranches de fraises s\u00e9ch\u00e9es avec soin, pleines de go\u00fbt et d\u2019ar\u00f4me. Fruits secs sans sucre ajout\u00e9, naturellement v\u00e9g\u00e9taliens et non sulfur\u00e9s. Fabriqu\u00e9 avec soin en Allemagne. Un d\u00e9licieux SNACK aux fraises FRUITES pour la route ou parfait pour un smoothie, un jus de baies, une infusion de baies, dans le muesli et le porridge ou un fitness shake ! Une QUALIT\u00c9 qui se sent. Ces baies de qualit\u00e9 sup\u00e9rieure sont disponibles s\u00e9ch\u00e9es en sachets refermables de 25 g ou 70 g \u00e0 fond plat. Conservation \u00e0 l\u2019abri de l\u2019air pour pr\u00e9server l\u2019ar\u00f4me et la saveur des baies s\u00e9ch\u00e9es.<\/p>\n<p><span style=\"color: #000000;\"><strong><a style=\"color: #000000;\" href=\"https:\/\/www.nutri-pur.fr\/kategorie\/gefriergetrocknete-fruechte\/\" target=\"\" rel=\"noopener\">Acheter des fraises et des fruits rouges s\u00e9ch\u00e9s de NutriPur \u00e0 bas prix<\/a><\/strong><\/span><\/p>\n<p>Le s\u00e9chage des aliments est l\u2019un des plus anciens proc\u00e9d\u00e9s de conservation. Il en existe de toutes sortes. Pour les fraises et\u00a0d\u2019autres fruits, on peut faire la distinction entre les fruits s\u00e9ch\u00e9s et les fruits lyophilis\u00e9s. Pour les deux esp\u00e8ces, les fruits sont s\u00e9ch\u00e9s. Mais quelles sont les diff\u00e9rences ?<\/p>\n<p>La\u00a0lyophilisation\u00a0est certes plus complexe, mais aussi plus douce que le s\u00e9chage \u201cnormal\u201d, car elle se fait \u00e0 basse temp\u00e9rature, ce qui permet de conserver les\u00a0vitamines\u00a0volatiles \u00e0 la chaleur. De plus, les fruits lyophilis\u00e9s sont \u00e0 nouveau en mesure d\u2019absorber l\u2019humidit\u00e9 et de d\u00e9velopper ainsi tout leur ar\u00f4me. Toutefois, le s\u00e9chage avec un d\u00e9shydrateur, un s\u00e9choir \u00e0 fruits ou le four est plus adapt\u00e9 \u00e0 la maison. Mais pour ceux qui veulent s\u2019\u00e9pargner le travail de nettoyage, d\u2019\u00e9min\u00e7age et de s\u00e9chage pendant des heures : les tranches de fraises lyophilis\u00e9es NutriPur sont le choix parfait.<\/p>\n","protected":false},"excerpt":{"rendered":"<p>100% de fraises lyophilis\u00e9es, en tranches.<br \/>\nEmball\u00e9 dans un sachet refermable \u00e0 fond plat.<br \/>\nPour 100 g de fraises lyophilis\u00e9es, il faut jusqu&rsquo;\u00e0 900 g de baies fra\u00eeches.<\/p>\n<p><span style=\"color: #5ea352;\">\u2764<\/span> Pour le muesli et le smoothie, dans le porridge ou comme en-cas<br \/>\n<span style=\"color: #5ea352;\">\u2764<\/span> Sans sucre ajout\u00e9 (contient naturellement du sucre)<br \/>\n<span style=\"color: #5ea352;\">\u2764 <\/span>Sans conservateurs, ar\u00f4mes ni colorants<\/p>\n","protected":false},"featured_media":101330,"template":"","meta":{"_seopress_robots_primary_cat":"none","_seopress_titles_title":"Fraises lyophilis\u00e9es, acheter en ligne","_seopress_titles_desc":"Fraises lyophilis\u00e9es \u00e0 partir de 25 g \/ 2,90 \u20ac (11,60 \u20ac\/100 g). Fruits secs et super-aliments pour le muesli et le smoothie. Grand choix, grande qualit\u00e9.","_seopress_robots_index":"","footnotes":""},"product_brand":[],"product_cat":[200],"product_tag":[],"class_list":{"0":"post-46139","1":"product","2":"type-product","3":"status-publish","4":"has-post-thumbnail","6":"product_cat-fruits-lyophilises","8":"first","9":"instock","10":"featured","11":"taxable","12":"shipping-taxable","13":"purchasable","14":"product-type-variable"},"_links":{"self":[{"href":"https:\/\/www.nutripur.ch\/fr\/wp-json\/wp\/v2\/product\/46139","targetHints":{"allow":["GET"]}}],"collection":[{"href":"https:\/\/www.nutripur.ch\/fr\/wp-json\/wp\/v2\/product"}],"about":[{"href":"https:\/\/www.nutripur.ch\/fr\/wp-json\/wp\/v2\/types\/product"}],"version-history":[{"count":0,"href":"https:\/\/www.nutripur.ch\/fr\/wp-json\/wp\/v2\/product\/46139\/revisions"}],"wp:featuredmedia":[{"embeddable":true,"href":"https:\/\/www.nutripur.ch\/fr\/wp-json\/wp\/v2\/media\/101330"}],"wp:attachment":[{"href":"https:\/\/www.nutripur.ch\/fr\/wp-json\/wp\/v2\/media?parent=46139"}],"wp:term":[{"taxonomy":"product_brand","embeddable":true,"href":"https:\/\/www.nutripur.ch\/fr\/wp-json\/wp\/v2\/product_brand?post=46139"},{"taxonomy":"product_cat","embeddable":true,"href":"https:\/\/www.nutripur.ch\/fr\/wp-json\/wp\/v2\/product_cat?post=46139"},{"taxonomy":"product_tag","embeddable":true,"href":"https:\/\/www.nutripur.ch\/fr\/wp-json\/wp\/v2\/product_tag?post=46139"}],"curies":[{"name":"wp","href":"https:\/\/api.w.org\/{rel}","templated":true}]}}