{"id":46121,"date":"2015-08-11T22:11:48","date_gmt":"2015-08-11T20:11:48","guid":{"rendered":"https:\/\/www.nutripur.eu\/non%20class\u00e9\/melange-de-baies-rouges-lyophilisees\/"},"modified":"2025-02-06T21:23:10","modified_gmt":"2025-02-06T20:23:10","slug":"melange-de-baies-rouges-lyophilisees","status":"publish","type":"product","link":"https:\/\/www.nutripur.ch\/fr\/bundles-offres\/melange-de-baies-rouges-lyophilisees\/","title":{"rendered":"M\u00e9lange de baies rouges lyophilis\u00e9es"},"content":{"rendered":"<p>Nous sommes amoureux de notre lyophilis\u00e9 <span style=\"color: #000000;\"><strong>M\u00e9lange de baies rouges<\/strong><br \/>\n<\/span> &#8211; que tu peux toi aussi d\u00e9guster tout au long de l&rsquo;ann\u00e9e. Dans le m\u00e9lange de baies s\u00e9ch\u00e9es, tu trouveras des groseilles, des framboises et des fraises lyophilis\u00e9es.<\/p>\n<p>Le m\u00e9lange de baies rouges est un merveilleux compl\u00e9ment aux fruits frais dans ton smoothie, ton muesli ou ton yaourt, ou tout simplement comme en-cas.<br \/>\nGr\u00e2ce au sachet refermable, les baies peuvent \u00eatre conserv\u00e9es de mani\u00e8re optimale.<\/p>\n<p>M\u00e9lange de baies s\u00e9ch\u00e9es avec soin, plein de go\u00fbt et d&rsquo;ar\u00f4me. Sans sucre ajout\u00e9, naturellement v\u00e9g\u00e9talien et non sulfur\u00e9. Fabriqu\u00e9 avec soin en Allemagne. Un d\u00e9licieux SNACK aux baies FRUITES pour la route ou parfait pour un smoothie, un jus de baies, un th\u00e9 aux baies, dans le muesli et le porridge ou un fitness shake ! Une QUALIT\u00c9 qui se sent. Ces baies Premium sont disponibles s\u00e9ch\u00e9es en sachets refermables de 25 g ou 100 g \u00e0 fond plat.<br \/>\nConservation \u00e0 l&rsquo;abri de l&rsquo;air pour pr\u00e9server l&rsquo;ar\u00f4me et la saveur des baies s\u00e8ches.<\/p>\n","protected":false},"excerpt":{"rendered":"<p>100% de fruits ! M\u00e9lange de fraises, de framboises et de groseilles lyophilis\u00e9es.<br \/>\nEmball\u00e9 dans un sachet refermable \u00e0 fond plat.<br \/>\nPour 100 g de \u00ab\u00a0Red Bears MIX\u00a0\u00bb, il faut jusqu&rsquo;\u00e0 900 g de baies fra\u00eeches.<\/p>\n<p><span style=\"color: #5ea352;\">\u2764<\/span> Pour le muesli et le smoothie, dans le porridge ou comme en-cas<br \/>\n<span style=\"color: #5ea352;\">\u2764<\/span> Sans sucre ajout\u00e9 (contient naturellement du sucre)<br \/>\n<span style=\"color: #5ea352;\">\u2764<\/span> Sans conservateurs, ar\u00f4mes ni colorants<\/p>\n","protected":false},"featured_media":104661,"template":"","meta":{"_seopress_robots_primary_cat":"none","_seopress_titles_title":"Fraises et framboises lyophilis\u00e9es","_seopress_titles_desc":"Acheter des fruits lyophilis\u00e9s en ligne dans un grand choix. Fraises, framboises et groseilles comme fruits secs pour ton muesli ou ton smoothie.","_seopress_robots_index":"","footnotes":""},"product_brand":[],"product_cat":[200,211],"product_tag":[],"class_list":{"0":"post-46121","1":"product","2":"type-product","3":"status-publish","4":"has-post-thumbnail","6":"product_cat-fruits-lyophilises","7":"product_cat-bundles-offres","9":"first","10":"instock","11":"sale","12":"featured","13":"taxable","14":"shipping-taxable","15":"purchasable","16":"product-type-variable"},"_links":{"self":[{"href":"https:\/\/www.nutripur.ch\/fr\/wp-json\/wp\/v2\/product\/46121","targetHints":{"allow":["GET"]}}],"collection":[{"href":"https:\/\/www.nutripur.ch\/fr\/wp-json\/wp\/v2\/product"}],"about":[{"href":"https:\/\/www.nutripur.ch\/fr\/wp-json\/wp\/v2\/types\/product"}],"version-history":[{"count":0,"href":"https:\/\/www.nutripur.ch\/fr\/wp-json\/wp\/v2\/product\/46121\/revisions"}],"wp:featuredmedia":[{"embeddable":true,"href":"https:\/\/www.nutripur.ch\/fr\/wp-json\/wp\/v2\/media\/104661"}],"wp:attachment":[{"href":"https:\/\/www.nutripur.ch\/fr\/wp-json\/wp\/v2\/media?parent=46121"}],"wp:term":[{"taxonomy":"product_brand","embeddable":true,"href":"https:\/\/www.nutripur.ch\/fr\/wp-json\/wp\/v2\/product_brand?post=46121"},{"taxonomy":"product_cat","embeddable":true,"href":"https:\/\/www.nutripur.ch\/fr\/wp-json\/wp\/v2\/product_cat?post=46121"},{"taxonomy":"product_tag","embeddable":true,"href":"https:\/\/www.nutripur.ch\/fr\/wp-json\/wp\/v2\/product_tag?post=46121"}],"curies":[{"name":"wp","href":"https:\/\/api.w.org\/{rel}","templated":true}]}}