{"id":46114,"date":"2015-08-11T22:10:00","date_gmt":"2015-08-11T22:10:00","guid":{"rendered":"https:\/\/www.nutripur.eu\/non%20class\u00e9\/fraises-lyophilisees-en-poudre\/"},"modified":"2025-05-19T23:22:56","modified_gmt":"2025-05-19T21:22:56","slug":"poudre-de-fraise","status":"publish","type":"product","link":"https:\/\/www.nutripur.ch\/fr\/bundles-offres\/poudre-de-fraise\/","title":{"rendered":"Poudre de fruits fraises, lyophilis\u00e9e"},"content":{"rendered":"<p>Nos anc\u00eatres de l&rsquo;\u00e2ge de pierre appr\u00e9ciaient d\u00e9j\u00e0 les fruits sucr\u00e9s. Au Moyen \u00c2ge, de grandes surfaces \u00e9taient d\u00e9j\u00e0 cultiv\u00e9es. Mais \u00e0 l&rsquo;\u00e9poque, les fraises avaient \u00e0 peine la taille d&rsquo;une pi\u00e8ce de monnaie. La poudre de fraise est polyvalente dans la cuisine et constitue un excellent compl\u00e9ment aux fruits frais. Agr\u00e9mente ton muesli, ton porridge smoothie et ton yaourt ou cr\u00e9e un d\u00e9licieux lait \u00e0 la fraise. La poudre de fraise ne doit pas non plus manquer dans tes cr\u00e9ations p\u00e2tissi\u00e8res.<\/p>\n<p>Gr\u00e2ce au sachet refermable, la poudre peut \u00eatre conserv\u00e9e de mani\u00e8re optimale. Pour 100 g de fraises lyophilis\u00e9es, il faut jusqu&rsquo;\u00e0 900 g de fruits frais.<\/p>\n<p>Fraises s\u00e9ch\u00e9es d\u00e9licatement et moulues, pleines de go\u00fbt et d&rsquo;ar\u00f4me. Poudre de fruits sans sucre ajout\u00e9, naturellement v\u00e9g\u00e9talienne et non sulfur\u00e9e. Fabriqu\u00e9 avec soin en Allemagne. Un d\u00e9licieux SNACK de baies FRUITES moulu pour la route ou parfait pour le lait et le shake \u00e0 la fraise, le smoothie, le jus de baies, le th\u00e9 aux baies, dans le muesli et le porridge ou le fitness shake ! Une QUALIT\u00c9 qui se savoure. Ces fraises premium sont disponibles s\u00e9ch\u00e9es et moulues en sachets \u00e0 fond plat refermables de 100 g, 300 g ou 1 kg.<br \/>\nConservation \u00e0 l&rsquo;abri de l&rsquo;air pour pr\u00e9server l&rsquo;ar\u00f4me et la saveur des baies s\u00e8ches moulues.<\/p>\n","protected":false},"excerpt":{"rendered":"<p>100% poudre de fruits de fraises lyophilis\u00e9es, non tamis\u00e9es.<br \/>\nEmball\u00e9 dans un sachet refermable \u00e0 fond plat.<br \/>\nPour 100 g de fraises lyophilis\u00e9es, il faut jusqu&rsquo;\u00e0 900 g de fruits frais.<\/p>\n<p><span style=\"color: #5ea352;\">\u2764<\/span> Pour le muesli, le smoothie ou dans le porridge<br \/>\n<span style=\"color: #5ea352;\">\u2764<\/span> Sans sucre ajout\u00e9 (contient naturellement du sucre)<br \/>\n<span style=\"color: #5ea352;\">\u2764<\/span> Sans conservateurs, ar\u00f4mes ni colorants<\/p>\n","protected":false},"featured_media":104690,"template":"","meta":{"_seopress_robots_primary_cat":"none","_seopress_titles_title":"","_seopress_titles_desc":"","_seopress_robots_index":"","footnotes":""},"product_brand":[],"product_cat":[210,211],"product_tag":[],"class_list":{"0":"post-46114","1":"product","2":"type-product","3":"status-publish","4":"has-post-thumbnail","6":"product_cat-poudre-de-fruits","7":"product_cat-bundles-offres","9":"first","10":"instock","11":"sale","12":"featured","13":"taxable","14":"shipping-taxable","15":"purchasable","16":"product-type-variable"},"_links":{"self":[{"href":"https:\/\/www.nutripur.ch\/fr\/wp-json\/wp\/v2\/product\/46114","targetHints":{"allow":["GET"]}}],"collection":[{"href":"https:\/\/www.nutripur.ch\/fr\/wp-json\/wp\/v2\/product"}],"about":[{"href":"https:\/\/www.nutripur.ch\/fr\/wp-json\/wp\/v2\/types\/product"}],"version-history":[{"count":0,"href":"https:\/\/www.nutripur.ch\/fr\/wp-json\/wp\/v2\/product\/46114\/revisions"}],"wp:featuredmedia":[{"embeddable":true,"href":"https:\/\/www.nutripur.ch\/fr\/wp-json\/wp\/v2\/media\/104690"}],"wp:attachment":[{"href":"https:\/\/www.nutripur.ch\/fr\/wp-json\/wp\/v2\/media?parent=46114"}],"wp:term":[{"taxonomy":"product_brand","embeddable":true,"href":"https:\/\/www.nutripur.ch\/fr\/wp-json\/wp\/v2\/product_brand?post=46114"},{"taxonomy":"product_cat","embeddable":true,"href":"https:\/\/www.nutripur.ch\/fr\/wp-json\/wp\/v2\/product_cat?post=46114"},{"taxonomy":"product_tag","embeddable":true,"href":"https:\/\/www.nutripur.ch\/fr\/wp-json\/wp\/v2\/product_tag?post=46114"}],"curies":[{"name":"wp","href":"https:\/\/api.w.org\/{rel}","templated":true}]}}