{"id":46099,"date":"2015-08-11T22:08:49","date_gmt":"2015-08-11T22:08:49","guid":{"rendered":"https:\/\/www.nutripur.eu\/non%20class\u00e9\/framboises-lyophilisees-en-poudre\/"},"modified":"2025-02-06T21:27:55","modified_gmt":"2025-02-06T20:27:55","slug":"poudre-de-framboise","status":"publish","type":"product","link":"https:\/\/www.nutripur.ch\/fr\/poudre-de-fruits\/poudre-de-framboise\/","title":{"rendered":"Framboises lyophilis\u00e9es en poudre"},"content":{"rendered":"<p>Les framboises &#8211; \u00e9galement appel\u00e9es \u00ab\u00a0reine des baies\u00a0\u00bb &#8211; enchantent par leur go\u00fbt subtilement sucr\u00e9. La poudre de framboise lyophilis\u00e9e peut \u00eatre utilis\u00e9e de diff\u00e9rentes mani\u00e8res. Agr\u00e9mente tes c\u00e9r\u00e9ales, ton smoothie et ton yaourt ou cr\u00e9e un d\u00e9licieux lait \u00e0 la framboise. La poudre de framboise s\u00e9ch\u00e9e ne doit pas non plus manquer dans tes cr\u00e9ations p\u00e2tissi\u00e8res. Gr\u00e2ce au sachet refermable, la poudre de fruits peut \u00eatre conserv\u00e9e de mani\u00e8re optimale.<\/p>\n<p>Framboises s\u00e9ch\u00e9es avec soin et moulues, pleines de go\u00fbt et d&rsquo;ar\u00f4me. Poudre de fruits sans sucre ajout\u00e9, naturellement v\u00e9g\u00e9talienne et non sulfur\u00e9e. Fabriqu\u00e9 avec soin en Allemagne. Un d\u00e9licieux SNACK de baies FRUITES moulu pour la route ou parfait pour le lait de framboise, le smoothie, le jus de baies, le th\u00e9 de baies, dans le muesli et le porridge ou le fitness shake ! Une QUALIT\u00c9 qui se sent. Ces framboises premium sont s\u00e9ch\u00e9es et moulues, disponibles en sachets refermables de 100 g, 300 g ou 1 kg \u00e0 fond plat.<br \/>\nConservation \u00e0 l&rsquo;abri de l&rsquo;air pour pr\u00e9server l&rsquo;ar\u00f4me et la saveur de la poudre de fruits s\u00e9ch\u00e9s \u00e0 base de framboises.<\/p>\n","protected":false},"excerpt":{"rendered":"<p>100% poudre de fruits de framboises lyophilis\u00e9es, non tamis\u00e9es.<br \/>\nEmball\u00e9 dans un sachet refermable \u00e0 fond plat.<br \/>\nPour 100 g de framboises lyophilis\u00e9es, il faut jusqu&rsquo;\u00e0 900 g de fruits frais.<\/p>\n<p><span style=\"color: #5ea352;\">\u2764<\/span> Pour le muesli et le smoothie, dans le porridge ou comme en-cas<br \/>\n<span style=\"color: #5ea352;\">\u2764<\/span> Sans sucre ajout\u00e9 (contient naturellement du sucre)<br \/>\n<span style=\"color: #5ea352;\">\u2764<\/span> Sans conservateurs, ar\u00f4mes ni colorants<br \/>\n<span style=\"color: #5ea352;\">\u2764 <\/span>Ici, tu acc\u00e8des \u00e0 nos<\/p>\n<p>&nbsp;<\/p>\n","protected":false},"featured_media":102262,"template":"","meta":{"_seopress_robots_primary_cat":"210","_seopress_titles_title":"","_seopress_titles_desc":"","_seopress_robots_index":"","footnotes":""},"product_brand":[],"product_cat":[200,210],"product_tag":[],"class_list":{"0":"post-46099","1":"product","2":"type-product","3":"status-publish","4":"has-post-thumbnail","6":"product_cat-fruits-lyophilises","7":"product_cat-poudre-de-fruits","9":"first","10":"instock","11":"featured","12":"taxable","13":"shipping-taxable","14":"purchasable","15":"product-type-variable","16":"has-default-attributes"},"_links":{"self":[{"href":"https:\/\/www.nutripur.ch\/fr\/wp-json\/wp\/v2\/product\/46099","targetHints":{"allow":["GET"]}}],"collection":[{"href":"https:\/\/www.nutripur.ch\/fr\/wp-json\/wp\/v2\/product"}],"about":[{"href":"https:\/\/www.nutripur.ch\/fr\/wp-json\/wp\/v2\/types\/product"}],"version-history":[{"count":0,"href":"https:\/\/www.nutripur.ch\/fr\/wp-json\/wp\/v2\/product\/46099\/revisions"}],"wp:featuredmedia":[{"embeddable":true,"href":"https:\/\/www.nutripur.ch\/fr\/wp-json\/wp\/v2\/media\/102262"}],"wp:attachment":[{"href":"https:\/\/www.nutripur.ch\/fr\/wp-json\/wp\/v2\/media?parent=46099"}],"wp:term":[{"taxonomy":"product_brand","embeddable":true,"href":"https:\/\/www.nutripur.ch\/fr\/wp-json\/wp\/v2\/product_brand?post=46099"},{"taxonomy":"product_cat","embeddable":true,"href":"https:\/\/www.nutripur.ch\/fr\/wp-json\/wp\/v2\/product_cat?post=46099"},{"taxonomy":"product_tag","embeddable":true,"href":"https:\/\/www.nutripur.ch\/fr\/wp-json\/wp\/v2\/product_tag?post=46099"}],"curies":[{"name":"wp","href":"https:\/\/api.w.org\/{rel}","templated":true}]}}