{"id":46093,"date":"2015-08-11T22:03:35","date_gmt":"2015-08-11T22:03:35","guid":{"rendered":"https:\/\/www.nutripur.eu\/non%20class\u00e9\/softies-aux-fruits-uniquement\/"},"modified":"2025-02-06T21:35:01","modified_gmt":"2025-02-06T20:35:01","slug":"gelees-de-fruits-softies","status":"publish","type":"product","link":"https:\/\/www.nutripur.ch\/fr\/snacks-fr\/gelees-de-fruits-softies\/","title":{"rendered":"NUR fruits softies"},"content":{"rendered":"<p>Les Softies SEULEMENT aux fruits sont des friandises douces, v\u00e9g\u00e9taliennes &amp; sans gluten, compos\u00e9es d&rsquo;ingr\u00e9dients 100% naturels. Fabriqu\u00e9s \u00e0 partir de jus de fruits concentr\u00e9 &amp; de pur\u00e9e de fruits, les softies s\u00e9duisent par leur ar\u00f4me fruit\u00e9 intense. Ces provisions douces pour la route sont disponibles en deux d\u00e9licieuses vari\u00e9t\u00e9s : framboise &amp; pomme et banane, poire &amp; pomme.<\/p>\n<p>Les softies ne contiennent pas de sucres ajout\u00e9s ni d&rsquo;additifs et sont fabriqu\u00e9s SANS g\u00e9latine. Ils sont l&rsquo;alternative id\u00e9ale aux bonbons traditionnels comme les oursons g\u00e9lifi\u00e9s, les Sour Candy ou les Wine Gums. Gr\u00e2ce au sachet refermable de 35 g, ils sont pratiques \u00e0 emporter. Les 200 g constituent une r\u00e9serve id\u00e9ale pour la semaine.<\/p>\n<p><strong>UNIQUEMENT des snacks d\u00e9licieux !<\/strong><\/p>\n<p>&nbsp;<\/p>\n","protected":false},"excerpt":{"rendered":"<p>100% NATUREL !<br \/>\nLes softies fruit\u00e9s en deux d\u00e9licieuses vari\u00e9t\u00e9s. Fabriqu\u00e9 \u00e0 partir de jus et de pur\u00e9e de fruits.<\/p>\n<p><span style=\"color: #5ea352;\">\u2764<\/span> Framboise &amp; pomme avec crispies<br \/>\n<span style=\"color: #5ea352;\">\u2764<\/span> BIO groseille noire &amp; pomme<br \/>\n<span style=\"color: #5ea352;\">\u2764<\/span> Banane, poire &amp; pomme avec crispies<br \/>\n<span style=\"color: #5ea352;\">\u2764<\/span> BIO mangue, maracuja, orange &amp; pomme<br \/>\n<span style=\"color: #5ea352;\">\u2764<\/span> Sans sucre ajout\u00e9 (contient naturellement du sucre)<br \/>\n<span style=\"color: #5ea352;\">\u2764<\/span> Sans colorants ni conservateurs, selon la loi<br \/>\n<span style=\"color: #5ea352;\">\u2764<\/span> Sans g\u00e9latine<br \/>\n<span style=\"color: #5ea352;\">\u2764<\/span> V\u00e9g\u00e9talien<\/p>\n","protected":false},"featured_media":102947,"template":"","meta":{"_seopress_robots_primary_cat":"none","_seopress_titles_title":"","_seopress_titles_desc":"","_seopress_robots_index":"","footnotes":""},"product_brand":[],"product_cat":[209],"product_tag":[],"class_list":{"0":"post-46093","1":"product","2":"type-product","3":"status-publish","4":"has-post-thumbnail","6":"product_cat-snacks-fr","8":"first","9":"outofstock","10":"sale","11":"taxable","12":"shipping-taxable","13":"purchasable","14":"product-type-variable"},"_links":{"self":[{"href":"https:\/\/www.nutripur.ch\/fr\/wp-json\/wp\/v2\/product\/46093","targetHints":{"allow":["GET"]}}],"collection":[{"href":"https:\/\/www.nutripur.ch\/fr\/wp-json\/wp\/v2\/product"}],"about":[{"href":"https:\/\/www.nutripur.ch\/fr\/wp-json\/wp\/v2\/types\/product"}],"version-history":[{"count":0,"href":"https:\/\/www.nutripur.ch\/fr\/wp-json\/wp\/v2\/product\/46093\/revisions"}],"wp:featuredmedia":[{"embeddable":true,"href":"https:\/\/www.nutripur.ch\/fr\/wp-json\/wp\/v2\/media\/102947"}],"wp:attachment":[{"href":"https:\/\/www.nutripur.ch\/fr\/wp-json\/wp\/v2\/media?parent=46093"}],"wp:term":[{"taxonomy":"product_brand","embeddable":true,"href":"https:\/\/www.nutripur.ch\/fr\/wp-json\/wp\/v2\/product_brand?post=46093"},{"taxonomy":"product_cat","embeddable":true,"href":"https:\/\/www.nutripur.ch\/fr\/wp-json\/wp\/v2\/product_cat?post=46093"},{"taxonomy":"product_tag","embeddable":true,"href":"https:\/\/www.nutripur.ch\/fr\/wp-json\/wp\/v2\/product_tag?post=46093"}],"curies":[{"name":"wp","href":"https:\/\/api.w.org\/{rel}","templated":true}]}}