{"id":46038,"date":"2015-08-11T21:48:06","date_gmt":"2015-08-11T19:48:06","guid":{"rendered":"https:\/\/www.nutripur.eu\/non%20class\u00e9\/fruits-lyophilises-multi-vital\/"},"modified":"2025-02-06T21:39:56","modified_gmt":"2025-02-06T20:39:56","slug":"fruits-lyophilises-multi-vital","status":"publish","type":"product","link":"https:\/\/www.nutripur.ch\/fr\/bundles-offres\/fruits-lyophilises-multi-vital\/","title":{"rendered":"Fruits lyophilis\u00e9s, Multi Vital"},"content":{"rendered":"<p>Comme son nom l&rsquo;indique, \u00ab\u00a0Multi Vital\u00a0\u00bb concentre la puissance vitale des cranberries, des m\u00fbres, de l&rsquo;ananas, des framboises et des bananes. En tant que compl\u00e9ment flexible aux fruits frais, ce m\u00e9lange de fruits secs s&rsquo;int\u00e8gre parfaitement dans ton smoothie, ton muesli ou ton yaourt. Gr\u00e2ce au sachet refermable, les fruits lyophilis\u00e9s peuvent \u00eatre conserv\u00e9s de mani\u00e8re optimale.<\/p>\n<p>M\u00e9lange de fruits lyophilis\u00e9s \u00e0 base de canneberges, m\u00fbres, ananas, framboises et bananes, plein de go\u00fbt et d&rsquo;ar\u00f4me. Sans sucre ajout\u00e9, v\u00e9g\u00e9talien et non sulfur\u00e9. Fabriqu\u00e9 avec soin en Allemagne. Un d\u00e9licieux SNACK MIX de FRUITS lyophilis\u00e9 pour la route ou parfait pour les smoothies, les yaourts, les jus, le th\u00e9, dans les c\u00e9r\u00e9ales et le porridge ou le fitness shake !<\/p>\n<p>LA QUALIT\u00c9 que l&rsquo;on go\u00fbte: des fruits s\u00e9ch\u00e9s de premi\u00e8re qualit\u00e9 en sachets refermables de 25 g ou 100 g \u00e0 fond plat. Conservation \u00e0 l&rsquo;abri de l&rsquo;air pour pr\u00e9server l&rsquo;ar\u00f4me et la saveur des fruits secs.<\/p>\n<p>&nbsp;<\/p>\n","protected":false},"excerpt":{"rendered":"<p>100% de fruits ! M\u00e9lange de cranberries, m\u00fbres, ananas, framboises et bananes lyophilis\u00e9es.<br \/>\nEmball\u00e9 dans un sachet refermable \u00e0 fond plat.<br \/>\nPour 100 g de m\u00e9lange de fruits Multi Vital, il faut jusqu&rsquo;\u00e0 900 g de fruits frais.<\/p>\n<p><span style=\"color: #5ea352;\">\u2764<\/span> Pour le muesli et le smoothie, dans le porridge ou comme en-cas<br \/>\n<span style=\"color: #5ea352;\">\u2764<\/span> Sans sucre ajout\u00e9 (contient naturellement du sucre)<br \/>\n<span style=\"color: #5ea352;\">\u2764<\/span> Sans conservateurs, ar\u00f4mes ni colorants<br \/>\n<span style=\"color: #5ea352;\">\u2764<\/span> V\u00e9g\u00e9talien<\/p>\n","protected":false},"featured_media":104665,"template":"","meta":{"_seopress_robots_primary_cat":"none","_seopress_titles_title":"Commander en ligne des fruits lyophilis\u00e9s MultiVital","_seopress_titles_desc":"Nos fruits lyophilis\u00e9s MultiVital offrent de superbes ar\u00f4mes.\r\nCommandez ce merveilleux produit en ligne d\u00e8s aujourd'hui dans notre boutique !","_seopress_robots_index":"","footnotes":""},"product_brand":[],"product_cat":[200,211],"product_tag":[],"class_list":{"0":"post-46038","1":"product","2":"type-product","3":"status-publish","4":"has-post-thumbnail","6":"product_cat-fruits-lyophilises","7":"product_cat-bundles-offres","9":"first","10":"instock","11":"sale","12":"taxable","13":"shipping-taxable","14":"purchasable","15":"product-type-variable"},"_links":{"self":[{"href":"https:\/\/www.nutripur.ch\/fr\/wp-json\/wp\/v2\/product\/46038","targetHints":{"allow":["GET"]}}],"collection":[{"href":"https:\/\/www.nutripur.ch\/fr\/wp-json\/wp\/v2\/product"}],"about":[{"href":"https:\/\/www.nutripur.ch\/fr\/wp-json\/wp\/v2\/types\/product"}],"version-history":[{"count":0,"href":"https:\/\/www.nutripur.ch\/fr\/wp-json\/wp\/v2\/product\/46038\/revisions"}],"wp:featuredmedia":[{"embeddable":true,"href":"https:\/\/www.nutripur.ch\/fr\/wp-json\/wp\/v2\/media\/104665"}],"wp:attachment":[{"href":"https:\/\/www.nutripur.ch\/fr\/wp-json\/wp\/v2\/media?parent=46038"}],"wp:term":[{"taxonomy":"product_brand","embeddable":true,"href":"https:\/\/www.nutripur.ch\/fr\/wp-json\/wp\/v2\/product_brand?post=46038"},{"taxonomy":"product_cat","embeddable":true,"href":"https:\/\/www.nutripur.ch\/fr\/wp-json\/wp\/v2\/product_cat?post=46038"},{"taxonomy":"product_tag","embeddable":true,"href":"https:\/\/www.nutripur.ch\/fr\/wp-json\/wp\/v2\/product_tag?post=46038"}],"curies":[{"name":"wp","href":"https:\/\/api.w.org\/{rel}","templated":true}]}}