{"id":45986,"date":"2015-08-11T21:27:36","date_gmt":"2015-08-11T21:27:36","guid":{"rendered":"https:\/\/www.nutripur.eu\/non%20class\u00e9\/framboises-lyophilisees\/"},"modified":"2025-04-06T19:12:56","modified_gmt":"2025-04-06T17:12:56","slug":"framboises","status":"publish","type":"product","link":"https:\/\/www.nutripur.ch\/fr\/bundles-offres\/framboises\/","title":{"rendered":"Framboises lyophilis\u00e9es"},"content":{"rendered":"<p>Les framboises &#8211; \u00e9galement appel\u00e9es \u00ab\u00a0reine des baies\u00a0\u00bb &#8211; enchantent par leur go\u00fbt subtilement sucr\u00e9. Un excellent compl\u00e9ment aux fruits frais. Agr\u00e9mente ton muesli, ton smoothie et ton yaourt ou savoure les <a>framboises lyophilis\u00e9es<\/a> \u00e0 l&rsquo;\u00e9tat pur. Gr\u00e2ce au sachet refermable, les fruits peuvent \u00eatre conserv\u00e9s de mani\u00e8re optimale.<\/p>\n<p>Pour 100 g de framboises lyophilis\u00e9es, il faut jusqu&rsquo;\u00e0 900 g de fruits frais.<\/p>\n<p>Framboises s\u00e9ch\u00e9es avec soin, pleines de go\u00fbt et d&rsquo;ar\u00f4me. Fruits secs sans sucre ajout\u00e9, naturellement v\u00e9g\u00e9taliens et non sulfur\u00e9s. Fabriqu\u00e9 avec soin en Allemagne. Un d\u00e9licieux SNACK FRUIT aux framboises pour la route ou parfait pour un smoothie, un jus de baies, un th\u00e9 aux baies, dans le muesli et le porridge ou un fitness shake ! Une QUALIT\u00c9 qui se sent. Ces baies premium sont s\u00e9ch\u00e9es dans des sachets refermables de 25 g ou 100 g \u00e0 fond plat. Conservation \u00e0 l&rsquo;abri de l&rsquo;air pour pr\u00e9server l&rsquo;ar\u00f4me et la saveur des baies s\u00e9ch\u00e9es.<\/p>\n<p><strong>Framboises lyophilis\u00e9es\u00a0 &#8211; naturellement aromatiques<\/strong><\/p>\n<p>La framboise &#8211; l&rsquo;un des plus anciens fruits cultiv\u00e9s en Allemagne. Petits fruits sucr\u00e9s et acidul\u00e9s, issus \u00e0 l&rsquo;origine de la framboise des bois europ\u00e9enne, ils sont devenus indispensables au menu estival de nombreuses personnes. Mais gr\u00e2ce \u00e0 notre variante lyophilis\u00e9e, tu ne dois pas renoncer aux d\u00e9licieuses framboises Hhhhh, m\u00eame pendant la saison froide &#8211; vitamines et go\u00fbt frais et g\u00e9n\u00e9reux inclus.<\/p>\n<p>Comme petit en-cas, comme touche de couleur dans ton muesli, ton porridge ou ton yaourt, ou encore sous forme de poudre moulue comme base du smoothie du matin &#8211; les framboises lyophilis\u00e9es Hhhhh de NnnnutriPur sont le compl\u00e9ment parfait d&rsquo;une alimentation consciente et une exp\u00e9rience gustative croquante \u00e0 tout moment de la journ\u00e9e.<\/p>\n","protected":false},"excerpt":{"rendered":"<p>100% de framboises lyophilis\u00e9es.<br \/>\nEmball\u00e9 dans un sachet refermable \u00e0 fond plat.<br \/>\nPour 100 g de framboises lyophilis\u00e9es, il faut jusqu&rsquo;\u00e0 900 g de baies fra\u00eeches.<\/p>\n<p><span style=\"color: #5ea352;\">\u2764<\/span> Pour le muesli et le smoothie, dans le porridge ou comme en-cas<br \/>\n<span style=\"color: #5ea352;\">\u2764<\/span> Sans sucre ajout\u00e9 (contient naturellement du sucre)<br \/>\n<span style=\"color: #5ea352;\">\u2764<\/span> Sans conservateurs, ar\u00f4mes ni colorants<\/p>\n","protected":false},"featured_media":101354,"template":"","meta":{"_seopress_robots_primary_cat":"none","_seopress_titles_title":"Commander des framboises s\u00e9ch\u00e9es en ligne d\u00e8s maintenant","_seopress_titles_desc":"Des framboises lyophilis\u00e9es pour compl\u00e9ter les fruits frais. Superbe qualit\u00e9, prix avantageux. Achetez maintenant en ligne chez NutriPur.","_seopress_robots_index":"","footnotes":""},"product_brand":[],"product_cat":[200,211],"product_tag":[],"class_list":{"0":"post-45986","1":"product","2":"type-product","3":"status-publish","4":"has-post-thumbnail","6":"product_cat-fruits-lyophilises","7":"product_cat-bundles-offres","9":"first","10":"instock","11":"sale","12":"featured","13":"taxable","14":"shipping-taxable","15":"purchasable","16":"product-type-variable"},"_links":{"self":[{"href":"https:\/\/www.nutripur.ch\/fr\/wp-json\/wp\/v2\/product\/45986","targetHints":{"allow":["GET"]}}],"collection":[{"href":"https:\/\/www.nutripur.ch\/fr\/wp-json\/wp\/v2\/product"}],"about":[{"href":"https:\/\/www.nutripur.ch\/fr\/wp-json\/wp\/v2\/types\/product"}],"version-history":[{"count":0,"href":"https:\/\/www.nutripur.ch\/fr\/wp-json\/wp\/v2\/product\/45986\/revisions"}],"wp:featuredmedia":[{"embeddable":true,"href":"https:\/\/www.nutripur.ch\/fr\/wp-json\/wp\/v2\/media\/101354"}],"wp:attachment":[{"href":"https:\/\/www.nutripur.ch\/fr\/wp-json\/wp\/v2\/media?parent=45986"}],"wp:term":[{"taxonomy":"product_brand","embeddable":true,"href":"https:\/\/www.nutripur.ch\/fr\/wp-json\/wp\/v2\/product_brand?post=45986"},{"taxonomy":"product_cat","embeddable":true,"href":"https:\/\/www.nutripur.ch\/fr\/wp-json\/wp\/v2\/product_cat?post=45986"},{"taxonomy":"product_tag","embeddable":true,"href":"https:\/\/www.nutripur.ch\/fr\/wp-json\/wp\/v2\/product_tag?post=45986"}],"curies":[{"name":"wp","href":"https:\/\/api.w.org\/{rel}","templated":true}]}}