{"id":45978,"date":"2015-08-11T21:21:23","date_gmt":"2015-08-11T19:21:23","guid":{"rendered":"https:\/\/www.nutripur.eu\/non%20class\u00e9\/myrtilles-lyophilisees\/"},"modified":"2025-02-07T12:03:12","modified_gmt":"2025-02-07T11:03:12","slug":"myrtilles_bleuets","status":"publish","type":"product","link":"https:\/\/www.nutripur.ch\/fr\/fruits-lyophilises\/myrtilles_bleuets\/","title":{"rendered":"Myrtilles lyophilis\u00e9es"},"content":{"rendered":"<p>On se tourne souvent vers le vaste monde pour savoir quel sera le prochain superaliment \u00e0 importer et quels sont les bienfaits de nombreuses plantes. Cependant, nous oublions souvent de regarder devant notre porte et dans notre jardin. Les baies locales, en particulier les myrtilles, ont \u00e9galement un effet positif sur notre corps et constituent donc un superaliment r\u00e9gional.<\/p>\n<p>Les myrtilles contiennent beaucoup de polyph\u00e9nols, des substances v\u00e9g\u00e9tales secondaires qui soutiennent le m\u00e9tabolisme cellulaire, luttent contre les inflammations et renforcent notre syst\u00e8me immunitaire. En outre, la myrtille contient de la vitamine C, du zinc, de l&rsquo;acide folique et du fer, ainsi que des vitamines et des oligo-\u00e9l\u00e9ments importants qui ont une influence consid\u00e9rable sur notre corps et qui servent \u00e9galement de co-facteurs pour notre syst\u00e8me immunitaire.<\/p>\n<p>Agr\u00e9mente ton muesli, ton smoothie et ton yaourt ou savoure les myrtilles \u00e0 l&rsquo;\u00e9tat pur. Gr\u00e2ce au sachet refermable, les fruits peuvent \u00eatre conserv\u00e9s de mani\u00e8re optimale.<\/p>\n<p>Myrtilles lyophilis\u00e9es Myrtilles, pleines de go\u00fbt et d&rsquo;ar\u00f4me. Fruits secs sans sucre ajout\u00e9, naturellement v\u00e9g\u00e9taliens et non sulfur\u00e9s. Fabriqu\u00e9 avec soin en Allemagne. Un d\u00e9licieux SNACK FRUIT aux myrtilles pour la route ou parfait pour un smoothie, un jus de baies, un th\u00e9 aux baies, dans le muesli et le porridge ou un fitness shake ! Une QUALIT\u00c9 qui se savoure. Ces myrtilles premium sont disponibles s\u00e9ch\u00e9es en sachets refermables de 25 g ou 100 g \u00e0 fond plat.<\/p>\n<p>Conservation \u00e0 l&rsquo;abri de l&rsquo;air pour pr\u00e9server l&rsquo;ar\u00f4me et la saveur des myrtilles s\u00e9ch\u00e9es.<\/p>\n","protected":false},"excerpt":{"rendered":"<p>100% myrtilles de culture lyophilis\u00e9es, myrtilles.<br \/>\nEmball\u00e9 dans un sachet refermable \u00e0 fond plat.<br \/>\nPour 100 g de myrtilles lyophilis\u00e9es, il faut jusqu&rsquo;\u00e0 900 g de fruits frais.<\/p>\n<p><span style=\"color: #5ea352;\">\u2764<\/span> Pour le muesli et le smoothie, dans le porridge ou comme en-cas<br \/>\n<span style=\"color: #5ea352;\">\u2764<\/span> Sans sucre ajout\u00e9 (contient naturellement du sucre)<br \/>\n<span style=\"color: #5ea352;\">\u2764<\/span> Sans conservateurs, ar\u00f4mes ni colorants<\/p>\n","protected":false},"featured_media":101318,"template":"","meta":{"_seopress_robots_primary_cat":"none","_seopress_titles_title":"Myrtilles, lyophilis\u00e9es. Fruits secs en ligne chez","_seopress_titles_desc":"Myrtilles, lyophilis\u00e9es - \u00e0 partir de 25 g \/ 3,50 \u20ac (14,00 \u20ac\/100 g). Acheter des fruits lyophilis\u00e9s dans un grand choix chez NutriPur. Fraises, framboises, cranberries","_seopress_robots_index":"","footnotes":""},"product_brand":[],"product_cat":[200],"product_tag":[],"class_list":{"0":"post-45978","1":"product","2":"type-product","3":"status-publish","4":"has-post-thumbnail","6":"product_cat-fruits-lyophilises","8":"first","9":"instock","10":"taxable","11":"shipping-taxable","12":"purchasable","13":"product-type-variable","14":"has-default-attributes"},"_links":{"self":[{"href":"https:\/\/www.nutripur.ch\/fr\/wp-json\/wp\/v2\/product\/45978","targetHints":{"allow":["GET"]}}],"collection":[{"href":"https:\/\/www.nutripur.ch\/fr\/wp-json\/wp\/v2\/product"}],"about":[{"href":"https:\/\/www.nutripur.ch\/fr\/wp-json\/wp\/v2\/types\/product"}],"version-history":[{"count":0,"href":"https:\/\/www.nutripur.ch\/fr\/wp-json\/wp\/v2\/product\/45978\/revisions"}],"wp:featuredmedia":[{"embeddable":true,"href":"https:\/\/www.nutripur.ch\/fr\/wp-json\/wp\/v2\/media\/101318"}],"wp:attachment":[{"href":"https:\/\/www.nutripur.ch\/fr\/wp-json\/wp\/v2\/media?parent=45978"}],"wp:term":[{"taxonomy":"product_brand","embeddable":true,"href":"https:\/\/www.nutripur.ch\/fr\/wp-json\/wp\/v2\/product_brand?post=45978"},{"taxonomy":"product_cat","embeddable":true,"href":"https:\/\/www.nutripur.ch\/fr\/wp-json\/wp\/v2\/product_cat?post=45978"},{"taxonomy":"product_tag","embeddable":true,"href":"https:\/\/www.nutripur.ch\/fr\/wp-json\/wp\/v2\/product_tag?post=45978"}],"curies":[{"name":"wp","href":"https:\/\/api.w.org\/{rel}","templated":true}]}}