{"id":45931,"date":"2015-08-11T20:32:47","date_gmt":"2015-08-11T18:32:47","guid":{"rendered":"https:\/\/www.nutripur.eu\/non%20class\u00e9\/mangue-lyophilisee\/"},"modified":"2025-02-07T10:54:11","modified_gmt":"2025-02-07T09:54:11","slug":"mangue-lyophilisee","status":"publish","type":"product","link":"https:\/\/www.nutripur.ch\/fr\/fruits-lyophilises\/mangue-lyophilisee\/","title":{"rendered":"Mangue lyophilis\u00e9e"},"content":{"rendered":"<p>Il y a 4000 ans, les Indiens cultivaient d\u00e9j\u00e0 des mangues le long du fleuve Gange. De nos jours, ce fruit tropical tr\u00e8s appr\u00e9ci\u00e9 est disponible partout chez nous. Les manguiers peuvent atteindre une hauteur de 30 m\u00e8tres et certains de leurs fruits p\u00e8sent jusqu&rsquo;\u00e0 3 kg.<\/p>\n<p>La mangue est \u00e0 l&rsquo;origine un fruit subtropical qui ne pousse pas sous nos latitudes. Pourtant, c&rsquo;est un fruit tr\u00e8s particulier. La mangue, comme d&rsquo;autres fruits tropicaux, a la particularit\u00e9 de contenir du ribose. Le ribose est un sucre qui ne n\u00e9cessite pas de s\u00e9cr\u00e9tion d&rsquo;insuline pour \u00eatre absorb\u00e9 par la cellule et peut donc \u00eatre directement transform\u00e9 en ATP, \u00e9nergie. Notre corps poss\u00e8de \u00e9galement cette capacit\u00e9 de produire lui-m\u00eame du ribose, mais seulement en quantit\u00e9s limit\u00e9es.<\/p>\n<p>La mangue est donc un en-cas optimal avant les comp\u00e9titions ou les s\u00e9ances d&rsquo;entra\u00eenement, car elle fournit rapidement de l&rsquo;\u00e9nergie et de la puissance. De plus, la mangue contient beaucoup de fibres, ce qui donne un peu d&rsquo;occupation et de travail \u00e0 nos bact\u00e9ries intestinales. Elle est \u00e9galement facile \u00e0 dig\u00e9rer et convient \u00e9galement aux enfants et aux adolescents.<\/p>\n<p>&nbsp;<\/p>\n<p>Tous ces avantages du fruit sont conserv\u00e9s lors de la lyophilisation. Les fruits sont r\u00e9colt\u00e9s, puis l&rsquo;eau est extraite. Cela permet de garantir la fra\u00eecheur des fruits et de pr\u00e9server toute la diversit\u00e9 des min\u00e9raux, des vitamines et des oligo-\u00e9l\u00e9ments. La mangue lyophilis\u00e9e est donc un en-cas \u00e9nerg\u00e9tique qui apporte beaucoup d&rsquo;\u00e9nergie \u00e0 l&rsquo;organisme.<br \/>\nla vie quotidienne.<\/p>\n<p>Les morceaux de mangue lyophilis\u00e9s sont un excellent compl\u00e9ment aux fruits frais. Agr\u00e9mente ton muesli, ton smoothie et ton yaourt ou savoure les morceaux de mangue s\u00e9ch\u00e9e \u00e0 l&rsquo;\u00e9tat pur. Gr\u00e2ce au sachet refermable, les fruits peuvent \u00eatre conserv\u00e9s de mani\u00e8re optimale.<\/p>\n<p>Morceaux de mangue lyophilis\u00e9s, pleins de saveur et d&rsquo;ar\u00f4me. Fruits secs sans sucre ajout\u00e9, naturellement v\u00e9g\u00e9taliens et non sulfur\u00e9s. S\u00e9ch\u00e9 en douceur en Allemagne. Un d\u00e9licieux SNACK FRUIT MANGUE pour la route ou parfait pour un smoothie, un muesli, un porridge ou un fitness shake ! Une QUALIT\u00c9 qui se go\u00fbte. Ces mangues Premium sont disponibles s\u00e9ch\u00e9es en sachets refermables de 25 g ou 100 g \u00e0 fond plat. Conservation \u00e0 l&rsquo;abri de l&rsquo;air pour pr\u00e9server l&rsquo;ar\u00f4me et la saveur des morceaux de mangue s\u00e9ch\u00e9e.<\/p>\n","protected":false},"excerpt":{"rendered":"<p>100% de mangue lyophilis\u00e9e, morceaux.<br \/>\nEmball\u00e9 dans un sachet refermable \u00e0 fond plat.<br \/>\nPour 100 g de mangue lyophilis\u00e9e, il faut jusqu&rsquo;\u00e0 900 g de fruits frais.<\/p>\n<p><span style=\"color: #5ea352;\">\u2764<\/span> Pour le muesli et le smoothie, dans le porridge ou comme en-cas<br \/>\n<span style=\"color: #5ea352;\">\u2764<\/span> Sans sucre ajout\u00e9 (contient naturellement du sucre)<br \/>\n<span style=\"color: #5ea352;\">\u2764<\/span> Sans conservateurs, ni ar\u00f4mes, ni colorants<\/p>\n","protected":false},"featured_media":105765,"template":"","meta":{"_seopress_robots_primary_cat":"none","_seopress_titles_title":"Acheter de la mangue lyophilis\u00e9e en ligne","_seopress_titles_desc":"Une fabuleuse mangue lyophilis\u00e9e pour un plaisir irr\u00e9sistible.\r\nProcurez-vous d\u00e8s maintenant en ligne ce fabuleux snack d\u00e9shydrat\u00e9 dans notre boutique.","_seopress_robots_index":"","footnotes":""},"product_brand":[],"product_cat":[200],"product_tag":[],"class_list":{"0":"post-45931","1":"product","2":"type-product","3":"status-publish","4":"has-post-thumbnail","6":"product_cat-fruits-lyophilises","8":"first","9":"instock","10":"featured","11":"taxable","12":"shipping-taxable","13":"purchasable","14":"product-type-variable"},"_links":{"self":[{"href":"https:\/\/www.nutripur.ch\/fr\/wp-json\/wp\/v2\/product\/45931","targetHints":{"allow":["GET"]}}],"collection":[{"href":"https:\/\/www.nutripur.ch\/fr\/wp-json\/wp\/v2\/product"}],"about":[{"href":"https:\/\/www.nutripur.ch\/fr\/wp-json\/wp\/v2\/types\/product"}],"version-history":[{"count":0,"href":"https:\/\/www.nutripur.ch\/fr\/wp-json\/wp\/v2\/product\/45931\/revisions"}],"wp:featuredmedia":[{"embeddable":true,"href":"https:\/\/www.nutripur.ch\/fr\/wp-json\/wp\/v2\/media\/105765"}],"wp:attachment":[{"href":"https:\/\/www.nutripur.ch\/fr\/wp-json\/wp\/v2\/media?parent=45931"}],"wp:term":[{"taxonomy":"product_brand","embeddable":true,"href":"https:\/\/www.nutripur.ch\/fr\/wp-json\/wp\/v2\/product_brand?post=45931"},{"taxonomy":"product_cat","embeddable":true,"href":"https:\/\/www.nutripur.ch\/fr\/wp-json\/wp\/v2\/product_cat?post=45931"},{"taxonomy":"product_tag","embeddable":true,"href":"https:\/\/www.nutripur.ch\/fr\/wp-json\/wp\/v2\/product_tag?post=45931"}],"curies":[{"name":"wp","href":"https:\/\/api.w.org\/{rel}","templated":true}]}}