{"id":45825,"date":"2020-08-19T14:52:27","date_gmt":"2020-08-19T12:52:27","guid":{"rendered":"https:\/\/www.nutripur.eu\/conditions-generales-de-vente\/"},"modified":"2025-02-07T17:56:02","modified_gmt":"2025-02-07T16:56:02","slug":"conditions-generales-de-vente","status":"publish","type":"page","link":"https:\/\/www.nutripur.ch\/fr\/conditions-generales-de-vente\/","title":{"rendered":"Conditions g\u00e9n\u00e9rales de vente"},"content":{"rendered":"<h3>Conditions g\u00e9n\u00e9rales de vente<\/h3>\n<p><strong>1. domaine d&rsquo;application<br \/>\n<\/strong>Les CGV suivantes s&rsquo;appliquent \u00e0 toutes les commandes pass\u00e9es via notre boutique en ligne. Notre boutique en ligne s&rsquo;adresse exclusivement aux consommateurs.<br \/>\nPour l&rsquo;Allemagne, les consommateurs sont autoris\u00e9s \u00e0 acheter des produits en vertu de la loi sur la protection des consommateurs. \u00a7 13 BGB, toute personne physique qui conclut un acte juridique \u00e0 des fins qui, pour la plupart, ne peuvent \u00eatre imput\u00e9es ni \u00e0 son activit\u00e9 commerciale ni \u00e0 son activit\u00e9 professionnelle ind\u00e9pendante.<br \/>\nPour l&rsquo;Autriche : dans les conditions suivantes, on entend par \u00ab\u00a0consommateur\u00a0\u00bb le \u00ab\u00a0consommateur\u00a0\u00bb au sens de la loi sur la protection des consommateurs (KSchG).<\/p>\n<p><strong>2. partie contractante, conclusion du contrat<br \/>\n<\/strong>Le contrat de vente est conclu avec NutriPur GmbH.<\/p>\n<p>En pla\u00e7ant les produits dans la boutique en ligne, nous faisons une offre ferme pour la conclusion d&rsquo;un contrat concernant ces articles. Vous pouvez tout d&rsquo;abord placer nos produits dans le panier sans engagement et corriger \u00e0 tout moment vos saisies avant d&rsquo;envoyer votre commande ferme en utilisant les aides \u00e0 la correction pr\u00e9vues et expliqu\u00e9es \u00e0 cet effet dans le processus de commande. Le contrat est conclu lorsque vous acceptez l&rsquo;offre concernant les marchandises contenues dans le panier en cliquant sur le bouton de commande. Imm\u00e9diatement apr\u00e8s l&rsquo;envoi de la commande, vous recevrez une nouvelle confirmation par e-mail.<\/p>\n<p><strong>3. langue du contrat, enregistrement du texte du contrat<\/strong><br \/>\nLes langues disponibles pour la conclusion du contrat sont l&rsquo;allemand, l&rsquo;anglais et le fran\u00e7ais.<\/p>\n<p>Nous enregistrons le texte du contrat et vous envoyons les donn\u00e9es de la commande et nos CGV par e-mail. Vous pouvez consulter le texte du contrat dans notre login client.<\/p>\n<p><strong>4. conditions de livraison<br \/>\n<\/strong>Les frais de livraison s&rsquo;ajoutent aux prix des produits indiqu\u00e9s. Pour plus de d\u00e9tails sur le montant des frais de port, consultez les offres.<\/p>\n<p>Nous ne livrons que par correspondance. Il n&rsquo;est malheureusement pas possible d&rsquo;aller chercher soi-m\u00eame la marchandise.<\/p>\n<p><strong>5. paiement<br \/>\n<\/strong>Dans notre boutique, vous disposez en principe des modes de paiement suivants :<\/p>\n<p><strong>Paiement anticip\u00e9<\/strong><br \/>\nSi vous choisissez le paiement anticip\u00e9, nous vous communiquerons nos coordonn\u00e9es bancaires dans un e-mail s\u00e9par\u00e9 et nous vous livrerons la marchandise apr\u00e8s r\u00e9ception du paiement.<\/p>\n<p><strong>PayPal Plus<\/strong><\/p>\n<p>En collaboration avec le prestataire de services de paiement PayPal (Europe) S.\u00e0 r.l. et Cie, S.C.A, 22-24 Boulevard Royal, L-2449 Luxembourg (\u00ab\u00a0PayPal\u00a0\u00bb), nous vous proposons les options de paiement suivantes en tant que services PayPal. Sauf disposition contraire ci-apr\u00e8s, le paiement via PayPal ne n\u00e9cessite pas d&rsquo;enregistrement aupr\u00e8s de PayPal. Vous trouverez de plus amples informations dans l&rsquo;option de paiement correspondante et dans le processus de commande.<br \/>\n<strong>PayPal<\/strong><br \/>\nPour pouvoir payer le montant de la facture via l&rsquo;option de paiement PayPal, vous devez \u00eatre enregistr\u00e9 aupr\u00e8s de PayPal, vous l\u00e9gitimer avec vos donn\u00e9es d&rsquo;acc\u00e8s et confirmer l&rsquo;ordre de paiement. La transaction de paiement est effectu\u00e9e par PayPal imm\u00e9diatement apr\u00e8s la passation de la commande.<br \/>\nPayPal peut proposer aux clients PayPal enregistr\u00e9s et s\u00e9lectionn\u00e9s selon ses propres crit\u00e8res d&rsquo;autres modalit\u00e9s de paiement dans le compte client. Nous n&rsquo;avons toutefois aucune influence sur l&rsquo;offre de ces modalit\u00e9s ; d&rsquo;autres modalit\u00e9s de paiement propos\u00e9es individuellement concernent votre relation juridique avec PayPal. Vous trouverez plus d&rsquo;informations \u00e0 ce sujet dans votre compte PayPal.<br \/>\n<strong>Carte de cr\u00e9dit via PayPal<\/strong><br \/>\nVotre carte sera d\u00e9bit\u00e9e par PayPal apr\u00e8s l&rsquo;envoi de la marchandise.<br \/>\n<strong>Achat sur facture via PayPal<\/strong><br \/>\nL&rsquo;achat sur facture via PayPal suppose une v\u00e9rification de l&rsquo;adresse et de la solvabilit\u00e9 et s&rsquo;effectue directement aupr\u00e8s de PayPal.<\/p>\n<p><strong>Imm\u00e9diatement by klarna<\/strong><br \/>\nApr\u00e8s avoir pass\u00e9 votre commande, vous serez redirig\u00e9 vers le site web du fournisseur en ligne Sofort GmbH. Pour pouvoir payer le montant de la facture via Sofort, vous devez disposer d&rsquo;un compte bancaire activ\u00e9 pour les op\u00e9rations bancaires en ligne, vous l\u00e9gitimer en cons\u00e9quence et confirmer l&rsquo;ordre de paiement \u00e0 notre intention. Vous trouverez d&rsquo;autres indications lors du processus de commande. La transaction de paiement est effectu\u00e9e imm\u00e9diatement apr\u00e8s par Sofort et votre compte est d\u00e9bit\u00e9.<\/p>\n<p><strong>6. garantie et garanties<br \/>\n<\/strong>Le droit l\u00e9gal de la garantie des vices cach\u00e9s s&rsquo;applique. Les informations sur les garanties suppl\u00e9mentaires \u00e9ventuellement applicables et leurs conditions exactes figurent sur le produit et sur des pages d&rsquo;information sp\u00e9cifiques dans la boutique en ligne.<\/p>\n<p><strong>5. paiement<br \/>\n<\/strong>Dans notre boutique, vous disposez en principe des modes de paiement suivants :<\/p>\n<ul>\n<li>Trusted Shops<a href=\"https:\/\/www.trustedshops.com\/tsdocument\/TS_QUALITY_CRITERIA_de.pdf\" target=\"_blank\" rel=\"noopener\">(https:\/\/www.trustedshops.com\/tsdocument\/TS_QUALITY_CRITERIA_de.pdf<\/a><\/li>\n<\/ul>\n<p><strong>8. accord pour l&rsquo;utilisation de la Protection acheteurs Trusted Shops<\/strong><\/p>\n<p>Vous pouvez prot\u00e9ger gratuitement les commandes pass\u00e9es chez nous jusqu&rsquo;\u00e0 un montant de 100 euros via la Protection acheteurs de Trusted Shops AG. En outre, Trusted Shops propose une couverture payante en collaboration avec un garant. Les conditions de protection des acheteurs de Trusted Shops s&rsquo;appliquent, vous les trouverez <a href=\"https:\/\/www.trustedshops.com\/tsdocument\/BUYER_AUTO_PROTECTION_TERMS_de.pdf\" target=\"_blank\" rel=\"noreferrer noopener\">ici<\/a>. La conclusion de la Protection acheteurs s&rsquo;effectue en cliquant sur le bouton correspondant de la Trustcard, qui appara\u00eet sous forme de pop-up sur la page de remerciement de la commande apr\u00e8s l&rsquo;ex\u00e9cution de celle-ci. Pour pouvoir vous offrir la Protection acheteurs, la Trustcard doit avoir acc\u00e8s aux donn\u00e9es de la commande qui sont stock\u00e9es dans la m\u00e9moire tampon de votre navigateur. L&rsquo;acc\u00e8s est uniquement local et aucune donn\u00e9e de commande n&rsquo;est transmise \u00e0 Trusted Shops avant que vous ne vous d\u00e9cidiez activement pour la Protection acheteurs ou que vous n&rsquo;ayez consenti \u00e0 la transmission de donn\u00e9es de commande \u00e0 Trusted Shops. Si vous avez donn\u00e9 votre accord, une valeur de hachage de votre adresse e-mail ainsi que le num\u00e9ro de commande et le montant de la commande sont transmis \u00e0 Trusted Shops. Si vous \u00eates d\u00e9j\u00e0 inscrit \u00e0 la Protection acheteurs, votre commande sera automatiquement s\u00e9curis\u00e9e. Si vous n&rsquo;\u00eates pas encore inscrit \u00e0 la Protection acheteurs, vous pouvez vous inscrire via la Trustcard comme d\u00e9crit ci-dessus. Les informations relatives \u00e0 la protection des donn\u00e9es chez Trusted Shops sont jointes aux conditions de protection des acheteurs dont le lien figure ci-dessus.<\/p>\n<p><strong>9. r\u00e8glement des litiges<\/strong><br \/>\nLa Commission europ\u00e9enne met \u00e0 disposition une plateforme de r\u00e8glement en ligne des litiges (RLL) que vous trouverez ici <a href=\"https:\/\/ec.europa.eu\/consumers\/odr\/\" target=\"_blank\" rel=\"noopener noreferrer\">https:\/\/ec.europa.eu\/consumers\/odr\/.<\/a><br \/>\nNous sommes pr\u00eats \u00e0 participer \u00e0 une proc\u00e9dure de conciliation extrajudiciaire devant un organisme de conciliation des consommateurs.<br \/>\nL&rsquo;organisme comp\u00e9tent est l&rsquo;Office f\u00e9d\u00e9ral universel de conciliation, situ\u00e9 au Zentrum f\u00fcr Schlichtung e.V., Strassburger Stra\u00dfe 8, 77694 Kehl am Rhein, <a href=\"http:\/\/www.universalschlichtungsstelle.de\/\" target=\"_blank\" rel=\"noopener noreferrer\">www.universalschlichtungsstelle.de.<\/a><\/p>\n<p>CGV r\u00e9dig\u00e9es avec le r\u00e9dacteur juridique de Trusted Shops<\/p>\n","protected":false},"excerpt":{"rendered":"<p>Conditions g\u00e9n\u00e9rales de vente 1. domaine d&rsquo;application Les CGV suivantes s&rsquo;appliquent \u00e0 toutes les commandes pass\u00e9es via notre boutique en ligne. Notre boutique en ligne s&rsquo;adresse exclusivement aux consommateurs. Pour l&rsquo;Allemagne, les consommateurs sont autoris\u00e9s \u00e0 acheter des produits en vertu de la loi sur la protection des consommateurs. \u00a7 13 BGB, toute personne physique &hellip;<\/p>\n","protected":false},"author":1,"featured_media":0,"parent":0,"menu_order":0,"comment_status":"closed","ping_status":"closed","template":"","meta":{"_seopress_robots_primary_cat":"","_seopress_titles_title":"","_seopress_titles_desc":"","_seopress_robots_index":"","footnotes":""},"class_list":["post-45825","page","type-page","status-publish","hentry"],"_links":{"self":[{"href":"https:\/\/www.nutripur.ch\/fr\/wp-json\/wp\/v2\/pages\/45825","targetHints":{"allow":["GET"]}}],"collection":[{"href":"https:\/\/www.nutripur.ch\/fr\/wp-json\/wp\/v2\/pages"}],"about":[{"href":"https:\/\/www.nutripur.ch\/fr\/wp-json\/wp\/v2\/types\/page"}],"author":[{"embeddable":true,"href":"https:\/\/www.nutripur.ch\/fr\/wp-json\/wp\/v2\/users\/1"}],"replies":[{"embeddable":true,"href":"https:\/\/www.nutripur.ch\/fr\/wp-json\/wp\/v2\/comments?post=45825"}],"version-history":[{"count":0,"href":"https:\/\/www.nutripur.ch\/fr\/wp-json\/wp\/v2\/pages\/45825\/revisions"}],"wp:attachment":[{"href":"https:\/\/www.nutripur.ch\/fr\/wp-json\/wp\/v2\/media?parent=45825"}],"curies":[{"name":"wp","href":"https:\/\/api.w.org\/{rel}","templated":true}]}}