{"id":45823,"date":"2020-07-10T20:53:43","date_gmt":"2020-07-10T18:53:43","guid":{"rendered":"https:\/\/www.nutripur.eu\/a-propos-de-nutripur\/"},"modified":"2025-02-07T11:27:33","modified_gmt":"2025-02-07T10:27:33","slug":"a-propos-de-nutripur","status":"publish","type":"page","link":"https:\/\/www.nutripur.ch\/fr\/a-propos-de-nutripur\/","title":{"rendered":"\u00c0 propos de NutriPur"},"content":{"rendered":"\t\t<div data-elementor-type=\"wp-page\" data-elementor-id=\"45823\" class=\"elementor elementor-45823 elementor-6306\" data-elementor-post-type=\"page\">\n\t\t\t\t<div class=\"elementor-element elementor-element-58280fa e-flex e-con-boxed e-con e-parent\" data-id=\"58280fa\" data-element_type=\"container\" data-e-type=\"container\">\n\t\t\t\t\t<div class=\"e-con-inner\">\n\t\t\t\t<div class=\"elementor-element elementor-element-198b3b5 elementor-widget elementor-widget-heading\" data-id=\"198b3b5\" data-element_type=\"widget\" data-e-type=\"widget\" data-widget_type=\"heading.default\">\n\t\t\t\t<div class=\"elementor-widget-container\">\n\t\t\t\t\t<h1 class=\"elementor-heading-title elementor-size-default\">Pourquoi acheter les fruits lyophilis\u00e9s NutriPur en ligne ?\n<\/h1>\t\t\t\t<\/div>\n\t\t\t\t<\/div>\n\t\t<div class=\"elementor-element elementor-element-7ee7067 e-grid e-con-boxed e-con e-child\" data-id=\"7ee7067\" data-element_type=\"container\" data-e-type=\"container\">\n\t\t\t\t\t<div class=\"e-con-inner\">\n\t\t\t\t<div class=\"elementor-element elementor-element-eabd411 elementor-widget elementor-widget-image\" data-id=\"eabd411\" data-element_type=\"widget\" data-e-type=\"widget\" data-widget_type=\"image.default\">\n\t\t\t\t<div class=\"elementor-widget-container\">\n\t\t\t\t\t\t\t\t\t\t\t\t\t\t\t<img fetchpriority=\"high\" decoding=\"async\" width=\"550\" height=\"369\" src=\"https:\/\/www.nutripur.ch\/wp-content\/uploads\/2024\/04\/Gefriergetrocknet_Obst_NutriPur.webp\" class=\"attachment-large size-large wp-image-87120\" alt=\"\" srcset=\"https:\/\/www.nutripur.ch\/wp-content\/uploads\/2024\/04\/Gefriergetrocknet_Obst_NutriPur.webp 550w, https:\/\/www.nutripur.ch\/wp-content\/uploads\/2024\/04\/Gefriergetrocknet_Obst_NutriPur-300x201.webp 300w, https:\/\/www.nutripur.ch\/wp-content\/uploads\/2024\/04\/Gefriergetrocknet_Obst_NutriPur-350x235.webp 350w\" sizes=\"(max-width: 550px) 100vw, 550px\" \/>\t\t\t\t\t\t\t\t\t\t\t\t\t\t\t<\/div>\n\t\t\t\t<\/div>\n\t\t\t\t<div class=\"elementor-element elementor-element-8bc1643 elementor-widget elementor-widget-text-editor\" data-id=\"8bc1643\" data-element_type=\"widget\" data-e-type=\"widget\" data-widget_type=\"text-editor.default\">\n\t\t\t\t<div class=\"elementor-widget-container\">\n\t\t\t\t\t\t\t\t\t<p>Naturellement &#8211; c&rsquo;est ce que repr\u00e9sente la marque NutriPur depuis plus de 5 ans. Lanc\u00e9s en tant que \u00ab\u00a0petite s\u0153ur\u00a0\u00bb de nos c\u00e9l\u00e8bres <a href=\"https:\/\/rezeptgewuerze.de\/\">bo\u00eetes d&rsquo;\u00e9pices RezeptGew\u00fcrze<\/a>, nous nous sommes fix\u00e9s pour objectif de lancer sur le march\u00e9 des produits naturels pour le snacking et le petit-d\u00e9jeuner.<\/p>\n<p>Si vous vous int\u00e9ressez de pr\u00e8s \u00e0 l&rsquo;alimentation et aux produits alimentaires, vous constaterez rapidement que de nombreux produits contiennent aujourd&rsquo;hui plus de substances qu&rsquo;ils ne devraient en contenir. Des conservateurs, des colorants et toujours &#8230; du sucre.<\/p>\n<p>Nos tout-petits sont d\u00e9j\u00e0 inond\u00e9s d&rsquo;aliments totalement sur-sucr\u00e9s &#8211; une situation qui, \u00e0 long terme, a non seulement des effets n\u00e9gatifs sur la sant\u00e9 (surpoids, diab\u00e8te, &#8230; ), mais qui alt\u00e8re aussi durablement le sens du go\u00fbt.<\/p>\n\t\t\t\t\t\t\t\t<\/div>\n\t\t\t\t<\/div>\n\t\t\t\t\t<\/div>\n\t\t\t\t<\/div>\n\t\t\t\t\t<\/div>\n\t\t\t\t<\/div>\n\t\t<div class=\"elementor-element elementor-element-3ae2b2e e-flex e-con-boxed e-con e-parent\" data-id=\"3ae2b2e\" data-element_type=\"container\" data-e-type=\"container\">\n\t\t\t\t\t<div class=\"e-con-inner\">\n\t\t\t\t<div class=\"elementor-element elementor-element-de90614 elementor-widget elementor-widget-heading\" data-id=\"de90614\" data-element_type=\"widget\" data-e-type=\"widget\" data-widget_type=\"heading.default\">\n\t\t\t\t<div class=\"elementor-widget-container\">\n\t\t\t\t\t<h2 class=\"elementor-heading-title elementor-size-default\">Snacks aux fruits lyophilis\u00e9s comme les fraises ou les framboises, oursons en gomme v\u00e9g\u00e9taliens, smoothie bowls\nou de d\u00e9licieux toppings ... De quoi as-tu envie aujourd'hui ?<\/h2>\t\t\t\t<\/div>\n\t\t\t\t<\/div>\n\t\t<div class=\"elementor-element elementor-element-9a86a6f e-grid e-con-boxed e-con e-child\" data-id=\"9a86a6f\" data-element_type=\"container\" data-e-type=\"container\">\n\t\t\t\t\t<div class=\"e-con-inner\">\n\t\t\t\t<div class=\"elementor-element elementor-element-5a392c3 elementor-widget elementor-widget-text-editor\" data-id=\"5a392c3\" data-element_type=\"widget\" data-e-type=\"widget\" data-widget_type=\"text-editor.default\">\n\t\t\t\t<div class=\"elementor-widget-container\">\n\t\t\t\t\t\t\t\t\t<p>Nous pensons que oui : Ce n&rsquo;est pas une fatalit\u00e9 ! C&rsquo;est pourquoi nous souhaitons, avec nos produits, aller \u00e0 l&rsquo;encontre des aliments raffin\u00e9s tr\u00e8s populaires.<\/p>\n<p>De d\u00e9licieux en-cas pour tous ceux qui aiment le naturel. C\u00e9r\u00e9ales aux graines, smoothie styl\u00e9 avec des garnitures color\u00e9es ou un snack de fruits multicolore&#8230; tout cela n&rsquo;est pas seulement fantastique, mais apporte aussi \u00e0 notre corps exactement ce dont il a besoin. Ni plus ni moins.<\/p>\n<p>Avec NutriPur, nous proposons les ingr\u00e9dients ad\u00e9quats pour les mueslis, smoothies et autres.<\/p>\n\t\t\t\t\t\t\t\t<\/div>\n\t\t\t\t<\/div>\n\t\t\t\t<div class=\"elementor-element elementor-element-251ba3c elementor-widget elementor-widget-image\" data-id=\"251ba3c\" data-element_type=\"widget\" data-e-type=\"widget\" data-widget_type=\"image.default\">\n\t\t\t\t<div class=\"elementor-widget-container\">\n\t\t\t\t\t\t\t\t\t\t\t\t\t\t\t<img decoding=\"async\" width=\"550\" height=\"369\" src=\"https:\/\/www.nutripur.ch\/wp-content\/uploads\/2024\/04\/NutriPur_Gefriergetrocknet_Superfood_Smoothie-Bowl.webp\" class=\"attachment-large size-large wp-image-87124\" alt=\"\" srcset=\"https:\/\/www.nutripur.ch\/wp-content\/uploads\/2024\/04\/NutriPur_Gefriergetrocknet_Superfood_Smoothie-Bowl.webp 550w, https:\/\/www.nutripur.ch\/wp-content\/uploads\/2024\/04\/NutriPur_Gefriergetrocknet_Superfood_Smoothie-Bowl-300x201.webp 300w, https:\/\/www.nutripur.ch\/wp-content\/uploads\/2024\/04\/NutriPur_Gefriergetrocknet_Superfood_Smoothie-Bowl-350x235.webp 350w\" sizes=\"(max-width: 550px) 100vw, 550px\" \/>\t\t\t\t\t\t\t\t\t\t\t\t\t\t\t<\/div>\n\t\t\t\t<\/div>\n\t\t\t\t\t<\/div>\n\t\t\t\t<\/div>\n\t\t\t\t\t<\/div>\n\t\t\t\t<\/div>\n\t\t<div class=\"elementor-element elementor-element-5861cae e-flex e-con-boxed e-con e-parent\" data-id=\"5861cae\" data-element_type=\"container\" data-e-type=\"container\">\n\t\t\t\t\t<div class=\"e-con-inner\">\n\t\t\t\t<div class=\"elementor-element elementor-element-1ff3e05 elementor-widget elementor-widget-heading\" data-id=\"1ff3e05\" data-element_type=\"widget\" data-e-type=\"widget\" data-widget_type=\"heading.default\">\n\t\t\t\t<div class=\"elementor-widget-container\">\n\t\t\t\t\t<h1 class=\"elementor-heading-title elementor-size-default\">Qu'y a-t-il dans les fruits lyophilis\u00e9s ?<\/h1>\t\t\t\t<\/div>\n\t\t\t\t<\/div>\n\t\t<div class=\"elementor-element elementor-element-4240c80 e-grid e-con-boxed e-con e-child\" data-id=\"4240c80\" data-element_type=\"container\" data-e-type=\"container\">\n\t\t\t\t\t<div class=\"e-con-inner\">\n\t\t\t\t<div class=\"elementor-element elementor-element-4830022 elementor-widget elementor-widget-image\" data-id=\"4830022\" data-element_type=\"widget\" data-e-type=\"widget\" data-widget_type=\"image.default\">\n\t\t\t\t<div class=\"elementor-widget-container\">\n\t\t\t\t\t\t\t\t\t\t\t\t\t\t\t<img decoding=\"async\" width=\"595\" height=\"400\" src=\"https:\/\/www.nutripur.ch\/wp-content\/uploads\/2024\/04\/Gefriergetrocknete-Fruechte.webp\" class=\"attachment-large size-large wp-image-87128\" alt=\"\" srcset=\"https:\/\/www.nutripur.ch\/wp-content\/uploads\/2024\/04\/Gefriergetrocknete-Fruechte.webp 595w, https:\/\/www.nutripur.ch\/wp-content\/uploads\/2024\/04\/Gefriergetrocknete-Fruechte-300x202.webp 300w, https:\/\/www.nutripur.ch\/wp-content\/uploads\/2024\/04\/Gefriergetrocknete-Fruechte-350x235.webp 350w\" sizes=\"(max-width: 595px) 100vw, 595px\" \/>\t\t\t\t\t\t\t\t\t\t\t\t\t\t\t<\/div>\n\t\t\t\t<\/div>\n\t\t\t\t<div class=\"elementor-element elementor-element-1072083 elementor-widget elementor-widget-text-editor\" data-id=\"1072083\" data-element_type=\"widget\" data-e-type=\"widget\" data-widget_type=\"text-editor.default\">\n\t\t\t\t<div class=\"elementor-widget-container\">\n\t\t\t\t\t\t\t\t\t<p>Ce dont nous avons besoin pour cela ? Ce n&rsquo;est rien d&rsquo;autre qu&rsquo;un morceau de fruit qui, dans sa forme originale, est d\u00e9j\u00e0 si savoureux qu&rsquo;il n&rsquo;a besoin d&rsquo;aucun autre additif.<\/p>\n<p>Nos produits sont bas\u00e9s sur des ingr\u00e9dients naturels, non trait\u00e9s, que nous proposons sous forme lyophilis\u00e9e (non trait\u00e9s comme snack ou topping) ou \u00e9galement sous forme moulue (par exemple pour les smoothies et les shakes).<\/p>\n\t\t\t\t\t\t\t\t<\/div>\n\t\t\t\t<\/div>\n\t\t\t\t\t<\/div>\n\t\t\t\t<\/div>\n\t\t\t\t\t<\/div>\n\t\t\t\t<\/div>\n\t\t<div class=\"elementor-element elementor-element-9f3d176 e-flex e-con-boxed e-con e-parent\" data-id=\"9f3d176\" data-element_type=\"container\" data-e-type=\"container\">\n\t\t\t\t\t<div class=\"e-con-inner\">\n\t\t\t\t<div class=\"elementor-element elementor-element-0b1e53a elementor-widget elementor-widget-heading\" data-id=\"0b1e53a\" data-element_type=\"widget\" data-e-type=\"widget\" data-widget_type=\"heading.default\">\n\t\t\t\t<div class=\"elementor-widget-container\">\n\t\t\t\t\t<h2 class=\"elementor-heading-title elementor-size-default\">Acheter des fruits secs NutriPur facilement en ligne<\/h2>\t\t\t\t<\/div>\n\t\t\t\t<\/div>\n\t\t<div class=\"elementor-element elementor-element-2b7c557 e-grid e-con-boxed e-con e-child\" data-id=\"2b7c557\" data-element_type=\"container\" data-e-type=\"container\">\n\t\t\t\t\t<div class=\"e-con-inner\">\n\t\t\t\t<div class=\"elementor-element elementor-element-2298420 elementor-widget elementor-widget-text-editor\" data-id=\"2298420\" data-element_type=\"widget\" data-e-type=\"widget\" data-widget_type=\"text-editor.default\">\n\t\t\t\t<div class=\"elementor-widget-container\">\n\t\t\t\t\t\t\t\t\t<p>NutriPur valorise le menu quotidien avec des aliments naturels, enti\u00e8rement sans additifs, qui sont un v\u00e9ritable plaisir.<\/p>\n<p>Si vous voulez vous faire du bien et faire plaisir \u00e0 votre famille et que vous attachez de l&rsquo;importance \u00e0 des aliments non trait\u00e9s mais savoureux, vous \u00eates \u00e0 la bonne adresse chez NutriPur.<\/p>\n<p>Tous les produits sont disponibles dans notre boutique en ligne et, bien s\u00fbr, dans le commerce de d\u00e9tail !<\/p>\t\t\t\t\t\t\t\t<\/div>\n\t\t\t\t<\/div>\n\t\t\t\t<div class=\"elementor-element elementor-element-756234f elementor-widget elementor-widget-image\" data-id=\"756234f\" data-element_type=\"widget\" data-e-type=\"widget\" data-widget_type=\"image.default\">\n\t\t\t\t<div class=\"elementor-widget-container\">\n\t\t\t\t\t\t\t\t\t\t\t\t\t\t\t<img loading=\"lazy\" decoding=\"async\" width=\"550\" height=\"369\" src=\"https:\/\/www.nutripur.ch\/wp-content\/uploads\/2024\/04\/NutriPur_Gefriergetrocknet_Smoothie-Bowl_Superfood.webp\" class=\"attachment-large size-large wp-image-87132\" alt=\"\" srcset=\"https:\/\/www.nutripur.ch\/wp-content\/uploads\/2024\/04\/NutriPur_Gefriergetrocknet_Smoothie-Bowl_Superfood.webp 550w, https:\/\/www.nutripur.ch\/wp-content\/uploads\/2024\/04\/NutriPur_Gefriergetrocknet_Smoothie-Bowl_Superfood-300x201.webp 300w, https:\/\/www.nutripur.ch\/wp-content\/uploads\/2024\/04\/NutriPur_Gefriergetrocknet_Smoothie-Bowl_Superfood-350x235.webp 350w\" sizes=\"(max-width: 550px) 100vw, 550px\" \/>\t\t\t\t\t\t\t\t\t\t\t\t\t\t\t<\/div>\n\t\t\t\t<\/div>\n\t\t\t\t\t<\/div>\n\t\t\t\t<\/div>\n\t\t\t\t\t<\/div>\n\t\t\t\t<\/div>\n\t\t<div class=\"elementor-element elementor-element-afb875c e-flex e-con-boxed e-con e-parent\" data-id=\"afb875c\" data-element_type=\"container\" data-e-type=\"container\">\n\t\t\t\t\t<div class=\"e-con-inner\">\n\t\t\t\t<div class=\"elementor-element elementor-element-f29d76d elementor-widget elementor-widget-image\" data-id=\"f29d76d\" data-element_type=\"widget\" data-e-type=\"widget\" data-widget_type=\"image.default\">\n\t\t\t\t<div class=\"elementor-widget-container\">\n\t\t\t\t\t\t\t\t\t\t\t\t\t\t\t<img loading=\"lazy\" decoding=\"async\" width=\"1024\" height=\"232\" src=\"https:\/\/www.nutripur.ch\/wp-content\/uploads\/2024\/04\/NutriPur_Rewe_Edeka_tegut_biocompany_Globus-1024x232.png\" class=\"attachment-large size-large wp-image-87136\" alt=\"\" srcset=\"https:\/\/www.nutripur.ch\/wp-content\/uploads\/2024\/04\/NutriPur_Rewe_Edeka_tegut_biocompany_Globus-1024x232.png 1024w, https:\/\/www.nutripur.ch\/wp-content\/uploads\/2024\/04\/NutriPur_Rewe_Edeka_tegut_biocompany_Globus-300x68.png 300w, https:\/\/www.nutripur.ch\/wp-content\/uploads\/2024\/04\/NutriPur_Rewe_Edeka_tegut_biocompany_Globus-768x174.png 768w, https:\/\/www.nutripur.ch\/wp-content\/uploads\/2024\/04\/NutriPur_Rewe_Edeka_tegut_biocompany_Globus-1536x348.png 1536w, https:\/\/www.nutripur.ch\/wp-content\/uploads\/2024\/04\/NutriPur_Rewe_Edeka_tegut_biocompany_Globus-2048x464.png 2048w, https:\/\/www.nutripur.ch\/wp-content\/uploads\/2024\/04\/NutriPur_Rewe_Edeka_tegut_biocompany_Globus-350x79.png 350w, https:\/\/www.nutripur.ch\/wp-content\/uploads\/2024\/04\/NutriPur_Rewe_Edeka_tegut_biocompany_Globus-680x154.png 680w\" sizes=\"(max-width: 1024px) 100vw, 1024px\" \/>\t\t\t\t\t\t\t\t\t\t\t\t\t\t\t<\/div>\n\t\t\t\t<\/div>\n\t\t\t\t\t<\/div>\n\t\t\t\t<\/div>\n\t\t\t\t<\/div>\n\t\t","protected":false},"excerpt":{"rendered":"<p>Pourquoi acheter les fruits lyophilis\u00e9s NutriPur en ligne ? Naturellement &#8211; c&rsquo;est ce que repr\u00e9sente la marque NutriPur depuis plus de 5 ans. Lanc\u00e9s en tant que \u00ab\u00a0petite s\u0153ur\u00a0\u00bb de nos c\u00e9l\u00e8bres bo\u00eetes d&rsquo;\u00e9pices RezeptGew\u00fcrze, nous nous sommes fix\u00e9s pour objectif de lancer sur le march\u00e9 des produits naturels pour le snacking et le petit-d\u00e9jeuner. &hellip;<\/p>\n","protected":false},"author":1,"featured_media":0,"parent":0,"menu_order":0,"comment_status":"closed","ping_status":"closed","template":"","meta":{"_seopress_robots_primary_cat":"","_seopress_titles_title":"Boutique en ligne NutriPur pour les fruits lyophilis\u00e9s","_seopress_titles_desc":"Consultez notre page \"\u00c0 propos de Nutripur\" pour tout savoir sur notre engagement en faveur de la qualit\u00e9 et du plaisir. Commencez votre voyage d\u00e8s aujourd'hui !","_seopress_robots_index":"","footnotes":""},"class_list":["post-45823","page","type-page","status-publish","hentry"],"_links":{"self":[{"href":"https:\/\/www.nutripur.ch\/fr\/wp-json\/wp\/v2\/pages\/45823","targetHints":{"allow":["GET"]}}],"collection":[{"href":"https:\/\/www.nutripur.ch\/fr\/wp-json\/wp\/v2\/pages"}],"about":[{"href":"https:\/\/www.nutripur.ch\/fr\/wp-json\/wp\/v2\/types\/page"}],"author":[{"embeddable":true,"href":"https:\/\/www.nutripur.ch\/fr\/wp-json\/wp\/v2\/users\/1"}],"replies":[{"embeddable":true,"href":"https:\/\/www.nutripur.ch\/fr\/wp-json\/wp\/v2\/comments?post=45823"}],"version-history":[{"count":0,"href":"https:\/\/www.nutripur.ch\/fr\/wp-json\/wp\/v2\/pages\/45823\/revisions"}],"wp:attachment":[{"href":"https:\/\/www.nutripur.ch\/fr\/wp-json\/wp\/v2\/media?parent=45823"}],"curies":[{"name":"wp","href":"https:\/\/api.w.org\/{rel}","templated":true}]}}