{"id":45800,"date":"2021-03-19T11:09:07","date_gmt":"2021-03-19T10:09:07","guid":{"rendered":"https:\/\/www.nutripur.eu\/monde-de-la-presse\/"},"modified":"2024-04-12T14:13:23","modified_gmt":"2024-04-12T12:13:23","slug":"monde-de-la-presse","status":"publish","type":"page","link":"https:\/\/www.nutripur.ch\/fr\/monde-de-la-presse\/","title":{"rendered":"Monde de la presse"},"content":{"rendered":"\t\t<div data-elementor-type=\"wp-page\" data-elementor-id=\"45800\" class=\"elementor elementor-45800 elementor-10917\" data-elementor-post-type=\"page\">\n\t\t\t\t<div class=\"elementor-element elementor-element-60f91d2 e-flex e-con-boxed e-con e-parent\" data-id=\"60f91d2\" data-element_type=\"container\" data-e-type=\"container\">\n\t\t\t\t\t<div class=\"e-con-inner\">\n\t\t\t\t<div class=\"elementor-element elementor-element-63db53c elementor-widget elementor-widget-image\" data-id=\"63db53c\" data-element_type=\"widget\" data-e-type=\"widget\" data-widget_type=\"image.default\">\n\t\t\t\t<div class=\"elementor-widget-container\">\n\t\t\t\t\t\t\t\t\t\t\t\t\t\t\t<img fetchpriority=\"high\" decoding=\"async\" width=\"1200\" height=\"510\" src=\"https:\/\/www.nutripur.ch\/wp-content\/uploads\/2024\/04\/210205_Nutripur_Startseite_Header_Himbeere.webp\" class=\"attachment-full size-full wp-image-87091\" alt=\"\" srcset=\"https:\/\/www.nutripur.ch\/wp-content\/uploads\/2024\/04\/210205_Nutripur_Startseite_Header_Himbeere.webp 1200w, https:\/\/www.nutripur.ch\/wp-content\/uploads\/2024\/04\/210205_Nutripur_Startseite_Header_Himbeere-300x128.webp 300w, https:\/\/www.nutripur.ch\/wp-content\/uploads\/2024\/04\/210205_Nutripur_Startseite_Header_Himbeere-1024x435.webp 1024w, https:\/\/www.nutripur.ch\/wp-content\/uploads\/2024\/04\/210205_Nutripur_Startseite_Header_Himbeere-768x326.webp 768w, https:\/\/www.nutripur.ch\/wp-content\/uploads\/2024\/04\/210205_Nutripur_Startseite_Header_Himbeere-350x149.webp 350w, https:\/\/www.nutripur.ch\/wp-content\/uploads\/2024\/04\/210205_Nutripur_Startseite_Header_Himbeere-680x289.webp 680w\" sizes=\"(max-width: 1200px) 100vw, 1200px\" \/>\t\t\t\t\t\t\t\t\t\t\t\t\t\t\t<\/div>\n\t\t\t\t<\/div>\n\t\t\t\t<div class=\"elementor-element elementor-element-5b0c3cd elementor-widget elementor-widget-heading\" data-id=\"5b0c3cd\" data-element_type=\"widget\" data-e-type=\"widget\" data-widget_type=\"heading.default\">\n\t\t\t\t<div class=\"elementor-widget-container\">\n\t\t\t\t\t<h1 class=\"elementor-heading-title elementor-size-default\">Espace presse NutriPur !<\/h1>\t\t\t\t<\/div>\n\t\t\t\t<\/div>\n\t\t\t\t<div class=\"elementor-element elementor-element-44375c7 elementor-widget elementor-widget-text-editor\" data-id=\"44375c7\" data-element_type=\"widget\" data-e-type=\"widget\" data-widget_type=\"text-editor.default\">\n\t\t\t\t<div class=\"elementor-widget-container\">\n\t\t\t\t\t\t\t\t\t<p>Tu es un repr\u00e9sentant des m\u00e9dias ou un blogueur et tu souhaites parler de nous ?<br \/>Tu trouveras ici des informations actuelles sur NutriPur et nos produits.<\/p>\n<p>N&rsquo;h\u00e9sitez pas \u00e0 t\u00e9l\u00e9charger le logo NutriPur ainsi que d&rsquo;autres images et textes pour vos reportages sur NutriPur.<br \/>Si vous utilisez ces images, que ce soit en ligne ou hors ligne, veuillez mentionner NutriPur comme auteur de ces fichiers.<br \/>Nous serions ravis que tu nous envoies un exemplaire justificatif ! Que ce soit par courrier ou par e-mail !<\/p>\n<p>Si tu souhaites utiliser les images \u00e0 d&rsquo;autres fins, envoie-nous un e-mail \u00e0 <a href=\"mailto:info@nutripur.eu\">info@nutripur.eu<\/a> et consulte-nous.<\/p>\n<p>Nous restons bien entendu \u00e0 ta disposition pour toute autre question ou demande d&rsquo;interview !<\/p>\n<p>Contact :<br \/>NutriPur GmbH<br \/>Rue de l&rsquo;Ouest 35<br \/>06126 Halle an der Saale (Halle sur la Saale)<br \/>T : +49 345 27952350<br \/>M : info@nutripur.eu<\/p>\n\t\t\t\t\t\t\t\t<\/div>\n\t\t\t\t<\/div>\n\t\t\t\t\t<\/div>\n\t\t\t\t<\/div>\n\t\t<div class=\"elementor-element elementor-element-7fecbca e-flex e-con-boxed e-con e-parent\" data-id=\"7fecbca\" data-element_type=\"container\" data-e-type=\"container\">\n\t\t\t\t\t<div class=\"e-con-inner\">\n\t\t\t\t<div class=\"elementor-element elementor-element-fd40c29 elementor-widget elementor-widget-heading\" data-id=\"fd40c29\" data-element_type=\"widget\" data-e-type=\"widget\" data-widget_type=\"heading.default\">\n\t\t\t\t<div class=\"elementor-widget-container\">\n\t\t\t\t\t<h2 class=\"elementor-heading-title elementor-size-default\">Texte &amp; infos<\/h2>\t\t\t\t<\/div>\n\t\t\t\t<\/div>\n\t\t\t\t<div class=\"elementor-element elementor-element-4f6869b elementor-icon-list--layout-traditional elementor-list-item-link-full_width elementor-widget elementor-widget-icon-list\" data-id=\"4f6869b\" data-element_type=\"widget\" data-e-type=\"widget\" data-widget_type=\"icon-list.default\">\n\t\t\t\t<div class=\"elementor-widget-container\">\n\t\t\t\t\t\t\t<ul class=\"elementor-icon-list-items\">\n\t\t\t\t\t\t\t<li class=\"elementor-icon-list-item\">\n\t\t\t\t\t\t\t\t\t\t\t<a href=\"https:\/\/www.nutripur.ch\/wp-content\/uploads\/2021\/03\/NutriPur_Pressemitteilung.pdf\" target=\"_blank\">\n\n\t\t\t\t\t\t\t\t\t\t\t\t<span class=\"elementor-icon-list-icon\">\n\t\t\t\t\t\t\t<svg aria-hidden=\"true\" class=\"e-font-icon-svg e-fas-download\" viewBox=\"0 0 512 512\" xmlns=\"http:\/\/www.w3.org\/2000\/svg\"><path d=\"M216 0h80c13.3 0 24 10.7 24 24v168h87.7c17.8 0 26.7 21.5 14.1 34.1L269.7 378.3c-7.5 7.5-19.8 7.5-27.3 0L90.1 226.1c-12.6-12.6-3.7-34.1 14.1-34.1H192V24c0-13.3 10.7-24 24-24zm296 376v112c0 13.3-10.7 24-24 24H24c-13.3 0-24-10.7-24-24V376c0-13.3 10.7-24 24-24h146.7l49 49c20.1 20.1 52.5 20.1 72.6 0l49-49H488c13.3 0 24 10.7 24 24zm-124 88c0-11-9-20-20-20s-20 9-20 20 9 20 20 20 20-9 20-20zm64 0c0-11-9-20-20-20s-20 9-20 20 9 20 20 20 20-9 20-20z\"><\/path><\/svg>\t\t\t\t\t\t<\/span>\n\t\t\t\t\t\t\t\t\t\t<span class=\"elementor-icon-list-text\">Communiqu\u00e9 de presse NutriPur<\/span>\n\t\t\t\t\t\t\t\t\t\t\t<\/a>\n\t\t\t\t\t\t\t\t\t<\/li>\n\t\t\t\t\t\t\t\t<li class=\"elementor-icon-list-item\">\n\t\t\t\t\t\t\t\t\t\t\t<a href=\"https:\/\/www.nutripur.ch\/wp-content\/uploads\/2021\/03\/NutriPur_Factsheet.pdf\" target=\"_blank\">\n\n\t\t\t\t\t\t\t\t\t\t\t\t<span class=\"elementor-icon-list-icon\">\n\t\t\t\t\t\t\t<svg aria-hidden=\"true\" class=\"e-font-icon-svg e-fas-download\" viewBox=\"0 0 512 512\" xmlns=\"http:\/\/www.w3.org\/2000\/svg\"><path d=\"M216 0h80c13.3 0 24 10.7 24 24v168h87.7c17.8 0 26.7 21.5 14.1 34.1L269.7 378.3c-7.5 7.5-19.8 7.5-27.3 0L90.1 226.1c-12.6-12.6-3.7-34.1 14.1-34.1H192V24c0-13.3 10.7-24 24-24zm296 376v112c0 13.3-10.7 24-24 24H24c-13.3 0-24-10.7-24-24V376c0-13.3 10.7-24 24-24h146.7l49 49c20.1 20.1 52.5 20.1 72.6 0l49-49H488c13.3 0 24 10.7 24 24zm-124 88c0-11-9-20-20-20s-20 9-20 20 9 20 20 20 20-9 20-20zm64 0c0-11-9-20-20-20s-20 9-20 20 9 20 20 20 20-9 20-20z\"><\/path><\/svg>\t\t\t\t\t\t<\/span>\n\t\t\t\t\t\t\t\t\t\t<span class=\"elementor-icon-list-text\">Factsheet NutriPur<\/span>\n\t\t\t\t\t\t\t\t\t\t\t<\/a>\n\t\t\t\t\t\t\t\t\t<\/li>\n\t\t\t\t\t\t\t\t<li class=\"elementor-icon-list-item\">\n\t\t\t\t\t\t\t\t\t\t\t<a href=\"https:\/\/www.nutripur.ch\/wp-content\/uploads\/2021\/03\/NutriPur_Unternehmensportrait.pdf\" target=\"_blank\">\n\n\t\t\t\t\t\t\t\t\t\t\t\t<span class=\"elementor-icon-list-icon\">\n\t\t\t\t\t\t\t<svg aria-hidden=\"true\" class=\"e-font-icon-svg e-fas-download\" viewBox=\"0 0 512 512\" xmlns=\"http:\/\/www.w3.org\/2000\/svg\"><path d=\"M216 0h80c13.3 0 24 10.7 24 24v168h87.7c17.8 0 26.7 21.5 14.1 34.1L269.7 378.3c-7.5 7.5-19.8 7.5-27.3 0L90.1 226.1c-12.6-12.6-3.7-34.1 14.1-34.1H192V24c0-13.3 10.7-24 24-24zm296 376v112c0 13.3-10.7 24-24 24H24c-13.3 0-24-10.7-24-24V376c0-13.3 10.7-24 24-24h146.7l49 49c20.1 20.1 52.5 20.1 72.6 0l49-49H488c13.3 0 24 10.7 24 24zm-124 88c0-11-9-20-20-20s-20 9-20 20 9 20 20 20 20-9 20-20zm64 0c0-11-9-20-20-20s-20 9-20 20 9 20 20 20 20-9 20-20z\"><\/path><\/svg>\t\t\t\t\t\t<\/span>\n\t\t\t\t\t\t\t\t\t\t<span class=\"elementor-icon-list-text\">Portrait de l'entreprise<\/span>\n\t\t\t\t\t\t\t\t\t\t\t<\/a>\n\t\t\t\t\t\t\t\t\t<\/li>\n\t\t\t\t\t\t<\/ul>\n\t\t\t\t\t\t<\/div>\n\t\t\t\t<\/div>\n\t\t\t\t\t<\/div>\n\t\t\t\t<\/div>\n\t\t<div class=\"elementor-element elementor-element-9313e03 e-flex e-con-boxed e-con e-parent\" data-id=\"9313e03\" data-element_type=\"container\" data-e-type=\"container\">\n\t\t\t\t\t<div class=\"e-con-inner\">\n\t\t\t\t<div class=\"elementor-element elementor-element-763483d elementor-widget elementor-widget-heading\" data-id=\"763483d\" data-element_type=\"widget\" data-e-type=\"widget\" data-widget_type=\"heading.default\">\n\t\t\t\t<div class=\"elementor-widget-container\">\n\t\t\t\t\t<h2 class=\"elementor-heading-title elementor-size-default\">Logos<\/h2>\t\t\t\t<\/div>\n\t\t\t\t<\/div>\n\t\t<div class=\"elementor-element elementor-element-8315b31 e-grid e-con-boxed e-con e-child\" data-id=\"8315b31\" data-element_type=\"container\" data-e-type=\"container\">\n\t\t\t\t\t<div class=\"e-con-inner\">\n\t\t\t\t<div class=\"elementor-element elementor-element-95e4150 elementor-widget elementor-widget-image\" data-id=\"95e4150\" data-element_type=\"widget\" data-e-type=\"widget\" data-widget_type=\"image.default\">\n\t\t\t\t<div class=\"elementor-widget-container\">\n\t\t\t\t\t\t\t\t\t\t\t\t\t\t\t<img decoding=\"async\" width=\"1000\" height=\"268\" src=\"https:\/\/www.nutripur.ch\/wp-content\/uploads\/2020\/07\/NutriPur_LOGO.png\" class=\"attachment-large size-large wp-image-44866\" alt=\"\" srcset=\"https:\/\/www.nutripur.ch\/wp-content\/uploads\/2020\/07\/NutriPur_LOGO.png 1000w, https:\/\/www.nutripur.ch\/wp-content\/uploads\/2020\/07\/NutriPur_LOGO-350x94.png 350w, https:\/\/www.nutripur.ch\/wp-content\/uploads\/2020\/07\/NutriPur_LOGO-680x182.png 680w, https:\/\/www.nutripur.ch\/wp-content\/uploads\/2020\/07\/NutriPur_LOGO-300x80.png 300w, https:\/\/www.nutripur.ch\/wp-content\/uploads\/2020\/07\/NutriPur_LOGO-768x206.png 768w\" sizes=\"(max-width: 1000px) 100vw, 1000px\" \/>\t\t\t\t\t\t\t\t\t\t\t\t\t\t\t<\/div>\n\t\t\t\t<\/div>\n\t\t\t\t<div class=\"elementor-element elementor-element-ff1f0c3 elementor-widget elementor-widget-image\" data-id=\"ff1f0c3\" data-element_type=\"widget\" data-e-type=\"widget\" data-widget_type=\"image.default\">\n\t\t\t\t<div class=\"elementor-widget-container\">\n\t\t\t\t\t\t\t\t\t\t\t\t\t\t\t<img decoding=\"async\" width=\"1000\" height=\"269\" src=\"https:\/\/www.nutripur.ch\/wp-content\/uploads\/2020\/07\/nutripur-logo.png\" class=\"attachment-large size-large wp-image-44867\" alt=\"\" srcset=\"https:\/\/www.nutripur.ch\/wp-content\/uploads\/2020\/07\/nutripur-logo.png 1000w, https:\/\/www.nutripur.ch\/wp-content\/uploads\/2020\/07\/nutripur-logo-350x94.png 350w, https:\/\/www.nutripur.ch\/wp-content\/uploads\/2020\/07\/nutripur-logo-680x183.png 680w, https:\/\/www.nutripur.ch\/wp-content\/uploads\/2020\/07\/nutripur-logo-300x81.png 300w, https:\/\/www.nutripur.ch\/wp-content\/uploads\/2020\/07\/nutripur-logo-768x207.png 768w\" sizes=\"(max-width: 1000px) 100vw, 1000px\" \/>\t\t\t\t\t\t\t\t\t\t\t\t\t\t\t<\/div>\n\t\t\t\t<\/div>\n\t\t\t\t\t<\/div>\n\t\t\t\t<\/div>\n\t\t\t\t\t<\/div>\n\t\t\t\t<\/div>\n\t\t<div class=\"elementor-element elementor-element-9fe311e e-flex e-con-boxed e-con e-parent\" data-id=\"9fe311e\" data-element_type=\"container\" data-e-type=\"container\">\n\t\t\t\t\t<div class=\"e-con-inner\">\n\t\t\t\t<div class=\"elementor-element elementor-element-c837087 elementor-widget elementor-widget-heading\" data-id=\"c837087\" data-element_type=\"widget\" data-e-type=\"widget\" data-widget_type=\"heading.default\">\n\t\t\t\t<div class=\"elementor-widget-container\">\n\t\t\t\t\t<h2 class=\"elementor-heading-title elementor-size-default\">Images<\/h2>\t\t\t\t<\/div>\n\t\t\t\t<\/div>\n\t\t<div class=\"elementor-element elementor-element-0d13eeb e-grid e-con-boxed e-con e-child\" data-id=\"0d13eeb\" data-element_type=\"container\" data-e-type=\"container\">\n\t\t\t\t\t<div class=\"e-con-inner\">\n\t\t\t\t<div class=\"elementor-element elementor-element-9d1b12b qbpresse_bild elementor-widget elementor-widget-image\" data-id=\"9d1b12b\" data-element_type=\"widget\" data-e-type=\"widget\" data-widget_type=\"image.default\">\n\t\t\t\t<div class=\"elementor-widget-container\">\n\t\t\t\t\t\t\t\t\t\t\t\t\t\t\t\t<a href=\"https:\/\/www.nutripur.ch\/wp-content\/uploads\/2021\/03\/GL_Nutripur_018.jpg\" data-elementor-open-lightbox=\"yes\" data-elementor-lightbox-title=\"GL_Nutripur_018\" data-e-action-hash=\"#elementor-action%3Aaction%3Dlightbox%26settings%3DeyJpZCI6NDQ5NzAsInVybCI6Imh0dHBzOlwvXC93d3cubnV0cmlwdXIuY2hcL3dwLWNvbnRlbnRcL3VwbG9hZHNcLzIwMjFcLzAzXC9HTF9OdXRyaXB1cl8wMTguanBnIn0%3D\">\n\t\t\t\t\t\t\t<img loading=\"lazy\" decoding=\"async\" width=\"1024\" height=\"683\" src=\"https:\/\/www.nutripur.ch\/wp-content\/uploads\/2021\/03\/GL_Nutripur_018-1024x683.jpg\" class=\"attachment-large size-large wp-image-44970\" alt=\"\" srcset=\"https:\/\/www.nutripur.ch\/wp-content\/uploads\/2021\/03\/GL_Nutripur_018-1024x683.jpg 1024w, https:\/\/www.nutripur.ch\/wp-content\/uploads\/2021\/03\/GL_Nutripur_018-350x233.jpg 350w, https:\/\/www.nutripur.ch\/wp-content\/uploads\/2021\/03\/GL_Nutripur_018-680x453.jpg 680w, https:\/\/www.nutripur.ch\/wp-content\/uploads\/2021\/03\/GL_Nutripur_018-300x200.jpg 300w, https:\/\/www.nutripur.ch\/wp-content\/uploads\/2021\/03\/GL_Nutripur_018-768x512.jpg 768w, https:\/\/www.nutripur.ch\/wp-content\/uploads\/2021\/03\/GL_Nutripur_018-1536x1024.jpg 1536w, https:\/\/www.nutripur.ch\/wp-content\/uploads\/2021\/03\/GL_Nutripur_018.jpg 1920w\" sizes=\"(max-width: 1024px) 100vw, 1024px\" \/>\t\t\t\t\t\t\t\t<\/a>\n\t\t\t\t\t\t\t\t\t\t\t\t\t\t\t<\/div>\n\t\t\t\t<\/div>\n\t\t\t\t<div class=\"elementor-element elementor-element-f1351e1 qbpresse_bild elementor-widget elementor-widget-image\" data-id=\"f1351e1\" data-element_type=\"widget\" data-e-type=\"widget\" data-widget_type=\"image.default\">\n\t\t\t\t<div class=\"elementor-widget-container\">\n\t\t\t\t\t\t\t\t\t\t\t\t\t\t\t\t<a href=\"https:\/\/www.nutripur.ch\/wp-content\/uploads\/2021\/03\/GL_Nutripur_007.jpg\" data-elementor-open-lightbox=\"yes\" data-elementor-lightbox-title=\"GL_Nutripur_007\" data-e-action-hash=\"#elementor-action%3Aaction%3Dlightbox%26settings%3DeyJpZCI6NDQ5NjksInVybCI6Imh0dHBzOlwvXC93d3cubnV0cmlwdXIuY2hcL3dwLWNvbnRlbnRcL3VwbG9hZHNcLzIwMjFcLzAzXC9HTF9OdXRyaXB1cl8wMDcuanBnIn0%3D\">\n\t\t\t\t\t\t\t<img loading=\"lazy\" decoding=\"async\" width=\"1024\" height=\"683\" src=\"https:\/\/www.nutripur.ch\/wp-content\/uploads\/2021\/03\/GL_Nutripur_007-1024x683.jpg\" class=\"attachment-large size-large wp-image-44969\" alt=\"\" srcset=\"https:\/\/www.nutripur.ch\/wp-content\/uploads\/2021\/03\/GL_Nutripur_007-1024x683.jpg 1024w, https:\/\/www.nutripur.ch\/wp-content\/uploads\/2021\/03\/GL_Nutripur_007-350x233.jpg 350w, https:\/\/www.nutripur.ch\/wp-content\/uploads\/2021\/03\/GL_Nutripur_007-680x453.jpg 680w, https:\/\/www.nutripur.ch\/wp-content\/uploads\/2021\/03\/GL_Nutripur_007-300x200.jpg 300w, https:\/\/www.nutripur.ch\/wp-content\/uploads\/2021\/03\/GL_Nutripur_007-768x512.jpg 768w, https:\/\/www.nutripur.ch\/wp-content\/uploads\/2021\/03\/GL_Nutripur_007-1536x1024.jpg 1536w, https:\/\/www.nutripur.ch\/wp-content\/uploads\/2021\/03\/GL_Nutripur_007.jpg 1920w\" sizes=\"(max-width: 1024px) 100vw, 1024px\" \/>\t\t\t\t\t\t\t\t<\/a>\n\t\t\t\t\t\t\t\t\t\t\t\t\t\t\t<\/div>\n\t\t\t\t<\/div>\n\t\t\t\t<div class=\"elementor-element elementor-element-1e06793 qbpresse_bild elementor-widget elementor-widget-image\" data-id=\"1e06793\" data-element_type=\"widget\" data-e-type=\"widget\" data-widget_type=\"image.default\">\n\t\t\t\t<div class=\"elementor-widget-container\">\n\t\t\t\t\t\t\t\t\t\t\t\t\t\t\t\t<a href=\"https:\/\/www.nutripur.ch\/wp-content\/uploads\/2021\/03\/Nutripur_FruchsnackBio_Erdbeere_25g.png\" data-elementor-open-lightbox=\"yes\" data-elementor-lightbox-title=\"Nutripur_FruchsnackBio_Erdbeere_25g\" data-e-action-hash=\"#elementor-action%3Aaction%3Dlightbox%26settings%3DeyJpZCI6NDQ5NjQsInVybCI6Imh0dHBzOlwvXC93d3cubnV0cmlwdXIuY2hcL3dwLWNvbnRlbnRcL3VwbG9hZHNcLzIwMjFcLzAzXC9OdXRyaXB1cl9GcnVjaHNuYWNrQmlvX0VyZGJlZXJlXzI1Zy5wbmcifQ%3D%3D\">\n\t\t\t\t\t\t\t<img loading=\"lazy\" decoding=\"async\" width=\"934\" height=\"1024\" src=\"https:\/\/www.nutripur.ch\/wp-content\/uploads\/2021\/03\/Nutripur_FruchsnackBio_Erdbeere_25g-934x1024.png\" class=\"attachment-large size-large wp-image-44964\" alt=\"\" srcset=\"https:\/\/www.nutripur.ch\/wp-content\/uploads\/2021\/03\/Nutripur_FruchsnackBio_Erdbeere_25g-934x1024.png 934w, https:\/\/www.nutripur.ch\/wp-content\/uploads\/2021\/03\/Nutripur_FruchsnackBio_Erdbeere_25g-350x384.png 350w, https:\/\/www.nutripur.ch\/wp-content\/uploads\/2021\/03\/Nutripur_FruchsnackBio_Erdbeere_25g-680x745.png 680w, https:\/\/www.nutripur.ch\/wp-content\/uploads\/2021\/03\/Nutripur_FruchsnackBio_Erdbeere_25g-274x300.png 274w, https:\/\/www.nutripur.ch\/wp-content\/uploads\/2021\/03\/Nutripur_FruchsnackBio_Erdbeere_25g-768x842.png 768w, https:\/\/www.nutripur.ch\/wp-content\/uploads\/2021\/03\/Nutripur_FruchsnackBio_Erdbeere_25g-1402x1536.png 1402w, https:\/\/www.nutripur.ch\/wp-content\/uploads\/2021\/03\/Nutripur_FruchsnackBio_Erdbeere_25g-1869x2048.png 1869w\" sizes=\"(max-width: 934px) 100vw, 934px\" \/>\t\t\t\t\t\t\t\t<\/a>\n\t\t\t\t\t\t\t\t\t\t\t\t\t\t\t<\/div>\n\t\t\t\t<\/div>\n\t\t\t\t<div class=\"elementor-element elementor-element-1697012 qbpresse_bild elementor-widget elementor-widget-image\" data-id=\"1697012\" data-element_type=\"widget\" data-e-type=\"widget\" data-widget_type=\"image.default\">\n\t\t\t\t<div class=\"elementor-widget-container\">\n\t\t\t\t\t\t\t\t\t\t\t\t\t\t\t\t<a href=\"https:\/\/www.nutripur.ch\/wp-content\/uploads\/2015\/08\/Nutripur_Fuchtsnacks_Erdbeere_aufFarbe_1588x1588.png\" data-elementor-open-lightbox=\"yes\" data-e-action-hash=\"#elementor-action%3Aaction%3Dlightbox%26settings%3DeyJpZCI6NDQ5MTUsInVybCI6ZmFsc2V9\">\n\t\t\t\t\t\t\t<img decoding=\"async\" src=\"https:\/\/www.nutripur.ch\/wp-content\/uploads\/2015\/08\/Nutripur_Fuchtsnacks_Erdbeere_aufFarbe_1588x1588.png\" title=\"\" alt=\"Gefriergetrocknete Fr\u00fcchte ohne Zus\u00e4tze BIO nat\u00fcrlich Erdbeere Smoothie Bowl\" loading=\"lazy\" \/>\t\t\t\t\t\t\t\t<\/a>\n\t\t\t\t\t\t\t\t\t\t\t\t\t\t\t<\/div>\n\t\t\t\t<\/div>\n\t\t\t\t<div class=\"elementor-element elementor-element-aa2bfa2 qbpresse_bild elementor-widget elementor-widget-image\" data-id=\"aa2bfa2\" data-element_type=\"widget\" data-e-type=\"widget\" data-widget_type=\"image.default\">\n\t\t\t\t<div class=\"elementor-widget-container\">\n\t\t\t\t\t\t\t\t\t\t\t\t\t\t\t\t<a href=\"https:\/\/www.nutripur.ch\/wp-content\/uploads\/2021\/03\/Nutripur_Bowls_MerryBerry_Freisteller_1280x1588.png\" data-elementor-open-lightbox=\"yes\" data-e-action-hash=\"#elementor-action%3Aaction%3Dlightbox%26settings%3DeyJpZCI6NDQ5NjUsInVybCI6ZmFsc2V9\">\n\t\t\t\t\t\t\t<img decoding=\"async\" src=\"https:\/\/www.nutripur.ch\/wp-content\/uploads\/2021\/03\/Nutripur_Bowls_MerryBerry_Freisteller_1280x1588.png\" title=\"\" alt=\"\" loading=\"lazy\" \/>\t\t\t\t\t\t\t\t<\/a>\n\t\t\t\t\t\t\t\t\t\t\t\t\t\t\t<\/div>\n\t\t\t\t<\/div>\n\t\t\t\t<div class=\"elementor-element elementor-element-1f96247 qbpresse_bild elementor-widget elementor-widget-image\" data-id=\"1f96247\" data-element_type=\"widget\" data-e-type=\"widget\" data-widget_type=\"image.default\">\n\t\t\t\t<div class=\"elementor-widget-container\">\n\t\t\t\t\t\t\t\t\t\t\t\t\t\t\t\t<a href=\"https:\/\/www.nutripur.ch\/wp-content\/uploads\/2021\/02\/Nutripur_Bowls_MerryBerry_Mood_Gefriergetrocknet_Frucht.jpg\" data-elementor-open-lightbox=\"yes\" data-elementor-lightbox-title=\"Nutripur_Bowls_MerryBerry_Mood_Gefriergetrocknet_Frucht\" data-e-action-hash=\"#elementor-action%3Aaction%3Dlightbox%26settings%3DeyJpZCI6NDQ5NTAsInVybCI6Imh0dHBzOlwvXC93d3cubnV0cmlwdXIuY2hcL3dwLWNvbnRlbnRcL3VwbG9hZHNcLzIwMjFcLzAyXC9OdXRyaXB1cl9Cb3dsc19NZXJyeUJlcnJ5X01vb2RfR2VmcmllcmdldHJvY2tuZXRfRnJ1Y2h0LmpwZyJ9\">\n\t\t\t\t\t\t\t<img loading=\"lazy\" decoding=\"async\" width=\"1024\" height=\"1024\" src=\"https:\/\/www.nutripur.ch\/wp-content\/uploads\/2021\/02\/Nutripur_Bowls_MerryBerry_Mood_Gefriergetrocknet_Frucht-1024x1024.jpg\" class=\"attachment-large size-large wp-image-44950\" alt=\"\" srcset=\"https:\/\/www.nutripur.ch\/wp-content\/uploads\/2021\/02\/Nutripur_Bowls_MerryBerry_Mood_Gefriergetrocknet_Frucht-1024x1024.jpg 1024w, https:\/\/www.nutripur.ch\/wp-content\/uploads\/2021\/02\/Nutripur_Bowls_MerryBerry_Mood_Gefriergetrocknet_Frucht-350x350.jpg 350w, https:\/\/www.nutripur.ch\/wp-content\/uploads\/2021\/02\/Nutripur_Bowls_MerryBerry_Mood_Gefriergetrocknet_Frucht-100x100.jpg 100w, https:\/\/www.nutripur.ch\/wp-content\/uploads\/2021\/02\/Nutripur_Bowls_MerryBerry_Mood_Gefriergetrocknet_Frucht-680x680.jpg 680w, https:\/\/www.nutripur.ch\/wp-content\/uploads\/2021\/02\/Nutripur_Bowls_MerryBerry_Mood_Gefriergetrocknet_Frucht-300x300.jpg 300w, https:\/\/www.nutripur.ch\/wp-content\/uploads\/2021\/02\/Nutripur_Bowls_MerryBerry_Mood_Gefriergetrocknet_Frucht-150x150.jpg 150w, https:\/\/www.nutripur.ch\/wp-content\/uploads\/2021\/02\/Nutripur_Bowls_MerryBerry_Mood_Gefriergetrocknet_Frucht-768x768.jpg 768w, https:\/\/www.nutripur.ch\/wp-content\/uploads\/2021\/02\/Nutripur_Bowls_MerryBerry_Mood_Gefriergetrocknet_Frucht.jpg 1500w\" sizes=\"(max-width: 1024px) 100vw, 1024px\" \/>\t\t\t\t\t\t\t\t<\/a>\n\t\t\t\t\t\t\t\t\t\t\t\t\t\t\t<\/div>\n\t\t\t\t<\/div>\n\t\t\t\t\t<\/div>\n\t\t\t\t<\/div>\n\t\t\t\t\t<\/div>\n\t\t\t\t<\/div>\n\t\t\t\t<\/div>\n\t\t","protected":false},"excerpt":{"rendered":"<p>Espace presse NutriPur ! Tu es un repr\u00e9sentant des m\u00e9dias ou un blogueur et tu souhaites parler de nous ?Tu trouveras ici des informations actuelles sur NutriPur et nos produits. N&rsquo;h\u00e9sitez pas \u00e0 t\u00e9l\u00e9charger le logo NutriPur ainsi que d&rsquo;autres images et textes pour vos reportages sur NutriPur.Si vous utilisez ces images, que ce soit &hellip;<\/p>\n","protected":false},"author":3,"featured_media":0,"parent":0,"menu_order":0,"comment_status":"closed","ping_status":"closed","template":"","meta":{"_seopress_robots_primary_cat":"0","_seopress_titles_title":"","_seopress_titles_desc":"","_seopress_robots_index":"","footnotes":""},"class_list":["post-45800","page","type-page","status-publish","hentry"],"_links":{"self":[{"href":"https:\/\/www.nutripur.ch\/fr\/wp-json\/wp\/v2\/pages\/45800","targetHints":{"allow":["GET"]}}],"collection":[{"href":"https:\/\/www.nutripur.ch\/fr\/wp-json\/wp\/v2\/pages"}],"about":[{"href":"https:\/\/www.nutripur.ch\/fr\/wp-json\/wp\/v2\/types\/page"}],"author":[{"embeddable":true,"href":"https:\/\/www.nutripur.ch\/fr\/wp-json\/wp\/v2\/users\/3"}],"replies":[{"embeddable":true,"href":"https:\/\/www.nutripur.ch\/fr\/wp-json\/wp\/v2\/comments?post=45800"}],"version-history":[{"count":0,"href":"https:\/\/www.nutripur.ch\/fr\/wp-json\/wp\/v2\/pages\/45800\/revisions"}],"wp:attachment":[{"href":"https:\/\/www.nutripur.ch\/fr\/wp-json\/wp\/v2\/media?parent=45800"}],"curies":[{"name":"wp","href":"https:\/\/api.w.org\/{rel}","templated":true}]}}