{"id":45753,"date":"2020-08-19T14:52:27","date_gmt":"2020-08-19T12:52:27","guid":{"rendered":"https:\/\/www.nutripur.eu\/paiement-expedition-livraison\/"},"modified":"2024-04-12T12:38:13","modified_gmt":"2024-04-12T10:38:13","slug":"paiement-expedition-livraison","status":"publish","type":"page","link":"https:\/\/www.nutripur.ch\/fr\/paiement-expedition-livraison\/","title":{"rendered":"Paiement, exp\u00e9dition &amp; livraison"},"content":{"rendered":"\t\t<div data-elementor-type=\"wp-page\" data-elementor-id=\"45753\" class=\"elementor elementor-45753 elementor-7295\" data-elementor-post-type=\"page\">\n\t\t\t\t<div class=\"elementor-element elementor-element-0620e5e e-flex e-con-boxed e-con e-parent\" data-id=\"0620e5e\" data-element_type=\"container\" data-e-type=\"container\">\n\t\t\t\t\t<div class=\"e-con-inner\">\n\t\t\t\t<div class=\"elementor-element elementor-element-edca63d elementor-widget elementor-widget-heading\" data-id=\"edca63d\" data-element_type=\"widget\" data-e-type=\"widget\" data-widget_type=\"heading.default\">\n\t\t\t\t<div class=\"elementor-widget-container\">\n\t\t\t\t\t<h1 class=\"elementor-heading-title elementor-size-default\">Prix, frais de port &amp; informations sur la livraison<\/h1>\t\t\t\t<\/div>\n\t\t\t\t<\/div>\n\t\t\t\t<div class=\"elementor-element elementor-element-c00171b elementor-widget elementor-widget-text-editor\" data-id=\"c00171b\" data-element_type=\"widget\" data-e-type=\"widget\" data-widget_type=\"text-editor.default\">\n\t\t\t\t<div class=\"elementor-widget-container\">\n\t\t\t\t\t\t\t\t\t(1) Les prix indiqu\u00e9s sur les pages des produits comprennent la TVA et d&rsquo;autres \u00e9l\u00e9ments de prix.\n<br>\n(2) En plus des prix indiqu\u00e9s, nous facturons la livraison, les frais de port et d&#8217;emballage :\t\t\t\t\t\t\t\t<\/div>\n\t\t\t\t<\/div>\n\t\t\t\t\t<\/div>\n\t\t\t\t<\/div>\n\t\t<div class=\"elementor-element elementor-element-744d28c e-flex e-con-boxed e-con e-parent\" data-id=\"744d28c\" data-element_type=\"container\" data-e-type=\"container\">\n\t\t\t\t\t<div class=\"e-con-inner\">\n\t\t\t\t<div class=\"elementor-element elementor-element-a70dedd elementor-widget elementor-widget-text-editor\" data-id=\"a70dedd\" data-element_type=\"widget\" data-e-type=\"widget\" data-widget_type=\"text-editor.default\">\n\t\t\t\t<div class=\"elementor-widget-container\">\n\t\t\t\t\t\t\t\t\t<strong>En Suisse et au Liechtenstein<\/strong>:<br>\nColis DHL <strong>9,50 CHF par commande<\/strong>.<br>\n<strong>Gratuit<\/strong> \u00e0 partir d&rsquo;une commande de <strong>100 CHF<\/strong>\t\t\t\t\t\t\t\t<\/div>\n\t\t\t\t<\/div>\n\t\t\t\t\t<\/div>\n\t\t\t\t<\/div>\n\t\t\t\t<\/div>\n\t\t","protected":false},"excerpt":{"rendered":"<p>Prix, frais de port &amp; informations sur la livraison (1) Les prix indiqu\u00e9s sur les pages des produits comprennent la TVA et d&rsquo;autres \u00e9l\u00e9ments de prix. (2) En plus des prix indiqu\u00e9s, nous facturons la livraison, les frais de port et d&#8217;emballage :En Suisse et au Liechtenstein: Colis DHL 9,50 CHF par commande. Gratuit \u00e0 &hellip;<\/p>\n","protected":false},"author":1,"featured_media":0,"parent":0,"menu_order":0,"comment_status":"closed","ping_status":"closed","template":"","meta":{"_seopress_robots_primary_cat":"","_seopress_titles_title":"","_seopress_titles_desc":"","_seopress_robots_index":"","footnotes":""},"class_list":["post-45753","page","type-page","status-publish","hentry"],"_links":{"self":[{"href":"https:\/\/www.nutripur.ch\/fr\/wp-json\/wp\/v2\/pages\/45753","targetHints":{"allow":["GET"]}}],"collection":[{"href":"https:\/\/www.nutripur.ch\/fr\/wp-json\/wp\/v2\/pages"}],"about":[{"href":"https:\/\/www.nutripur.ch\/fr\/wp-json\/wp\/v2\/types\/page"}],"author":[{"embeddable":true,"href":"https:\/\/www.nutripur.ch\/fr\/wp-json\/wp\/v2\/users\/1"}],"replies":[{"embeddable":true,"href":"https:\/\/www.nutripur.ch\/fr\/wp-json\/wp\/v2\/comments?post=45753"}],"version-history":[{"count":0,"href":"https:\/\/www.nutripur.ch\/fr\/wp-json\/wp\/v2\/pages\/45753\/revisions"}],"wp:attachment":[{"href":"https:\/\/www.nutripur.ch\/fr\/wp-json\/wp\/v2\/media?parent=45753"}],"curies":[{"name":"wp","href":"https:\/\/api.w.org\/{rel}","templated":true}]}}