{"id":45715,"date":"2019-10-17T09:33:52","date_gmt":"2019-10-17T07:33:52","guid":{"rendered":"https:\/\/www.nutripur.eu\/modes-de-paiement\/"},"modified":"2024-04-12T12:26:07","modified_gmt":"2024-04-12T10:26:07","slug":"modes-de-paiement","status":"publish","type":"page","link":"https:\/\/www.nutripur.ch\/fr\/modes-de-paiement\/","title":{"rendered":"Modes de paiement"},"content":{"rendered":"\t\t<div data-elementor-type=\"wp-page\" data-elementor-id=\"45715\" class=\"elementor elementor-45715 elementor-2316\" data-elementor-post-type=\"page\">\n\t\t\t\t<div class=\"elementor-element elementor-element-b5bba41 e-flex e-con-boxed e-con e-parent\" data-id=\"b5bba41\" data-element_type=\"container\" data-e-type=\"container\">\n\t\t\t\t\t<div class=\"e-con-inner\">\n\t\t\t\t<div class=\"elementor-element elementor-element-b240aa7 elementor-widget elementor-widget-heading\" data-id=\"b240aa7\" data-element_type=\"widget\" data-e-type=\"widget\" data-widget_type=\"heading.default\">\n\t\t\t\t<div class=\"elementor-widget-container\">\n\t\t\t\t\t<h1 class=\"elementor-heading-title elementor-size-default\">Informations sur le paiement<\/h1>\t\t\t\t<\/div>\n\t\t\t\t<\/div>\n\t\t\t\t<div class=\"elementor-element elementor-element-1d59e6e elementor-widget elementor-widget-text-editor\" data-id=\"1d59e6e\" data-element_type=\"widget\" data-e-type=\"widget\" data-widget_type=\"text-editor.default\">\n\t\t\t\t<div class=\"elementor-widget-container\">\n\t\t\t\t\t\t\t\t\t<p>Les prix indiqu\u00e9s sur les pages des produits incluent la TVA et d&rsquo;autres \u00e9l\u00e9ments de prix.<\/p>\n<p>Vous pouvez payer au choix par paiement anticip\u00e9, PayPal Plus (y compris facture via Paypal, et paiement par carte de cr\u00e9dit via Paypal), ainsi que par virement imm\u00e9diat.<\/p>\n<p><strong>Paiement anticip\u00e9<\/strong><br \/>Si vous choisissez le paiement anticip\u00e9, nous vous communiquerons nos coordonn\u00e9es bancaires dans un e-mail s\u00e9par\u00e9 et nous vous livrerons la marchandise apr\u00e8s r\u00e9ception du paiement.<\/p>\n<p><strong>PayPal Plus<\/strong><br \/>Dans le cadre du service de paiement PayPal Plus, nous vous proposons diff\u00e9rentes m\u00e9thodes de paiement en tant que services PayPal. Vous serez redirig\u00e9 vers le site du fournisseur en ligne PayPal. Vous pouvez y indiquer vos donn\u00e9es de paiement, confirmer l&rsquo;utilisation de vos donn\u00e9es par PayPal et l&rsquo;ordre de paiement \u00e0 PayPal.<\/p>\n<p>Si vous avez choisi le mode de paiement <strong>PayPal<\/strong>, vous devez y \u00eatre inscrit ou vous inscrire et vous l\u00e9gitimer avec vos donn\u00e9es d&rsquo;acc\u00e8s pour pouvoir payer le montant de la facture. La transaction de paiement est effectu\u00e9e automatiquement par PayPal imm\u00e9diatement apr\u00e8s la confirmation de l&rsquo;ordre de paiement. Vous trouverez d&rsquo;autres indications lors du processus de commande.<\/p>\n<p>Si vous avez choisi le mode de paiement <strong>par carte de cr\u00e9dit<\/strong>, vous n&rsquo;avez pas besoin d&rsquo;\u00eatre enregistr\u00e9 aupr\u00e8s de PayPal pour pouvoir payer le montant de la facture. La transaction de paiement est effectu\u00e9e et votre carte est d\u00e9bit\u00e9e par la soci\u00e9t\u00e9 \u00e9mettrice de votre carte de cr\u00e9dit, \u00e0 la demande de PayPal, imm\u00e9diatement apr\u00e8s la confirmation de l&rsquo;instruction de paiement et apr\u00e8s que vous vous soyez l\u00e9gitim\u00e9 en tant que titulaire l\u00e9gitime de la carte. Vous trouverez d&rsquo;autres indications lors du processus de commande.<\/p>\n<p>Si vous avez choisi le mode de paiement <strong>par facture<\/strong>, vous ne devez pas \u00eatre enregistr\u00e9 aupr\u00e8s de PayPal pour pouvoir payer le montant de la facture. Apr\u00e8s avoir v\u00e9rifi\u00e9 avec succ\u00e8s l&rsquo;adresse et la solvabilit\u00e9 et pass\u00e9 la commande, nous c\u00e9dons notre cr\u00e9ance \u00e0 PayPal. Dans ce cas, vous ne pouvez payer qu&rsquo;\u00e0 PayPal avec effet lib\u00e9ratoire. Pour le traitement des paiements via PayPal, les conditions g\u00e9n\u00e9rales et la d\u00e9claration de protection des donn\u00e9es de PayPal s&rsquo;appliquent &#8211; en compl\u00e9ment de nos conditions g\u00e9n\u00e9rales. Vous trouverez plus d&rsquo;informations et les conditions g\u00e9n\u00e9rales compl\u00e8tes de PayPal sur l&rsquo;achat par facture ici <a href=\"https:\/\/www.paypal.com\/de\/webapps\/mpp\/ua\/pui-terms?locale.x=de_DE\">: https:\/\/www.paypal.com\/de\/webapps\/mpp\/ua\/pui-terms?locale.x=de_DE.<\/a><\/p>\n<p><strong>Imm\u00e9diatement by klarna<\/strong><br \/>Apr\u00e8s avoir pass\u00e9 votre commande, vous serez redirig\u00e9 vers le site web du fournisseur en ligne Sofort GmbH. Pour pouvoir payer le montant de la facture via Sofort, vous devez disposer d&rsquo;un compte bancaire activ\u00e9 pour les op\u00e9rations bancaires en ligne, vous l\u00e9gitimer en cons\u00e9quence et confirmer l&rsquo;ordre de paiement \u00e0 notre intention. Vous trouverez d&rsquo;autres indications lors du processus de commande. La transaction de paiement est effectu\u00e9e imm\u00e9diatement apr\u00e8s par Sofort et votre compte est d\u00e9bit\u00e9.<\/p>\n\t\t\t\t\t\t\t\t<\/div>\n\t\t\t\t<\/div>\n\t\t\t\t\t<\/div>\n\t\t\t\t<\/div>\n\t\t\t\t<\/div>\n\t\t","protected":false},"excerpt":{"rendered":"<p>Informations sur le paiement Les prix indiqu\u00e9s sur les pages des produits incluent la TVA et d&rsquo;autres \u00e9l\u00e9ments de prix. Vous pouvez payer au choix par paiement anticip\u00e9, PayPal Plus (y compris facture via Paypal, et paiement par carte de cr\u00e9dit via Paypal), ainsi que par virement imm\u00e9diat. Paiement anticip\u00e9Si vous choisissez le paiement anticip\u00e9, &hellip;<\/p>\n","protected":false},"author":1,"featured_media":0,"parent":0,"menu_order":0,"comment_status":"closed","ping_status":"closed","template":"","meta":{"_seopress_robots_primary_cat":"0","_seopress_titles_title":"","_seopress_titles_desc":"","_seopress_robots_index":"","footnotes":""},"class_list":["post-45715","page","type-page","status-publish","hentry"],"_links":{"self":[{"href":"https:\/\/www.nutripur.ch\/fr\/wp-json\/wp\/v2\/pages\/45715","targetHints":{"allow":["GET"]}}],"collection":[{"href":"https:\/\/www.nutripur.ch\/fr\/wp-json\/wp\/v2\/pages"}],"about":[{"href":"https:\/\/www.nutripur.ch\/fr\/wp-json\/wp\/v2\/types\/page"}],"author":[{"embeddable":true,"href":"https:\/\/www.nutripur.ch\/fr\/wp-json\/wp\/v2\/users\/1"}],"replies":[{"embeddable":true,"href":"https:\/\/www.nutripur.ch\/fr\/wp-json\/wp\/v2\/comments?post=45715"}],"version-history":[{"count":0,"href":"https:\/\/www.nutripur.ch\/fr\/wp-json\/wp\/v2\/pages\/45715\/revisions"}],"wp:attachment":[{"href":"https:\/\/www.nutripur.ch\/fr\/wp-json\/wp\/v2\/media?parent=45715"}],"curies":[{"name":"wp","href":"https:\/\/api.w.org\/{rel}","templated":true}]}}