{"id":45714,"date":"2019-08-05T12:53:05","date_gmt":"2019-08-05T10:53:05","guid":{"rendered":"https:\/\/www.nutripur.eu\/mentions-legales\/"},"modified":"2025-02-07T19:45:19","modified_gmt":"2025-02-07T18:45:19","slug":"mentions-legales","status":"publish","type":"page","link":"https:\/\/www.nutripur.ch\/fr\/mentions-legales\/","title":{"rendered":"Mentions l\u00e9gales"},"content":{"rendered":"\t\t<div data-elementor-type=\"wp-page\" data-elementor-id=\"45714\" class=\"elementor elementor-45714 elementor-1213\" data-elementor-post-type=\"page\">\n\t\t\t\t<div class=\"elementor-element elementor-element-03c4b0c e-flex e-con-boxed e-con e-parent\" data-id=\"03c4b0c\" data-element_type=\"container\" data-e-type=\"container\">\n\t\t\t\t\t<div class=\"e-con-inner\">\n\t\t\t\t<div class=\"elementor-element elementor-element-fa50438 elementor-widget elementor-widget-heading\" data-id=\"fa50438\" data-element_type=\"widget\" data-e-type=\"widget\" data-widget_type=\"heading.default\">\n\t\t\t\t<div class=\"elementor-widget-container\">\n\t\t\t\t\t<h1 class=\"elementor-heading-title elementor-size-default\">Mentions l\u00e9gales<\/h1>\t\t\t\t<\/div>\n\t\t\t\t<\/div>\n\t\t\t\t\t<\/div>\n\t\t\t\t<\/div>\n\t\t<div class=\"elementor-element elementor-element-68a3c30 e-flex e-con-boxed e-con e-parent\" data-id=\"68a3c30\" data-element_type=\"container\" data-e-type=\"container\">\n\t\t\t\t\t<div class=\"e-con-inner\">\n\t\t\t\t<div class=\"elementor-element elementor-element-4b0f2d2 elementor-widget elementor-widget-text-editor\" data-id=\"4b0f2d2\" data-element_type=\"widget\" data-e-type=\"widget\" data-widget_type=\"text-editor.default\">\n\t\t\t\t<div class=\"elementor-widget-container\">\n\t\t\t\t\t\t\t\t\t<p>Von Graffenried AG Treuhand<br>Waaghausgasse 1<br>3001 Bern<br>Suisse<br>Num\u00e9ro d&rsquo;identification de l&rsquo;entreprise : CHE-462.527.809<\/p>\n<p>NutriPur GmbH<br>Weststra\u00dfe 35, 06126 Halle Saale, Deutschland<br>T\u00e9l\u00e9phone: 0049345 27952350<br>Courrier \u00e9lectronique: info@nutripur.eu<br>Directeur g\u00e9n\u00e9ral: Heiko Gothe<br>Registre du commerce: Stendal, HRB 28580<br>Num\u00e9ro d&rsquo;identification de la taxe sur le chiffre d&rsquo;affaires : DE331760128<\/p>\n<p>Responsable selon le \u00a7 55 RStV :<br>Heiko Gothe, Weststr. 35, 06126 Halle<\/p>\n<p>Contr\u00f4l\u00e9 par :<\/p>\n<p>Gr\u00fcnstempel\u00ae DE-\u00d6KO-021 <a href=\"https:\/\/www.nutripur.eu\/wp-content\/uploads\/2023\/09\/BIO_Zertifikat_NutriPur_2023.pdf\">Certificat BIO actuel<\/a><br>Gestion de la qualit\u00e9 certifi\u00e9e par l&rsquo;institut Fresenius&nbsp;<a href=\"https:\/\/www.nutripur.eu\/wp-content\/uploads\/2023\/09\/GLK_Zertifikat_NutriPur-GmbH_2023_DE.pdf\">Gestion de la qualit\u00e9 certifi\u00e9e par l&rsquo;Institut Fresenius<\/a><br>T\u00dcV S\u00dcD <a href=\"https:\/\/www.nutripur.eu\/wp-content\/uploads\/2023\/09\/IFSFood_Zertifikat__NutriPur_2022_de.pdf\">IFS Food 7.0&nbsp;<\/a><\/p>\n<p>Webdesign &amp; d\u00e9veloppement web : <a href=\"https:\/\/kubi.digital\" target=\"_blank\" rel=\"noopener\">Kubilay Kocak<\/a><\/p>\t\t\t\t\t\t\t\t<\/div>\n\t\t\t\t<\/div>\n\t\t\t\t\t<\/div>\n\t\t\t\t<\/div>\n\t\t\t\t<\/div>\n\t\t","protected":false},"excerpt":{"rendered":"<p>Mentions l\u00e9gales Von Graffenried AG TreuhandWaaghausgasse 13001 BernSuisseNum\u00e9ro d&rsquo;identification de l&rsquo;entreprise : CHE-462.527.809 NutriPur GmbHWeststra\u00dfe 35, 06126 Halle Saale, DeutschlandT\u00e9l\u00e9phone: 0049345 27952350Courrier \u00e9lectronique: info@nutripur.euDirecteur g\u00e9n\u00e9ral: Heiko GotheRegistre du commerce: Stendal, HRB 28580Num\u00e9ro d&rsquo;identification de la taxe sur le chiffre d&rsquo;affaires : DE331760128 Responsable selon le \u00a7 55 RStV :Heiko Gothe, Weststr. 35, 06126 Halle Contr\u00f4l\u00e9 &hellip;<\/p>\n","protected":false},"author":1,"featured_media":0,"parent":0,"menu_order":0,"comment_status":"closed","ping_status":"closed","template":"","meta":{"_seopress_robots_primary_cat":"","_seopress_titles_title":"","_seopress_titles_desc":"","_seopress_robots_index":"","footnotes":""},"class_list":["post-45714","page","type-page","status-publish","hentry"],"_links":{"self":[{"href":"https:\/\/www.nutripur.ch\/fr\/wp-json\/wp\/v2\/pages\/45714","targetHints":{"allow":["GET"]}}],"collection":[{"href":"https:\/\/www.nutripur.ch\/fr\/wp-json\/wp\/v2\/pages"}],"about":[{"href":"https:\/\/www.nutripur.ch\/fr\/wp-json\/wp\/v2\/types\/page"}],"author":[{"embeddable":true,"href":"https:\/\/www.nutripur.ch\/fr\/wp-json\/wp\/v2\/users\/1"}],"replies":[{"embeddable":true,"href":"https:\/\/www.nutripur.ch\/fr\/wp-json\/wp\/v2\/comments?post=45714"}],"version-history":[{"count":0,"href":"https:\/\/www.nutripur.ch\/fr\/wp-json\/wp\/v2\/pages\/45714\/revisions"}],"wp:attachment":[{"href":"https:\/\/www.nutripur.ch\/fr\/wp-json\/wp\/v2\/media?parent=45714"}],"curies":[{"name":"wp","href":"https:\/\/api.w.org\/{rel}","templated":true}]}}