{"id":45713,"date":"2019-10-17T09:33:52","date_gmt":"2019-10-17T07:33:52","guid":{"rendered":"https:\/\/www.nutripur.eu\/information-sur-le-droit-de-retractation\/"},"modified":"2025-02-07T13:59:16","modified_gmt":"2025-02-07T12:59:16","slug":"information-sur-le-droit-de-retractation","status":"publish","type":"page","link":"https:\/\/www.nutripur.ch\/fr\/information-sur-le-droit-de-retractation\/","title":{"rendered":"Information sur le droit de r\u00e9tractation"},"content":{"rendered":"\t\t<div data-elementor-type=\"wp-page\" data-elementor-id=\"45713\" class=\"elementor elementor-45713 elementor-2314\" data-elementor-post-type=\"page\">\n\t\t\t\t<div class=\"elementor-element elementor-element-1ddc6cb2 e-flex e-con-boxed e-con e-parent\" data-id=\"1ddc6cb2\" data-element_type=\"container\" data-e-type=\"container\">\n\t\t\t\t\t<div class=\"e-con-inner\">\n\t\t\t\t<div class=\"elementor-element elementor-element-675f96b elementor-widget elementor-widget-heading\" data-id=\"675f96b\" data-element_type=\"widget\" data-e-type=\"widget\" data-widget_type=\"heading.default\">\n\t\t\t\t<div class=\"elementor-widget-container\">\n\t\t\t\t\t<h1 class=\"elementor-heading-title elementor-size-default\">Information sur le droit de r\u00e9tractation<\/h1>\t\t\t\t<\/div>\n\t\t\t\t<\/div>\n\t\t\t\t<div class=\"elementor-element elementor-element-32bb5512 elementor-widget elementor-widget-text-editor\" data-id=\"32bb5512\" data-element_type=\"widget\" data-e-type=\"widget\" data-widget_type=\"text-editor.default\">\n\t\t\t\t<div class=\"elementor-widget-container\">\n\t\t\t\t\t\t\t\t\t<p><strong>Droit de r\u00e9tractation<\/strong><\/p>\n<p>Vous avez le droit de vous r\u00e9tracter du pr\u00e9sent contrat dans un d\u00e9lai de quatorze jours sans donner de motif.<\/p>\n<p>Le d\u00e9lai de r\u00e9tractation est de quatorze jours \u00e0 compter du jour o\u00f9 vous, ou un tiers autre que le transporteur et d\u00e9sign\u00e9 par vous, avez pris possession des marchandises.<\/p>\n<p>Pour exercer votre droit de r\u00e9tractation, vous devez nous informer (NutriPur GmbH, Weststr. 35, 06126 Halle, Allemagne, info@nutripur.eu, T\u00e9l\u00e9phone : 0049 345 27952350, Fax : 0049 345 27952352) de votre d\u00e9cision de r\u00e9tractation du pr\u00e9sent contrat au moyen d&rsquo;une d\u00e9claration d\u00e9nu\u00e9e d&rsquo;ambigu\u00eft\u00e9 (par ex. lettre envoy\u00e9e par la poste, t\u00e9l\u00e9copie ou courrier \u00e9lectronique). Vous pouvez utiliser \u00e0 cet effet le mod\u00e8le de formulaire de r\u00e9tractation ci-joint, qui n&rsquo;est toutefois pas obligatoire.<\/p>\n<p>Pour que le d\u00e9lai de r\u00e9tractation soit respect\u00e9, il suffit que vous envoyiez la communication relative \u00e0 l&rsquo;exercice du droit de r\u00e9tractation avant l&rsquo;expiration du d\u00e9lai de r\u00e9tractation.<\/p>\n<p><strong>Cons\u00e9quences de la r\u00e9vocation<\/strong><\/p>\n<p>En cas de r\u00e9tractation du pr\u00e9sent contrat, nous vous rembourserons tous les paiements re\u00e7us de votre part, y compris les frais de livraison (\u00e0 l&rsquo;exception des frais suppl\u00e9mentaires d\u00e9coulant du fait que vous avez choisi un mode de livraison autre que le mode de livraison standard le moins cher que nous proposons), sans retard excessif et au plus tard quatorze jours \u00e0 compter de la date \u00e0 laquelle nous aurons re\u00e7u la communication de votre d\u00e9cision de r\u00e9tractation du pr\u00e9sent contrat. Pour ce remboursement, nous utilisons le m\u00eame moyen de paiement que celui que vous avez utilis\u00e9 pour la transaction initiale, \u00e0 moins qu&rsquo;il n&rsquo;en ait \u00e9t\u00e9 express\u00e9ment convenu autrement avec vous ; en aucun cas, des frais ne vous seront factur\u00e9s pour ce remboursement. Nous pouvons refuser le remboursement jusqu&rsquo;\u00e0 ce que nous ayons r\u00e9cup\u00e9r\u00e9 les marchandises ou jusqu&rsquo;\u00e0 ce que vous ayez fourni la preuve que vous avez renvoy\u00e9 les marchandises, la date retenue \u00e9tant la plus proche.<\/p>\n<p>Vous devez nous renvoyer ou nous remettre les marchandises sans retard excessif et, en tout \u00e9tat de cause, au plus tard quatorze jours \u00e0 compter du jour o\u00f9 vous nous informez de votre d\u00e9cision de r\u00e9tractation du pr\u00e9sent contrat. Le d\u00e9lai est respect\u00e9 si vous renvoyez les marchandises avant l&rsquo;expiration du d\u00e9lai de quatorze jours. Les frais directs de renvoi des marchandises sont \u00e0 votre charge. Vous n&rsquo;\u00eates tenu d&rsquo;assumer la responsabilit\u00e9 d&rsquo;une \u00e9ventuelle d\u00e9pr\u00e9ciation des biens que si cette d\u00e9pr\u00e9ciation est due \u00e0 une manipulation des biens qui n&rsquo;est pas n\u00e9cessaire pour en v\u00e9rifier la nature, les caract\u00e9ristiques et le fonctionnement.<\/p>\n<p><span style=\"color: var( --e-global-color-text ); font-family: var( --e-global-typography-text-font-family ), Sans-serif; font-weight: var( --e-global-typography-text-font-weight ); text-align: var(--text-align);\">Le droit de r\u00e9tractation ne s&rsquo;applique pas aux contrats suivants :<\/span><\/p>\n<ul>\n<li>les contrats de fourniture de biens scell\u00e9s qui ne peuvent \u00eatre renvoy\u00e9s pour des raisons de protection de la sant\u00e9 ou d&rsquo;hygi\u00e8ne, si leur sceau a \u00e9t\u00e9 retir\u00e9 apr\u00e8s la livraison.<\/li>\n<\/ul>\n\t\t\t\t\t\t\t\t<\/div>\n\t\t\t\t<\/div>\n\t\t\t\t<div class=\"elementor-element elementor-element-e6b7250 elementor-widget elementor-widget-text-editor\" data-id=\"e6b7250\" data-element_type=\"widget\" data-e-type=\"widget\" data-widget_type=\"text-editor.default\">\n\t\t\t\t<div class=\"elementor-widget-container\">\n\t\t\t\t\t\t\t\t\t<div style=\"border: 1px solid black; padding: 10px;\">\n<p><strong>Mod\u00e8le de formulaire de r\u00e9tractation<\/strong><\/p>\n<p><i>(Si vous souhaitez vous r\u00e9tracter, veuillez remplir et renvoyer ce formulaire).<\/i><\/p>\n<p>&#8211; A NutriPur GmbH, Weststr. 35 , 06126 Halle, info@nutripur.eu, Allemagne, Fax : 0049 345 27952352<\/p>\n<p>&#8211; Par la pr\u00e9sente, je\/nous (*) r\u00e9voque(ons) le contrat que j&rsquo;ai\/nous avons (*) conclu pour l&rsquo;achat des marchandises suivantes (*)\/la fourniture du service suivant (*)<\/p>\n<p><span style=\"color: var( --e-global-color-text ); font-family: var( --e-global-typography-text-font-family ), Sans-serif; font-weight: var( --e-global-typography-text-font-weight ); text-align: var(--text-align);\">&#8211; Command\u00e9 le (*)\/re\u00e7u le (*)<\/span><\/p>\n<p>&#8211; Nom du\/des consommateur(s)<\/p>\n<p>&#8211; Adresse du\/des consommateur(s)<\/p>\n<p>&#8211; Signature du\/des consommateur(s) (uniquement en cas de communication sur papier)<\/p>\n<p>&#8211; Date<\/p>\n<p><i>(*) Biffer la mention inutile.<\/i><\/p>\n<\/div>\n\t\t\t\t\t\t\t\t<\/div>\n\t\t\t\t<\/div>\n\t\t\t\t\t<\/div>\n\t\t\t\t<\/div>\n\t\t\t\t<\/div>\n\t\t","protected":false},"excerpt":{"rendered":"<p>Information sur le droit de r\u00e9tractation Droit de r\u00e9tractation Vous avez le droit de vous r\u00e9tracter du pr\u00e9sent contrat dans un d\u00e9lai de quatorze jours sans donner de motif. Le d\u00e9lai de r\u00e9tractation est de quatorze jours \u00e0 compter du jour o\u00f9 vous, ou un tiers autre que le transporteur et d\u00e9sign\u00e9 par vous, avez &hellip;<\/p>\n","protected":false},"author":1,"featured_media":0,"parent":0,"menu_order":0,"comment_status":"closed","ping_status":"closed","template":"","meta":{"_seopress_robots_primary_cat":"","_seopress_titles_title":"","_seopress_titles_desc":"","_seopress_robots_index":"","footnotes":""},"class_list":["post-45713","page","type-page","status-publish","hentry"],"_links":{"self":[{"href":"https:\/\/www.nutripur.ch\/fr\/wp-json\/wp\/v2\/pages\/45713","targetHints":{"allow":["GET"]}}],"collection":[{"href":"https:\/\/www.nutripur.ch\/fr\/wp-json\/wp\/v2\/pages"}],"about":[{"href":"https:\/\/www.nutripur.ch\/fr\/wp-json\/wp\/v2\/types\/page"}],"author":[{"embeddable":true,"href":"https:\/\/www.nutripur.ch\/fr\/wp-json\/wp\/v2\/users\/1"}],"replies":[{"embeddable":true,"href":"https:\/\/www.nutripur.ch\/fr\/wp-json\/wp\/v2\/comments?post=45713"}],"version-history":[{"count":0,"href":"https:\/\/www.nutripur.ch\/fr\/wp-json\/wp\/v2\/pages\/45713\/revisions"}],"wp:attachment":[{"href":"https:\/\/www.nutripur.ch\/fr\/wp-json\/wp\/v2\/media?parent=45713"}],"curies":[{"name":"wp","href":"https:\/\/api.w.org\/{rel}","templated":true}]}}