{"id":88518,"date":"2024-07-30T10:50:39","date_gmt":"2024-07-30T08:50:39","guid":{"rendered":"https:\/\/www.nutripur.ch\/uncategorized\/super-isolate-whey-protein-cinnamon\/"},"modified":"2025-11-26T11:29:48","modified_gmt":"2025-11-26T10:29:48","slug":"super-isolate-whey-protein-cinnamon","status":"publish","type":"product","link":"https:\/\/www.nutripur.ch\/en\/proteins\/super-isolate-whey-protein-cinnamon\/","title":{"rendered":"Super Isolate Whey Protein &#8211; Cinnamon"},"content":{"rendered":"\t\t<div data-elementor-type=\"product-post\" data-elementor-id=\"88518\" class=\"elementor elementor-88518 elementor-87996\" data-elementor-post-type=\"product\">\n\t\t\t\t<div class=\"elementor-element elementor-element-d35bf8b e-con-full qb--desc-box e-flex e-con e-parent\" data-id=\"d35bf8b\" data-element_type=\"container\" data-e-type=\"container\" data-settings=\"{&quot;background_background&quot;:&quot;classic&quot;}\">\n\t\t<div class=\"elementor-element elementor-element-2fa286e e-con-full qb--desc-img e-flex e-con e-child\" data-id=\"2fa286e\" data-element_type=\"container\" data-e-type=\"container\" data-settings=\"{&quot;background_background&quot;:&quot;classic&quot;}\">\n\t\t\t\t<\/div>\n\t\t<div class=\"elementor-element elementor-element-062f1df e-con-full qb--desc-text e-flex e-con e-child\" data-id=\"062f1df\" data-element_type=\"container\" data-e-type=\"container\" data-settings=\"{&quot;background_background&quot;:&quot;classic&quot;}\">\n\t\t<div class=\"elementor-element elementor-element-b605473 e-con-full e-flex e-con e-child\" data-id=\"b605473\" data-element_type=\"container\" data-e-type=\"container\">\n\t\t\t\t<div class=\"elementor-element elementor-element-6724c3a elementor-widget elementor-widget-heading\" data-id=\"6724c3a\" data-element_type=\"widget\" data-e-type=\"widget\" data-widget_type=\"heading.default\">\n\t\t\t\t<div class=\"elementor-widget-container\">\n\t\t\t\t\t<h2 class=\"elementor-heading-title elementor-size-default\">100% Super Isolat Whey Protein - <br>Zimt<\/h2>\t\t\t\t<\/div>\n\t\t\t\t<\/div>\n\t\t\t\t<div class=\"elementor-element elementor-element-3da57bd elementor-widget elementor-widget-text-editor\" data-id=\"3da57bd\" data-element_type=\"widget\" data-e-type=\"widget\" data-widget_type=\"text-editor.default\">\n\t\t\t\t<div class=\"elementor-widget-container\">\n\t\t\t\t\t\t\t\t\t<p>Unser Proteinpulver Zimt erm\u00f6glicht dir eine breite Palette von Anwendungen in der K\u00fcche. Du kannst es als Mehlersatz in s\u00fc\u00dfen Backwaren, Pfannkuchen oder Muffins verwenden, um ihnen einen proteinreichen Schub und einen zimtig-s\u00fc\u00dfen Geschmack zu verleihen. Lust auf M\u00fcsli mit Zimtgeschmack? Einfach das Whey-Protein-Zimtpulver einr\u00fchren. Mit einem hohen Gehalt an Protein unterst\u00fctzt das Whey-Protein deinen K\u00f6rper optimal bei der Erholung nach dem Sport oder gibt dir den n\u00f6tigen Drive in einem stressigen Alltag.<\/p>\t\t\t\t\t\t\t\t<\/div>\n\t\t\t\t<\/div>\n\t\t\t\t<\/div>\n\t\t\t\t<\/div>\n\t\t\t\t<\/div>\n\t\t<div class=\"elementor-element elementor-element-a5b5e37 e-con-full qb--desc-box e-flex e-con e-parent\" data-id=\"a5b5e37\" data-element_type=\"container\" data-e-type=\"container\" data-settings=\"{&quot;background_background&quot;:&quot;classic&quot;}\">\n\t\t<div class=\"elementor-element elementor-element-d9ab04b e-con-full qb--desc-text e-flex e-con e-child\" data-id=\"d9ab04b\" data-element_type=\"container\" data-e-type=\"container\" data-settings=\"{&quot;background_background&quot;:&quot;classic&quot;}\">\n\t\t<div class=\"elementor-element elementor-element-4b68366 e-con-full e-flex e-con e-child\" data-id=\"4b68366\" data-element_type=\"container\" data-e-type=\"container\">\n\t\t\t\t<div class=\"elementor-element elementor-element-b8b5bc5 elementor-widget elementor-widget-heading\" data-id=\"b8b5bc5\" data-element_type=\"widget\" data-e-type=\"widget\" data-widget_type=\"heading.default\">\n\t\t\t\t<div class=\"elementor-widget-container\">\n\t\t\t\t\t<h2 class=\"elementor-heading-title elementor-size-default\">Super Isolat Whey Protein Zimt ohne S\u00fc\u00dfungsmittel<\/h2>\t\t\t\t<\/div>\n\t\t\t\t<\/div>\n\t\t\t\t<div class=\"elementor-element elementor-element-a51dd2a elementor-widget elementor-widget-text-editor\" data-id=\"a51dd2a\" data-element_type=\"widget\" data-e-type=\"widget\" data-widget_type=\"text-editor.default\">\n\t\t\t\t<div class=\"elementor-widget-container\">\n\t\t\t\t\t\t\t\t\t<ul>\n \t<li><strong>F\u00fcr deine Sportlermahlzeiten<\/strong>: Shaken, Backen, Kochen- wie es dir beliebt<\/li>\n \t<li><strong>Snack dir einen Shake<\/strong>: 30 g Pulver auf 300 g Fl\u00fcssigkeit einr\u00fchren<\/li>\n \t<li><b>Snack dein M\u00fcsli besser<\/b>: Whey Protein Zimt f\u00fcr Zimtgeschmack im M\u00fcsli hinzugeben<\/li>\n<\/ul>\t\t\t\t\t\t\t\t<\/div>\n\t\t\t\t<\/div>\n\t\t\t\t<\/div>\n\t\t\t\t<\/div>\n\t\t<div class=\"elementor-element elementor-element-e6073df e-con-full qb--desc-img e-flex e-con e-child\" data-id=\"e6073df\" data-element_type=\"container\" data-e-type=\"container\" data-settings=\"{&quot;background_background&quot;:&quot;classic&quot;}\">\n\t\t\t\t<\/div>\n\t\t\t\t<\/div>\n\t\t<div class=\"elementor-element elementor-element-1bdf650 qb--prod-benefits e-flex e-con-boxed e-con e-parent\" data-id=\"1bdf650\" data-element_type=\"container\" data-e-type=\"container\" data-settings=\"{&quot;background_background&quot;:&quot;classic&quot;}\">\n\t\t\t\t\t<div class=\"e-con-inner\">\n\t\t<div class=\"elementor-element elementor-element-5368e46 e-con-full e-flex e-con e-child\" data-id=\"5368e46\" data-element_type=\"container\" data-e-type=\"container\">\n\t\t\t\t<div class=\"elementor-element elementor-element-91afd7b elementor-widget elementor-widget-image\" data-id=\"91afd7b\" data-element_type=\"widget\" data-e-type=\"widget\" data-widget_type=\"image.default\">\n\t\t\t\t<div class=\"elementor-widget-container\">\n\t\t\t\t\t\t\t\t\t\t\t\t\t\t\t<img decoding=\"async\" src=\"https:\/\/www.nutripur.ch\/wp-content\/uploads\/2024\/12\/icon-pizza.svg\" class=\"attachment-full size-full wp-image-91070\" alt=\"\" \/>\t\t\t\t\t\t\t\t\t\t\t\t\t\t\t<\/div>\n\t\t\t\t<\/div>\n\t\t\t\t<div class=\"elementor-element elementor-element-5125612 elementor-widget elementor-widget-heading\" data-id=\"5125612\" data-element_type=\"widget\" data-e-type=\"widget\" data-widget_type=\"heading.default\">\n\t\t\t\t<div class=\"elementor-widget-container\">\n\t\t\t\t\t<h2 class=\"elementor-heading-title elementor-size-default\">Vielseitig<br>einsetzbar<\/h2>\t\t\t\t<\/div>\n\t\t\t\t<\/div>\n\t\t\t\t<div class=\"elementor-element elementor-element-be668af elementor-widget elementor-widget-text-editor\" data-id=\"be668af\" data-element_type=\"widget\" data-e-type=\"widget\" data-widget_type=\"text-editor.default\">\n\t\t\t\t<div class=\"elementor-widget-container\">\n\t\t\t\t\t\t\t\t\t<ul>\n \t<li>Als Mehlersatz beim Backen<\/li>\n \t<li>Im M\u00fcsli oder Joghurt<\/li>\n \t<li>In Smoothies oder Shakes<\/li>\n \t<li>Proteinschub f\u00fcr Muffins &amp; Co.<\/li>\n<\/ul>\t\t\t\t\t\t\t\t<\/div>\n\t\t\t\t<\/div>\n\t\t\t\t<\/div>\n\t\t<div class=\"elementor-element elementor-element-2089b79 e-con-full e-flex e-con e-child\" data-id=\"2089b79\" data-element_type=\"container\" data-e-type=\"container\">\n\t\t\t\t<div class=\"elementor-element elementor-element-aa64f46 elementor-widget elementor-widget-image\" data-id=\"aa64f46\" data-element_type=\"widget\" data-e-type=\"widget\" data-widget_type=\"image.default\">\n\t\t\t\t<div class=\"elementor-widget-container\">\n\t\t\t\t\t\t\t\t\t\t\t\t\t\t\t<img decoding=\"async\" src=\"https:\/\/www.nutripur.ch\/wp-content\/uploads\/2024\/12\/icon-tasche.svg\" class=\"attachment-full size-full wp-image-91086\" alt=\"\" \/>\t\t\t\t\t\t\t\t\t\t\t\t\t\t\t<\/div>\n\t\t\t\t<\/div>\n\t\t\t\t<div class=\"elementor-element elementor-element-15995f3 elementor-widget elementor-widget-heading\" data-id=\"15995f3\" data-element_type=\"widget\" data-e-type=\"widget\" data-widget_type=\"heading.default\">\n\t\t\t\t<div class=\"elementor-widget-container\">\n\t\t\t\t\t<h2 class=\"elementor-heading-title elementor-size-default\">Praktisch und<br>l\u00e4nger frisch<\/h2>\t\t\t\t<\/div>\n\t\t\t\t<\/div>\n\t\t\t\t<div class=\"elementor-element elementor-element-660debb elementor-widget elementor-widget-text-editor\" data-id=\"660debb\" data-element_type=\"widget\" data-e-type=\"widget\" data-widget_type=\"text-editor.default\">\n\t\t\t\t<div class=\"elementor-widget-container\">\n\t\t\t\t\t\t\t\t\t<ul>\n \t<li>Lange haltbar durch wieder-\nverschlie\u00dfbare Dose<\/li>\n \t<li>Kein Verderben\u00a0 \u2013 weniger Lebensmittelverschwendung<\/li>\n<\/ul>\t\t\t\t\t\t\t\t<\/div>\n\t\t\t\t<\/div>\n\t\t\t\t<\/div>\n\t\t<div class=\"elementor-element elementor-element-fb9e211 e-con-full e-flex e-con e-child\" data-id=\"fb9e211\" data-element_type=\"container\" data-e-type=\"container\">\n\t\t\t\t<div class=\"elementor-element elementor-element-944fe61 elementor-widget elementor-widget-image\" data-id=\"944fe61\" data-element_type=\"widget\" data-e-type=\"widget\" data-widget_type=\"image.default\">\n\t\t\t\t<div class=\"elementor-widget-container\">\n\t\t\t\t\t\t\t\t\t\t\t\t\t\t\t<img decoding=\"async\" width=\"129\" height=\"129\" src=\"https:\/\/www.nutripur.ch\/wp-content\/uploads\/2024\/12\/icon-qualitaet.svg\" class=\"attachment-full size-full wp-image-91102\" alt=\"\" \/>\t\t\t\t\t\t\t\t\t\t\t\t\t\t\t<\/div>\n\t\t\t\t<\/div>\n\t\t\t\t<div class=\"elementor-element elementor-element-a5d1319 elementor-widget elementor-widget-heading\" data-id=\"a5d1319\" data-element_type=\"widget\" data-e-type=\"widget\" data-widget_type=\"heading.default\">\n\t\t\t\t<div class=\"elementor-widget-container\">\n\t\t\t\t\t<h2 class=\"elementor-heading-title elementor-size-default\">Qualit\u00e4t, die man<br>schmeckt<\/h2>\t\t\t\t<\/div>\n\t\t\t\t<\/div>\n\t\t\t\t<div class=\"elementor-element elementor-element-23cb122 elementor-widget elementor-widget-text-editor\" data-id=\"23cb122\" data-element_type=\"widget\" data-e-type=\"widget\" data-widget_type=\"text-editor.default\">\n\t\t\t\t<div class=\"elementor-widget-container\">\n\t\t\t\t\t\t\t\t\t<ul>\n \t<li>Ohne Zusatz von S\u00fc\u00dfungsmitteln<\/li>\n \t<li>Leicht l\u00f6slich<\/li>\n \t<li>Kurze Zutatenliste<\/li>\n<\/ul>\t\t\t\t\t\t\t\t<\/div>\n\t\t\t\t<\/div>\n\t\t\t\t<\/div>\n\t\t\t\t\t<\/div>\n\t\t\t\t<\/div>\n\t\t<div class=\"elementor-element elementor-element-276364b qb--naehrwert-zutaten e-flex e-con-boxed e-con e-parent\" data-id=\"276364b\" data-element_type=\"container\" data-e-type=\"container\">\n\t\t\t\t\t<div class=\"e-con-inner\">\n\t\t<div class=\"elementor-element elementor-element-16c4cad e-con-full qb--naehrwert-table e-flex e-con e-child\" data-id=\"16c4cad\" data-element_type=\"container\" data-e-type=\"container\">\n\t\t\t\t<div class=\"elementor-element elementor-element-16429a4 elementor-widget elementor-widget-heading\" data-id=\"16429a4\" data-element_type=\"widget\" data-e-type=\"widget\" data-widget_type=\"heading.default\">\n\t\t\t\t<div class=\"elementor-widget-container\">\n\t\t\t\t\t<h2 class=\"elementor-heading-title elementor-size-default\">N\u00e4hrwerte &amp; Zutaten<\/h2>\t\t\t\t<\/div>\n\t\t\t\t<\/div>\n\t\t\t\t<div class=\"elementor-element elementor-element-72417d3 elementor-widget elementor-widget-jet-table\" data-id=\"72417d3\" data-element_type=\"widget\" data-e-type=\"widget\" data-widget_type=\"jet-table.default\">\n\t\t\t\t<div class=\"elementor-widget-container\">\n\t\t\t\t\t<div class=\"elementor-jet-table jet-elements\">\n\t\t<div class=\"jet-table-wrapper jet-table-responsive-mobile\">\n\t\t\t<table class=\"jet-table jet-table--fa5-compat\">\n\t\t\t\t<thead class=\"jet-table__head\"><tr class=\"jet-table__head-row\"><th class=\"jet-table__cell elementor-repeater-item-bc5afa4 jet-table__head-cell\" scope=\"col\"><div class=\"jet-table__cell-inner\"><div class=\"jet-table__cell-content\"><div class=\"jet-table__cell-text\">Durchschnittliche N\u00e4hrwerte<\/div><\/div><\/div><\/th><th class=\"jet-table__cell elementor-repeater-item-eafc7f8 jet-table__head-cell\" scope=\"col\"><div class=\"jet-table__cell-inner\"><div class=\"jet-table__cell-content\"><div class=\"jet-table__cell-text\">je 100 g<\/div><\/div><\/div><\/th><\/tr><\/thead>\n\t\t\t\t\t\t\t\t<tbody class=\"jet-table__body\"><tr class=\"jet-table__body-row elementor-repeater-item-d4f9014\"><td class=\"jet-table__cell elementor-repeater-item-d095273 jet-table__body-cell\"><div class=\"jet-table__cell-inner\"><div class=\"jet-table__cell-content\"><div class=\"jet-table__cell-text\">Brennwert<\/div><\/div><\/div><\/td><td class=\"jet-table__cell elementor-repeater-item-a85c1cd jet-table__body-cell\"><div class=\"jet-table__cell-inner\"><div class=\"jet-table__cell-content\"><div class=\"jet-table__cell-text\">1553 kJ\/366 kcal<\/div><\/div><\/div><\/td><\/tr><tr class=\"jet-table__body-row elementor-repeater-item-94fd4ff\"><td class=\"jet-table__cell elementor-repeater-item-8d5364d jet-table__body-cell\"><div class=\"jet-table__cell-inner\"><div class=\"jet-table__cell-content\"><div class=\"jet-table__cell-text\">Fett<\/div><\/div><\/div><\/td><td class=\"jet-table__cell elementor-repeater-item-740e9e9 jet-table__body-cell\"><div class=\"jet-table__cell-inner\"><div class=\"jet-table__cell-content\"><div class=\"jet-table__cell-text\">1,3 g<\/div><\/div><\/div><\/td><\/tr><tr class=\"jet-table__body-row elementor-repeater-item-2c8ccda\"><td class=\"jet-table__cell elementor-repeater-item-5bbb743 jet-table__body-cell\"><div class=\"jet-table__cell-inner\"><div class=\"jet-table__cell-content\"><div class=\"jet-table__cell-text\">\u2013 davon ges\u00e4ttigte Fetts\u00e4uren<\/div><\/div><\/div><\/td><td class=\"jet-table__cell elementor-repeater-item-6a4bcb9 jet-table__body-cell\"><div class=\"jet-table__cell-inner\"><div class=\"jet-table__cell-content\"><div class=\"jet-table__cell-text\">0,4 g<\/div><\/div><\/div><\/td><\/tr><tr class=\"jet-table__body-row elementor-repeater-item-006dfa6\"><td class=\"jet-table__cell elementor-repeater-item-5a243c0 jet-table__body-cell\"><div class=\"jet-table__cell-inner\"><div class=\"jet-table__cell-content\"><div class=\"jet-table__cell-text\">Kohlenhydrate<\/div><\/div><\/div><\/td><td class=\"jet-table__cell elementor-repeater-item-2fdf3ae jet-table__body-cell\"><div class=\"jet-table__cell-inner\"><div class=\"jet-table__cell-content\"><div class=\"jet-table__cell-text\">51 g<\/div><\/div><\/div><\/td><\/tr><tr class=\"jet-table__body-row elementor-repeater-item-044352e\"><td class=\"jet-table__cell elementor-repeater-item-aa54590 jet-table__body-cell\"><div class=\"jet-table__cell-inner\"><div class=\"jet-table__cell-content\"><div class=\"jet-table__cell-text\">\u2013 davon Zucker<\/div><\/div><\/div><\/td><td class=\"jet-table__cell elementor-repeater-item-7926ada jet-table__body-cell\"><div class=\"jet-table__cell-inner\"><div class=\"jet-table__cell-content\"><div class=\"jet-table__cell-text\">6,7 g<\/div><\/div><\/div><\/td><\/tr><tr class=\"jet-table__body-row elementor-repeater-item-07d3dfa\"><td class=\"jet-table__cell elementor-repeater-item-523a1a5 jet-table__body-cell\"><div class=\"jet-table__cell-inner\"><div class=\"jet-table__cell-content\"><div class=\"jet-table__cell-text\">Ballaststoffe<\/div><\/div><\/div><\/td><td class=\"jet-table__cell elementor-repeater-item-afabfdf jet-table__body-cell\"><div class=\"jet-table__cell-inner\"><div class=\"jet-table__cell-content\"><div class=\"jet-table__cell-text\">15 g<\/div><\/div><\/div><\/td><\/tr><tr class=\"jet-table__body-row elementor-repeater-item-a2bbb0b\"><td class=\"jet-table__cell elementor-repeater-item-3291bc7 jet-table__body-cell\"><div class=\"jet-table__cell-inner\"><div class=\"jet-table__cell-content\"><div class=\"jet-table__cell-text\">Eiwei\u00df<\/div><\/div><\/div><\/td><td class=\"jet-table__cell elementor-repeater-item-131d5b0 jet-table__body-cell\"><div class=\"jet-table__cell-inner\"><div class=\"jet-table__cell-content\"><div class=\"jet-table__cell-text\">72 g<\/div><\/div><\/div><\/td><\/tr><tr class=\"jet-table__body-row elementor-repeater-item-13da5a6\"><td class=\"jet-table__cell elementor-repeater-item-9218b92 jet-table__body-cell\"><div class=\"jet-table__cell-inner\"><div class=\"jet-table__cell-content\"><div class=\"jet-table__cell-text\">Salz<\/div><\/div><\/div><\/td><td class=\"jet-table__cell elementor-repeater-item-b6f8406 jet-table__body-cell\"><div class=\"jet-table__cell-inner\"><div class=\"jet-table__cell-content\"><div class=\"jet-table__cell-text\">1,6 g<\/div><\/div><\/div><\/td><\/tr><\/tbody>\n\t\t\t<\/table>\n\t\t<\/div>\n\n\t\t<\/div>\t\t\t\t<\/div>\n\t\t\t\t<\/div>\n\t\t\t\t<\/div>\n\t\t<div class=\"elementor-element elementor-element-582ad8d e-con-full qb--zutaten e-flex e-con e-child\" data-id=\"582ad8d\" data-element_type=\"container\" data-e-type=\"container\">\n\t\t<div class=\"elementor-element elementor-element-60a590f e-con-full e-flex e-con e-child\" data-id=\"60a590f\" data-element_type=\"container\" data-e-type=\"container\">\n\t\t\t\t<div class=\"elementor-element elementor-element-3a57400 elementor-widget elementor-widget-text-editor\" data-id=\"3a57400\" data-element_type=\"widget\" data-e-type=\"widget\" data-widget_type=\"text-editor.default\">\n\t\t\t\t<div class=\"elementor-widget-container\">\n\t\t\t\t\t\t\t\t\t(DE) Pulver zur Herstellung eines proteinreichen Getr\u00e4nkes in Geschmacksrichtung Zimt.\n\n<strong>Zutaten<\/strong>: Molkeneiwei\u00dfisolat (Milch), Haferpulver, 4% Zimt, Salz, Emulgator: Lecithin (Sonnenblume).\n\nKann Spuren von Senf, Sesam, Soja, Sellerie, Gluten, Erdnuss und Schalenfr\u00fcchten enthalten.\n\nNach dem \u00d6ffnen k\u00fchl, trocken und lichtgesch\u00fctzt lagern.\n\n<strong>Zubereitung<\/strong>: Pro Portion 30 g Pulver (circa 2 geh\u00e4ufte EL) in einem Mixbecher mit 300 ml Fl\u00fcssigkeit deiner Wahl einr\u00fchren. Alternativ in einen Mixbecher geben und sch\u00fctteln. Auch anzuwenden f\u00fcr M\u00fcsli, im Smoothie, Joghurt oder im Porridge.\n\n<strong>Tipp: <\/strong>Je voller der Shaker mit Fl\u00fcssigkeit, desto geringer die Schaumbildung!\n\nEine Dose (510 g) enth\u00e4lt 17 Portionen.\t\t\t\t\t\t\t\t<\/div>\n\t\t\t\t<\/div>\n\t\t\t\t<div class=\"elementor-element elementor-element-18b6448 elementor-woo-meta--view-inline elementor-widget elementor-widget-woocommerce-product-meta\" data-id=\"18b6448\" data-element_type=\"widget\" data-e-type=\"widget\" data-widget_type=\"woocommerce-product-meta.default\">\n\t\t\t\t<div class=\"elementor-widget-container\">\n\t\t\t\t\t\t\t<div class=\"product_meta\">\n\n\t\t\t\n\t\t\t\t\t\t\t<span class=\"sku_wrapper detail-container\">\n\t\t\t\t\t<span class=\"detail-label\">\n\t\t\t\t\t\t\t\t\t\t\t\tArtikelnummer:\t\t\t\t\t<\/span>\n\t\t\t\t\t<span class=\"sku\">\n\t\t\t\t\t\t\t\t\t\t\t\t1-00099\t\t\t\t\t<\/span>\n\t\t\t\t<\/span>\n\t\t\t\n\t\t\t\t\t\t\t<span class=\"posted_in detail-container\"><span class=\"detail-label\">Category<\/span> <span class=\"detail-content\"><a href=\"https:\/\/www.nutripur.ch\/en\/proteins\/\" rel=\"tag\">Proteins<\/a><\/span><\/span>\n\t\t\t\n\t\t\t\n\t\t\t\n\t\t<\/div>\n\t\t\t\t\t\t<\/div>\n\t\t\t\t<\/div>\n\t\t\t\t<\/div>\n\t\t<div class=\"elementor-element elementor-element-df40cdf e-con-full e-flex e-con e-child\" data-id=\"df40cdf\" data-element_type=\"container\" data-e-type=\"container\">\n\t\t\t\t<\/div>\n\t\t\t\t<\/div>\n\t\t\t\t\t<\/div>\n\t\t\t\t<\/div>\n\t\t\t\t<\/div>\n\t\t","protected":false},"excerpt":{"rendered":"<p>Treat yourself to a natural protein kick!<\/p>\n<p>With the different varieties of <a href=\"https:\/\/www.nutripur.ch\/en\/proteins\/super-isolate-whey-protein-chocolate\/\" target=\"_blank\" rel=\"noopener\">chocolate<\/a>, <a href=\"https:\/\/www.nutripur.ch\/en\/proteins\/super-isolate-whey-protein-cinnamon\/\" target=\"_blank\" rel=\"noopener\">cinnamon<\/a>, <a href=\"https:\/\/www.nutripur.ch\/en\/proteins\/super-isolate-whey-protein-coffee\/\" target=\"_blank\" rel=\"noopener\">coffee<\/a>, <a href=\"https:\/\/www.nutripur.ch\/en\/proteins\/super-isolate-whey-protein-strawberry-banana\/\" target=\"_blank\" rel=\"noopener\">strawberry-banana<\/a> and <a href=\"https:\/\/www.nutripur.ch\/en\/proteins\/super-isolate-whey-protein\/\" target=\"_blank\" rel=\"noopener\">neutral<\/a>, you can refine smoothies, conjure up nutrient-rich snacks or spice up other of your favorite recipes with an extra portion of protein.<\/p>\n<p>Whey protein is the perfect companion for your active everyday life.<\/p>\n<p><span style=\"color: #5ea352;\">\u2764<\/span> High protein content and complete amino acid profile<br \/>\n<span style=\"color: #5ea352;\">\u2764<\/span> Perfect for baking and refining<br \/>\n<span style=\"color: #5ea352;\">\u2764<\/span> Cinnamon flavour without sweeteners<br \/>\n<span style=\"color: #5ea352;\">\u2764<\/span> Low in fat<br \/>\n<span style=\"color: #5ea352;\"> \u2764 <\/span>Very soluble<\/p>\n","protected":false},"featured_media":101917,"template":"","meta":{"_seopress_robots_primary_cat":"283","_seopress_titles_title":"Buy Super Isolate Whey Protein in Strawberry Banana","_seopress_titles_desc":"Our brand new Super Isolate Whey Protein in Strawberry Banana is ideal for the healthier way.\r\nOrder online in our store today!","_seopress_robots_index":"","footnotes":""},"product_brand":[],"product_cat":[283],"product_tag":[],"class_list":{"0":"post-88518","1":"product","2":"type-product","3":"status-publish","4":"has-post-thumbnail","6":"product_cat-proteins","8":"first","9":"instock","10":"taxable","11":"shipping-taxable","12":"purchasable","13":"product-type-variable","14":"has-default-attributes"},"_links":{"self":[{"href":"https:\/\/www.nutripur.ch\/en\/wp-json\/wp\/v2\/product\/88518","targetHints":{"allow":["GET"]}}],"collection":[{"href":"https:\/\/www.nutripur.ch\/en\/wp-json\/wp\/v2\/product"}],"about":[{"href":"https:\/\/www.nutripur.ch\/en\/wp-json\/wp\/v2\/types\/product"}],"version-history":[{"count":0,"href":"https:\/\/www.nutripur.ch\/en\/wp-json\/wp\/v2\/product\/88518\/revisions"}],"wp:featuredmedia":[{"embeddable":true,"href":"https:\/\/www.nutripur.ch\/en\/wp-json\/wp\/v2\/media\/101917"}],"wp:attachment":[{"href":"https:\/\/www.nutripur.ch\/en\/wp-json\/wp\/v2\/media?parent=88518"}],"wp:term":[{"taxonomy":"product_brand","embeddable":true,"href":"https:\/\/www.nutripur.ch\/en\/wp-json\/wp\/v2\/product_brand?post=88518"},{"taxonomy":"product_cat","embeddable":true,"href":"https:\/\/www.nutripur.ch\/en\/wp-json\/wp\/v2\/product_cat?post=88518"},{"taxonomy":"product_tag","embeddable":true,"href":"https:\/\/www.nutripur.ch\/en\/wp-json\/wp\/v2\/product_tag?post=88518"}],"curies":[{"name":"wp","href":"https:\/\/api.w.org\/{rel}","templated":true}]}}