{"id":88341,"date":"2023-07-11T11:27:49","date_gmt":"2023-07-11T09:27:49","guid":{"rendered":"https:\/\/www.nutripur.ch\/uncategorized\/super-isolate-whey-protein-strawberry-banana\/"},"modified":"2025-11-26T11:34:07","modified_gmt":"2025-11-26T10:34:07","slug":"super-isolate-whey-protein-strawberry-banana","status":"publish","type":"product","link":"https:\/\/www.nutripur.ch\/en\/proteins\/super-isolate-whey-protein-strawberry-banana\/","title":{"rendered":"Super Isolate Whey Protein &#8211; Strawberry &amp; Banana"},"content":{"rendered":"\t\t<div data-elementor-type=\"product-post\" data-elementor-id=\"88341\" class=\"elementor elementor-88341 elementor-74349\" data-elementor-post-type=\"product\">\n\t\t\t\t<div class=\"elementor-element elementor-element-6ac217c e-con-full qb--desc-box e-flex e-con e-parent\" data-id=\"6ac217c\" data-element_type=\"container\" data-e-type=\"container\" data-settings=\"{&quot;background_background&quot;:&quot;classic&quot;}\">\n\t\t<div class=\"elementor-element elementor-element-1940466 e-con-full qb--desc-img e-flex e-con e-child\" data-id=\"1940466\" data-element_type=\"container\" data-e-type=\"container\" data-settings=\"{&quot;background_background&quot;:&quot;classic&quot;}\">\n\t\t\t\t<\/div>\n\t\t<div class=\"elementor-element elementor-element-e335b32 e-con-full qb--desc-text e-flex e-con e-child\" data-id=\"e335b32\" data-element_type=\"container\" data-e-type=\"container\" data-settings=\"{&quot;background_background&quot;:&quot;classic&quot;}\">\n\t\t<div class=\"elementor-element elementor-element-bf72428 e-con-full e-flex e-con e-child\" data-id=\"bf72428\" data-element_type=\"container\" data-e-type=\"container\">\n\t\t\t\t<div class=\"elementor-element elementor-element-8e702fa elementor-widget elementor-widget-heading\" data-id=\"8e702fa\" data-element_type=\"widget\" data-e-type=\"widget\" data-widget_type=\"heading.default\">\n\t\t\t\t<div class=\"elementor-widget-container\">\n\t\t\t\t\t<h2 class=\"elementor-heading-title elementor-size-default\">100% Super Isolat whey Protein - <br>Erdbeer-Banane<\/h2>\t\t\t\t<\/div>\n\t\t\t\t<\/div>\n\t\t\t\t<div class=\"elementor-element elementor-element-f244298 elementor-widget elementor-widget-text-editor\" data-id=\"f244298\" data-element_type=\"widget\" data-e-type=\"widget\" data-widget_type=\"text-editor.default\">\n\t\t\t\t<div class=\"elementor-widget-container\">\n\t\t\t\t\t\t\t\t\t<p>Unser Proteinpulver Erdbeer-Banane erm\u00f6glicht dir eine breite Palette von Anwendungen in der K\u00fcche. Du kannst es als Mehlersatz in s\u00fc\u00dfen Backwaren, Pfannkuchen oder Muffins verwenden, um ihnen einen proteinreichen Schub und einen fruchtigen Geschmack zu verleihen. Mit einem hohen Gehalt an Protein und Ballaststoffen unterst\u00fctzt das Whey-Protein deinen K\u00f6rper optimal bei der Erholung nach dem Sport oder gibt dir den n\u00f6tigen Drive in einem stressigen Alltag. Jede Portion liefert dir zudem wichtiges Kalium und Kalzium.<\/p>\t\t\t\t\t\t\t\t<\/div>\n\t\t\t\t<\/div>\n\t\t\t\t<\/div>\n\t\t\t\t<\/div>\n\t\t\t\t<\/div>\n\t\t<div class=\"elementor-element elementor-element-8ca9142 e-con-full qb--desc-box e-flex e-con e-parent\" data-id=\"8ca9142\" data-element_type=\"container\" data-e-type=\"container\" data-settings=\"{&quot;background_background&quot;:&quot;classic&quot;}\">\n\t\t<div class=\"elementor-element elementor-element-38a1a3b e-con-full qb--desc-text e-flex e-con e-child\" data-id=\"38a1a3b\" data-element_type=\"container\" data-e-type=\"container\" data-settings=\"{&quot;background_background&quot;:&quot;classic&quot;}\">\n\t\t<div class=\"elementor-element elementor-element-0d7b0b7 e-con-full e-flex e-con e-child\" data-id=\"0d7b0b7\" data-element_type=\"container\" data-e-type=\"container\">\n\t\t\t\t<div class=\"elementor-element elementor-element-9d1a295 elementor-widget elementor-widget-heading\" data-id=\"9d1a295\" data-element_type=\"widget\" data-e-type=\"widget\" data-widget_type=\"heading.default\">\n\t\t\t\t<div class=\"elementor-widget-container\">\n\t\t\t\t\t<h2 class=\"elementor-heading-title elementor-size-default\">Super Isolat Whey Protein Erdbeer-Banane ohne S\u00fc\u00dfungsmittel<\/h2>\t\t\t\t<\/div>\n\t\t\t\t<\/div>\n\t\t\t\t<div class=\"elementor-element elementor-element-46855fa elementor-widget elementor-widget-text-editor\" data-id=\"46855fa\" data-element_type=\"widget\" data-e-type=\"widget\" data-widget_type=\"text-editor.default\">\n\t\t\t\t<div class=\"elementor-widget-container\">\n\t\t\t\t\t\t\t\t\t<ul><li><strong>F\u00fcr deine Sportlermahlzeiten<\/strong>: Shaken, Backen, Kochen- wie es dir beliebt<\/li><li><strong>Snack dir einen Shake<\/strong>: 30 g Pulver auf 300 g Fl\u00fcssigkeit einr\u00fchren<\/li><li><strong>Mit Mikron\u00e4hrstoffen<\/strong>: Kalium und Kalzium<\/li><li><span style=\"font-weight: bold\">Snack dein M\u00fcsli besser<\/span>: Whey Protein Erdbeer-Banane dem M\u00fcsli hinzugeben- das fruchtet!<\/li><\/ul>\t\t\t\t\t\t\t\t<\/div>\n\t\t\t\t<\/div>\n\t\t\t\t<\/div>\n\t\t\t\t<\/div>\n\t\t<div class=\"elementor-element elementor-element-8dce56a e-con-full qb--desc-img e-flex e-con e-child\" data-id=\"8dce56a\" data-element_type=\"container\" data-e-type=\"container\" data-settings=\"{&quot;background_background&quot;:&quot;classic&quot;}\">\n\t\t\t\t<\/div>\n\t\t\t\t<\/div>\n\t\t<div class=\"elementor-element elementor-element-7ed6efd qb--prod-benefits e-flex e-con-boxed e-con e-parent\" data-id=\"7ed6efd\" data-element_type=\"container\" data-e-type=\"container\" data-settings=\"{&quot;background_background&quot;:&quot;classic&quot;}\">\n\t\t\t\t\t<div class=\"e-con-inner\">\n\t\t<div class=\"elementor-element elementor-element-ebd12f1 e-con-full e-flex e-con e-child\" data-id=\"ebd12f1\" data-element_type=\"container\" data-e-type=\"container\">\n\t\t\t\t<div class=\"elementor-element elementor-element-ea0db2f elementor-widget elementor-widget-image\" data-id=\"ea0db2f\" data-element_type=\"widget\" data-e-type=\"widget\" data-widget_type=\"image.default\">\n\t\t\t\t<div class=\"elementor-widget-container\">\n\t\t\t\t\t\t\t\t\t\t\t\t\t\t\t<img decoding=\"async\" src=\"https:\/\/www.nutripur.ch\/wp-content\/uploads\/2024\/12\/icon-pizza.svg\" class=\"attachment-full size-full wp-image-91070\" alt=\"\" \/>\t\t\t\t\t\t\t\t\t\t\t\t\t\t\t<\/div>\n\t\t\t\t<\/div>\n\t\t\t\t<div class=\"elementor-element elementor-element-e62e13c elementor-widget elementor-widget-heading\" data-id=\"e62e13c\" data-element_type=\"widget\" data-e-type=\"widget\" data-widget_type=\"heading.default\">\n\t\t\t\t<div class=\"elementor-widget-container\">\n\t\t\t\t\t<h2 class=\"elementor-heading-title elementor-size-default\">Vielseitig<br>einsetzbar<\/h2>\t\t\t\t<\/div>\n\t\t\t\t<\/div>\n\t\t\t\t<div class=\"elementor-element elementor-element-b74ed57 elementor-widget elementor-widget-text-editor\" data-id=\"b74ed57\" data-element_type=\"widget\" data-e-type=\"widget\" data-widget_type=\"text-editor.default\">\n\t\t\t\t<div class=\"elementor-widget-container\">\n\t\t\t\t\t\t\t\t\t<ul>\n \t<li>Als Mehlersatz beim Backen<\/li>\n \t<li>Im M\u00fcsli oder Joghurt<\/li>\n \t<li>In Smoothies oder Shakes<\/li>\n \t<li>Proteinschub f\u00fcr Muffins &amp; Co.<\/li>\n<\/ul>\t\t\t\t\t\t\t\t<\/div>\n\t\t\t\t<\/div>\n\t\t\t\t<\/div>\n\t\t<div class=\"elementor-element elementor-element-cb74413 e-con-full e-flex e-con e-child\" data-id=\"cb74413\" data-element_type=\"container\" data-e-type=\"container\">\n\t\t\t\t<div class=\"elementor-element elementor-element-4956a46 elementor-widget elementor-widget-image\" data-id=\"4956a46\" data-element_type=\"widget\" data-e-type=\"widget\" data-widget_type=\"image.default\">\n\t\t\t\t<div class=\"elementor-widget-container\">\n\t\t\t\t\t\t\t\t\t\t\t\t\t\t\t<img decoding=\"async\" src=\"https:\/\/www.nutripur.ch\/wp-content\/uploads\/2024\/12\/icon-tasche.svg\" class=\"attachment-full size-full wp-image-91086\" alt=\"\" \/>\t\t\t\t\t\t\t\t\t\t\t\t\t\t\t<\/div>\n\t\t\t\t<\/div>\n\t\t\t\t<div class=\"elementor-element elementor-element-df2406b elementor-widget elementor-widget-heading\" data-id=\"df2406b\" data-element_type=\"widget\" data-e-type=\"widget\" data-widget_type=\"heading.default\">\n\t\t\t\t<div class=\"elementor-widget-container\">\n\t\t\t\t\t<h2 class=\"elementor-heading-title elementor-size-default\">Praktisch und<br>l\u00e4nger frisch<\/h2>\t\t\t\t<\/div>\n\t\t\t\t<\/div>\n\t\t\t\t<div class=\"elementor-element elementor-element-afdcb27 elementor-widget elementor-widget-text-editor\" data-id=\"afdcb27\" data-element_type=\"widget\" data-e-type=\"widget\" data-widget_type=\"text-editor.default\">\n\t\t\t\t<div class=\"elementor-widget-container\">\n\t\t\t\t\t\t\t\t\t<ul>\n \t<li>Lange haltbar durch wieder-\nverschlie\u00dfbare Dose<\/li>\n \t<li>Kein Verderben\u00a0 \u2013 weniger Lebensmittelverschwendung<\/li>\n<\/ul>\t\t\t\t\t\t\t\t<\/div>\n\t\t\t\t<\/div>\n\t\t\t\t<\/div>\n\t\t<div class=\"elementor-element elementor-element-61c8c42 e-con-full e-flex e-con e-child\" data-id=\"61c8c42\" data-element_type=\"container\" data-e-type=\"container\">\n\t\t\t\t<div class=\"elementor-element elementor-element-cd9d8a0 elementor-widget elementor-widget-image\" data-id=\"cd9d8a0\" data-element_type=\"widget\" data-e-type=\"widget\" data-widget_type=\"image.default\">\n\t\t\t\t<div class=\"elementor-widget-container\">\n\t\t\t\t\t\t\t\t\t\t\t\t\t\t\t<img decoding=\"async\" width=\"129\" height=\"129\" src=\"https:\/\/www.nutripur.ch\/wp-content\/uploads\/2024\/12\/icon-qualitaet.svg\" class=\"attachment-full size-full wp-image-91102\" alt=\"\" \/>\t\t\t\t\t\t\t\t\t\t\t\t\t\t\t<\/div>\n\t\t\t\t<\/div>\n\t\t\t\t<div class=\"elementor-element elementor-element-7d19f5a elementor-widget elementor-widget-heading\" data-id=\"7d19f5a\" data-element_type=\"widget\" data-e-type=\"widget\" data-widget_type=\"heading.default\">\n\t\t\t\t<div class=\"elementor-widget-container\">\n\t\t\t\t\t<h2 class=\"elementor-heading-title elementor-size-default\">Qualit\u00e4t, die man<br>schmeckt<\/h2>\t\t\t\t<\/div>\n\t\t\t\t<\/div>\n\t\t\t\t<div class=\"elementor-element elementor-element-6005d1a elementor-widget elementor-widget-text-editor\" data-id=\"6005d1a\" data-element_type=\"widget\" data-e-type=\"widget\" data-widget_type=\"text-editor.default\">\n\t\t\t\t<div class=\"elementor-widget-container\">\n\t\t\t\t\t\t\t\t\t<ul>\n \t<li>Ohne Zusatz von S\u00fc\u00dfungsmitteln<\/li>\n \t<li>Leicht l\u00f6slich<\/li>\n \t<li>Kurze Zutatenliste<\/li>\n<\/ul>\t\t\t\t\t\t\t\t<\/div>\n\t\t\t\t<\/div>\n\t\t\t\t<\/div>\n\t\t\t\t\t<\/div>\n\t\t\t\t<\/div>\n\t\t<div class=\"elementor-element elementor-element-a3c4fbb qb--naehrwert-zutaten e-flex e-con-boxed e-con e-parent\" data-id=\"a3c4fbb\" data-element_type=\"container\" data-e-type=\"container\">\n\t\t\t\t\t<div class=\"e-con-inner\">\n\t\t<div class=\"elementor-element elementor-element-d51c4ad e-con-full qb--naehrwert-table e-flex e-con e-child\" data-id=\"d51c4ad\" data-element_type=\"container\" data-e-type=\"container\">\n\t\t\t\t<div class=\"elementor-element elementor-element-fa33351 elementor-widget elementor-widget-heading\" data-id=\"fa33351\" data-element_type=\"widget\" data-e-type=\"widget\" data-widget_type=\"heading.default\">\n\t\t\t\t<div class=\"elementor-widget-container\">\n\t\t\t\t\t<h2 class=\"elementor-heading-title elementor-size-default\">N\u00e4hrwerte &amp; Zutaten<\/h2>\t\t\t\t<\/div>\n\t\t\t\t<\/div>\n\t\t\t\t<div class=\"elementor-element elementor-element-23f1e81 elementor-widget elementor-widget-jet-table\" data-id=\"23f1e81\" data-element_type=\"widget\" data-e-type=\"widget\" data-widget_type=\"jet-table.default\">\n\t\t\t\t<div class=\"elementor-widget-container\">\n\t\t\t\t\t<div class=\"elementor-jet-table jet-elements\">\n\t\t<div class=\"jet-table-wrapper jet-table-responsive-mobile\">\n\t\t\t<table class=\"jet-table jet-table--fa5-compat\">\n\t\t\t\t<thead class=\"jet-table__head\"><tr class=\"jet-table__head-row\"><th class=\"jet-table__cell elementor-repeater-item-bc5afa4 jet-table__head-cell\" scope=\"col\"><div class=\"jet-table__cell-inner\"><div class=\"jet-table__cell-content\"><div class=\"jet-table__cell-text\">Durchschnittliche N\u00e4hrwerte<\/div><\/div><\/div><\/th><th class=\"jet-table__cell elementor-repeater-item-eafc7f8 jet-table__head-cell\" scope=\"col\"><div class=\"jet-table__cell-inner\"><div class=\"jet-table__cell-content\"><div class=\"jet-table__cell-text\">je 100 g<\/div><\/div><\/div><\/th><\/tr><\/thead>\n\t\t\t\t\t\t\t\t<tbody class=\"jet-table__body\"><tr class=\"jet-table__body-row elementor-repeater-item-d4f9014\"><td class=\"jet-table__cell elementor-repeater-item-d095273 jet-table__body-cell\"><div class=\"jet-table__cell-inner\"><div class=\"jet-table__cell-content\"><div class=\"jet-table__cell-text\">Brennwert<\/div><\/div><\/div><\/td><td class=\"jet-table__cell elementor-repeater-item-a85c1cd jet-table__body-cell\"><div class=\"jet-table__cell-inner\"><div class=\"jet-table__cell-content\"><div class=\"jet-table__cell-text\">1514 kJ\/357 kcal<\/div><\/div><\/div><\/td><\/tr><tr class=\"jet-table__body-row elementor-repeater-item-94fd4ff\"><td class=\"jet-table__cell elementor-repeater-item-8d5364d jet-table__body-cell\"><div class=\"jet-table__cell-inner\"><div class=\"jet-table__cell-content\"><div class=\"jet-table__cell-text\">Fett<\/div><\/div><\/div><\/td><td class=\"jet-table__cell elementor-repeater-item-740e9e9 jet-table__body-cell\"><div class=\"jet-table__cell-inner\"><div class=\"jet-table__cell-content\"><div class=\"jet-table__cell-text\">0,5 g<\/div><\/div><\/div><\/td><\/tr><tr class=\"jet-table__body-row elementor-repeater-item-2c8ccda\"><td class=\"jet-table__cell elementor-repeater-item-5bbb743 jet-table__body-cell\"><div class=\"jet-table__cell-inner\"><div class=\"jet-table__cell-content\"><div class=\"jet-table__cell-text\">\u2013 davon ges\u00e4ttigte Fetts\u00e4uren<\/div><\/div><\/div><\/td><td class=\"jet-table__cell elementor-repeater-item-6a4bcb9 jet-table__body-cell\"><div class=\"jet-table__cell-inner\"><div class=\"jet-table__cell-content\"><div class=\"jet-table__cell-text\">0,2 g<\/div><\/div><\/div><\/td><\/tr><tr class=\"jet-table__body-row elementor-repeater-item-006dfa6\"><td class=\"jet-table__cell elementor-repeater-item-5a243c0 jet-table__body-cell\"><div class=\"jet-table__cell-inner\"><div class=\"jet-table__cell-content\"><div class=\"jet-table__cell-text\">Kohlenhydrate<\/div><\/div><\/div><\/td><td class=\"jet-table__cell elementor-repeater-item-2fdf3ae jet-table__body-cell\"><div class=\"jet-table__cell-inner\"><div class=\"jet-table__cell-content\"><div class=\"jet-table__cell-text\">27 g<\/div><\/div><\/div><\/td><\/tr><tr class=\"jet-table__body-row elementor-repeater-item-044352e\"><td class=\"jet-table__cell elementor-repeater-item-aa54590 jet-table__body-cell\"><div class=\"jet-table__cell-inner\"><div class=\"jet-table__cell-content\"><div class=\"jet-table__cell-text\">\u2013 davon Zucker<\/div><\/div><\/div><\/td><td class=\"jet-table__cell elementor-repeater-item-7926ada jet-table__body-cell\"><div class=\"jet-table__cell-inner\"><div class=\"jet-table__cell-content\"><div class=\"jet-table__cell-text\">19 g<\/div><\/div><\/div><\/td><\/tr><tr class=\"jet-table__body-row elementor-repeater-item-07d3dfa\"><td class=\"jet-table__cell elementor-repeater-item-523a1a5 jet-table__body-cell\"><div class=\"jet-table__cell-inner\"><div class=\"jet-table__cell-content\"><div class=\"jet-table__cell-text\">Ballaststoffe<\/div><\/div><\/div><\/td><td class=\"jet-table__cell elementor-repeater-item-afabfdf jet-table__body-cell\"><div class=\"jet-table__cell-inner\"><div class=\"jet-table__cell-content\"><div class=\"jet-table__cell-text\">4,5 g<\/div><\/div><\/div><\/td><\/tr><tr class=\"jet-table__body-row elementor-repeater-item-a2bbb0b\"><td class=\"jet-table__cell elementor-repeater-item-d8044a4 jet-table__body-cell\"><div class=\"jet-table__cell-inner\"><div class=\"jet-table__cell-content\"><div class=\"jet-table__cell-text\">Eiwei\u00df<\/div><\/div><\/div><\/td><td class=\"jet-table__cell elementor-repeater-item-7d7d8a6 jet-table__body-cell\"><div class=\"jet-table__cell-inner\"><div class=\"jet-table__cell-content\"><div class=\"jet-table__cell-text\">59 g<\/div><\/div><\/div><\/td><\/tr><tr class=\"jet-table__body-row elementor-repeater-item-83bcd63\"><td class=\"jet-table__cell elementor-repeater-item-9218b92 jet-table__body-cell\"><div class=\"jet-table__cell-inner\"><div class=\"jet-table__cell-content\"><div class=\"jet-table__cell-text\">Salz<\/div><\/div><\/div><\/td><td class=\"jet-table__cell elementor-repeater-item-b6f8406 jet-table__body-cell\"><div class=\"jet-table__cell-inner\"><div class=\"jet-table__cell-content\"><div class=\"jet-table__cell-text\">0,48 g<\/div><\/div><\/div><\/td><\/tr><tr class=\"jet-table__body-row elementor-repeater-item-13da5a6\"><td class=\"jet-table__cell elementor-repeater-item-1d26055 jet-table__body-cell\"><div class=\"jet-table__cell-inner\"><div class=\"jet-table__cell-content\"><div class=\"jet-table__cell-text\">Kalium<\/div><\/div><\/div><\/td><td class=\"jet-table__cell elementor-repeater-item-131d5b0 jet-table__body-cell\"><div class=\"jet-table__cell-inner\"><div class=\"jet-table__cell-content\"><div class=\"jet-table__cell-text\">828 mg; 41%*<\/div><\/div><\/div><\/td><\/tr><tr class=\"jet-table__body-row elementor-repeater-item-6911e99\"><td class=\"jet-table__cell elementor-repeater-item-3291bc7 jet-table__body-cell\"><div class=\"jet-table__cell-inner\"><div class=\"jet-table__cell-content\"><div class=\"jet-table__cell-text\">Kalzium<\/div><\/div><\/div><\/td><td class=\"jet-table__cell elementor-repeater-item-5bdba45 jet-table__body-cell\"><div class=\"jet-table__cell-inner\"><div class=\"jet-table__cell-content\"><div class=\"jet-table__cell-text\">342 mg; 43%*<\/div><\/div><\/div><\/td><\/tr><\/tbody>\n\t\t\t<\/table>\n\t\t<\/div>\n\n\t\t<\/div>\t\t\t\t<\/div>\n\t\t\t\t<\/div>\n\t\t\t\t<div class=\"elementor-element elementor-element-37f50f3 elementor-widget elementor-widget-text-editor\" data-id=\"37f50f3\" data-element_type=\"widget\" data-e-type=\"widget\" data-widget_type=\"text-editor.default\">\n\t\t\t\t<div class=\"elementor-widget-container\">\n\t\t\t\t\t\t\t\t\t<p>* % NRV= N\u00e4hrstoffbezugswert f\u00fcr die t\u00e4gliche Zufuhr<\/p>\t\t\t\t\t\t\t\t<\/div>\n\t\t\t\t<\/div>\n\t\t\t\t<\/div>\n\t\t<div class=\"elementor-element elementor-element-2166452 e-con-full qb--zutaten e-flex e-con e-child\" data-id=\"2166452\" data-element_type=\"container\" data-e-type=\"container\">\n\t\t<div class=\"elementor-element elementor-element-4c62e8b e-con-full e-flex e-con e-child\" data-id=\"4c62e8b\" data-element_type=\"container\" data-e-type=\"container\">\n\t\t\t\t<div class=\"elementor-element elementor-element-71d46c3 elementor-widget elementor-widget-text-editor\" data-id=\"71d46c3\" data-element_type=\"widget\" data-e-type=\"widget\" data-widget_type=\"text-editor.default\">\n\t\t\t\t<div class=\"elementor-widget-container\">\n\t\t\t\t\t\t\t\t\t<p>(DE) Pulver zur Herstellung eines proteinreichen Getr\u00e4nkes auf Basis von Molkeneiwei\u00df in Geschmacksrichtung Erdbeere-Banane<\/p><p><strong>Zutaten<\/strong>: 66% Molkeneiwei\u00dfisolat (Milch), 16,5% gefriergetrocknetes Erdbeerpulver, 16,5% gefriergetrocknetes Bananenpulver, Emulgator: Lecithin (Sonnenblume).<\/p><p>Kann Spuren von Senf, Sesam, Soja, Sellerie, Gluten, Erdnuss und Schalenfr\u00fcchten enthalten.<\/p><p>Nach dem \u00d6ffnen k\u00fchl, trocken und lichtgesch\u00fctzt lagern.<\/p><p><strong>Zubereitung<\/strong>: Pro Portion 30 g Pulver (circa 2 geh\u00e4ufte EL) in einem Mixbecher mit 300 ml Fl\u00fcssigkeit deiner Wahl einr\u00fchren. Alternativ in einen Mixbecher geben und sch\u00fctteln. Auch anzuwenden f\u00fcr M\u00fcsli, im Smoothie, Joghurt oder im Porridge.<\/p><p><strong>Tipp: <\/strong>Je voller der Shaker mit Fl\u00fcssigkeit, desto geringer die Schaumbildung!<\/p><p>Eine Dose (510 g) enth\u00e4lt 17 Portionen.<\/p>\t\t\t\t\t\t\t\t<\/div>\n\t\t\t\t<\/div>\n\t\t\t\t<div class=\"elementor-element elementor-element-d9305bc elementor-woo-meta--view-inline elementor-widget elementor-widget-woocommerce-product-meta\" data-id=\"d9305bc\" data-element_type=\"widget\" data-e-type=\"widget\" data-widget_type=\"woocommerce-product-meta.default\">\n\t\t\t\t<div class=\"elementor-widget-container\">\n\t\t\t\t\t\t\t<div class=\"product_meta\">\n\n\t\t\t\n\t\t\t\t\t\t\t<span class=\"sku_wrapper detail-container\">\n\t\t\t\t\t<span class=\"detail-label\">\n\t\t\t\t\t\t\t\t\t\t\t\tArtikelnummer:\t\t\t\t\t<\/span>\n\t\t\t\t\t<span class=\"sku\">\n\t\t\t\t\t\t\t\t\t\t\t\t1-00102\t\t\t\t\t<\/span>\n\t\t\t\t<\/span>\n\t\t\t\n\t\t\t\t\t\t\t<span class=\"posted_in detail-container\"><span class=\"detail-label\">Category<\/span> <span class=\"detail-content\"><a href=\"https:\/\/www.nutripur.ch\/en\/proteins\/\" rel=\"tag\">Proteins<\/a><\/span><\/span>\n\t\t\t\n\t\t\t\n\t\t\t\n\t\t<\/div>\n\t\t\t\t\t\t<\/div>\n\t\t\t\t<\/div>\n\t\t\t\t<\/div>\n\t\t<div class=\"elementor-element elementor-element-0bc6334 e-con-full e-flex e-con e-child\" data-id=\"0bc6334\" data-element_type=\"container\" data-e-type=\"container\">\n\t\t\t\t<\/div>\n\t\t\t\t<\/div>\n\t\t\t\t\t<\/div>\n\t\t\t\t<\/div>\n\t\t\t\t<\/div>\n\t\t","protected":false},"excerpt":{"rendered":"<p>Treat yourself to a natural protein kick!<\/p>\n<p>With the different varieties of <a href=\"https:\/\/www.nutripur.ch\/en\/proteins\/super-isolate-whey-protein-chocolate\/\">chocolate<\/a>, <a href=\"https:\/\/www.nutripur.ch\/en\/proteins\/super-isolate-whey-protein-cinnamon\/\">cinnamon<\/a>, <a href=\"https:\/\/www.nutripur.ch\/en\/proteins\/super-isolate-whey-protein-coffee\/\">coffee<\/a>, <a href=\"https:\/\/www.nutripur.ch\/en\/proteins\/super-isolate-whey-protein-strawberry-banana\/\">strawberry-banana<\/a> and <a href=\"https:\/\/www.nutripur.ch\/en\/proteins\/super-isolate-whey-protein\/\">neutral<\/a>, you can refine smoothies, conjure up nutrient-rich snacks or spice up other of your favorite recipes with an extra portion of protein.<\/p>\n<p>Whey protein is the perfect companion for your active everyday life.<\/p>\n<p><span style=\"color: #5ea352;\">\u2764<\/span> high protein content and complete amino acid profile<br \/>\n<span style=\"color: #5ea352;\">\u2764<\/span> with high-quality fruit powder<br \/>\n<span style=\"color: #5ea352;\">\u2764<\/span> without sweeteners<br \/>\n<span style=\"color: #5ea352;\">\u2764<\/span> low in fat<br \/>\n<span style=\"color: #5ea352;\"> \u2764 <\/span>very soluble<\/p>\n","protected":false},"featured_media":101901,"template":"","meta":{"_seopress_robots_primary_cat":"283","_seopress_titles_title":"Buy Super Isolate Whey Protein in Strawberry Banana","_seopress_titles_desc":"Our brand new Super Isolate Whey Protein in Strawberry Banana is ideal for the healthier way.\r\nOrder online in our store today!","_seopress_robots_index":"","footnotes":""},"product_brand":[],"product_cat":[283],"product_tag":[],"class_list":{"0":"post-88341","1":"product","2":"type-product","3":"status-publish","4":"has-post-thumbnail","6":"product_cat-proteins","8":"first","9":"outofstock","10":"taxable","11":"shipping-taxable","12":"purchasable","13":"product-type-variable"},"_links":{"self":[{"href":"https:\/\/www.nutripur.ch\/en\/wp-json\/wp\/v2\/product\/88341","targetHints":{"allow":["GET"]}}],"collection":[{"href":"https:\/\/www.nutripur.ch\/en\/wp-json\/wp\/v2\/product"}],"about":[{"href":"https:\/\/www.nutripur.ch\/en\/wp-json\/wp\/v2\/types\/product"}],"version-history":[{"count":0,"href":"https:\/\/www.nutripur.ch\/en\/wp-json\/wp\/v2\/product\/88341\/revisions"}],"wp:featuredmedia":[{"embeddable":true,"href":"https:\/\/www.nutripur.ch\/en\/wp-json\/wp\/v2\/media\/101901"}],"wp:attachment":[{"href":"https:\/\/www.nutripur.ch\/en\/wp-json\/wp\/v2\/media?parent=88341"}],"wp:term":[{"taxonomy":"product_brand","embeddable":true,"href":"https:\/\/www.nutripur.ch\/en\/wp-json\/wp\/v2\/product_brand?post=88341"},{"taxonomy":"product_cat","embeddable":true,"href":"https:\/\/www.nutripur.ch\/en\/wp-json\/wp\/v2\/product_cat?post=88341"},{"taxonomy":"product_tag","embeddable":true,"href":"https:\/\/www.nutripur.ch\/en\/wp-json\/wp\/v2\/product_tag?post=88341"}],"curies":[{"name":"wp","href":"https:\/\/api.w.org\/{rel}","templated":true}]}}