{"id":51657,"date":"2023-01-20T09:54:31","date_gmt":"2023-01-20T08:54:31","guid":{"rendered":"https:\/\/www.nutripur.eu\/?post_type=product&#038;p=51657"},"modified":"2025-11-26T11:37:50","modified_gmt":"2025-11-26T10:37:50","slug":"super-nuts-cashew-salty-caramel","status":"publish","type":"product","link":"https:\/\/www.nutripur.ch\/en\/nuts\/nut-puree\/super-nuts-cashew-salty-caramel\/","title":{"rendered":"NutMus Cashew Salty Caramel"},"content":{"rendered":"\t\t<div data-elementor-type=\"product-post\" data-elementor-id=\"51657\" class=\"elementor elementor-51657\" data-elementor-post-type=\"product\">\n\t\t\t\t<div class=\"elementor-element elementor-element-d57d1ad e-con-full qb--desc-box e-flex e-con e-parent\" data-id=\"d57d1ad\" data-element_type=\"container\" data-e-type=\"container\" data-settings=\"{&quot;background_background&quot;:&quot;classic&quot;}\">\n\t\t<div class=\"elementor-element elementor-element-dd800cf e-con-full qb--desc-img e-flex e-con e-child\" data-id=\"dd800cf\" data-element_type=\"container\" data-e-type=\"container\" data-settings=\"{&quot;background_background&quot;:&quot;classic&quot;}\">\n\t\t\t\t<\/div>\n\t\t<div class=\"elementor-element elementor-element-caf4fd8 e-con-full qb--desc-text e-flex e-con e-child\" data-id=\"caf4fd8\" data-element_type=\"container\" data-e-type=\"container\" data-settings=\"{&quot;background_background&quot;:&quot;classic&quot;}\">\n\t\t<div class=\"elementor-element elementor-element-b100674 e-con-full e-flex e-con e-child\" data-id=\"b100674\" data-element_type=\"container\" data-e-type=\"container\">\n\t\t\t\t<div class=\"elementor-element elementor-element-756bde1 elementor-widget elementor-widget-heading\" data-id=\"756bde1\" data-element_type=\"widget\" data-e-type=\"widget\" data-widget_type=\"heading.default\">\n\t\t\t\t<div class=\"elementor-widget-container\">\n\t\t\t\t\t<h2 class=\"elementor-heading-title elementor-size-default\">Cashewmus Salty Caramel <br>aus ger\u00f6steten<br>\nCashews<br><\/h2>\t\t\t\t<\/div>\n\t\t\t\t<\/div>\n\t\t\t\t<div class=\"elementor-element elementor-element-ea7b9a5 elementor-widget elementor-widget-text-editor\" data-id=\"ea7b9a5\" data-element_type=\"widget\" data-e-type=\"widget\" data-widget_type=\"text-editor.default\">\n\t\t\t\t<div class=\"elementor-widget-container\">\n\t\t\t\t\t\t\t\t\t<p>Mit dem NutriPur Cashewmus Salty Caramel kommt das ganz besondere Nuss-Erlebnis zu dir. Das Cashewmus Salty Caramel besteht aus ger\u00f6steten Cashews. Dieses traumhafte Cashewmus schmeckt intensiv und mega-lecker.<\/p><p>Super im M\u00fcsli oder Porridge, zum Backen, Kochen oder einfach so, zum L\u00f6ffeln.<\/p>\t\t\t\t\t\t\t\t<\/div>\n\t\t\t\t<\/div>\n\t\t\t\t<\/div>\n\t\t\t\t<\/div>\n\t\t\t\t<\/div>\n\t\t<div class=\"elementor-element elementor-element-d561b13 e-con-full qb--desc-box e-flex e-con e-parent\" data-id=\"d561b13\" data-element_type=\"container\" data-e-type=\"container\" data-settings=\"{&quot;background_background&quot;:&quot;classic&quot;}\">\n\t\t<div class=\"elementor-element elementor-element-9c962bd e-con-full qb--desc-text e-flex e-con e-child\" data-id=\"9c962bd\" data-element_type=\"container\" data-e-type=\"container\" data-settings=\"{&quot;background_background&quot;:&quot;classic&quot;}\">\n\t\t<div class=\"elementor-element elementor-element-c750191 e-con-full e-flex e-con e-child\" data-id=\"c750191\" data-element_type=\"container\" data-e-type=\"container\">\n\t\t\t\t<div class=\"elementor-element elementor-element-565be01 elementor-widget elementor-widget-heading\" data-id=\"565be01\" data-element_type=\"widget\" data-e-type=\"widget\" data-widget_type=\"heading.default\">\n\t\t\t\t<div class=\"elementor-widget-container\">\n\t\t\t\t\t<h2 class=\"elementor-heading-title elementor-size-default\">Cashewmus mal anders <br>\nmit Salty Caramel<br>\nGeschmack<\/h2>\t\t\t\t<\/div>\n\t\t\t\t<\/div>\n\t\t\t\t<div class=\"elementor-element elementor-element-8994f03 elementor-widget elementor-widget-text-editor\" data-id=\"8994f03\" data-element_type=\"widget\" data-e-type=\"widget\" data-widget_type=\"text-editor.default\">\n\t\t\t\t<div class=\"elementor-widget-container\">\n\t\t\t\t\t\t\t\t\t<ul><li><strong>100%<\/strong>: Voller Geschmack, leuchtende Farbe, intensives Aroma<\/li><li><b>Gegens\u00e4tze ziehen sich an: <\/b>Sag ja!&#8230;zur s\u00fc\u00df-salzigen Geschmackskombination<\/li><li><strong>G\u00f6nn dir eine gute S\u00fcnde<\/strong>: Mit dieser Eiwei\u00dfquelle besser snacken<\/li><\/ul>\t\t\t\t\t\t\t\t<\/div>\n\t\t\t\t<\/div>\n\t\t\t\t<\/div>\n\t\t\t\t<\/div>\n\t\t<div class=\"elementor-element elementor-element-801124b e-con-full qb--desc-img e-flex e-con e-child\" data-id=\"801124b\" data-element_type=\"container\" data-e-type=\"container\" data-settings=\"{&quot;background_background&quot;:&quot;classic&quot;}\">\n\t\t\t\t<\/div>\n\t\t\t\t<\/div>\n\t\t<div class=\"elementor-element elementor-element-2cf7365 qb--prod-benefits e-flex e-con-boxed e-con e-parent\" data-id=\"2cf7365\" data-element_type=\"container\" data-e-type=\"container\" data-settings=\"{&quot;background_background&quot;:&quot;classic&quot;}\">\n\t\t\t\t\t<div class=\"e-con-inner\">\n\t\t<div class=\"elementor-element elementor-element-7303b9b e-con-full e-flex e-con e-child\" data-id=\"7303b9b\" data-element_type=\"container\" data-e-type=\"container\">\n\t\t\t\t<div class=\"elementor-element elementor-element-7ce91c4 elementor-widget elementor-widget-image\" data-id=\"7ce91c4\" data-element_type=\"widget\" data-e-type=\"widget\" data-widget_type=\"image.default\">\n\t\t\t\t<div class=\"elementor-widget-container\">\n\t\t\t\t\t\t\t\t\t\t\t\t\t\t\t<img decoding=\"async\" src=\"https:\/\/www.nutripur.ch\/wp-content\/uploads\/2024\/12\/icon-pizza.svg\" class=\"attachment-full size-full wp-image-91070\" alt=\"\" \/>\t\t\t\t\t\t\t\t\t\t\t\t\t\t\t<\/div>\n\t\t\t\t<\/div>\n\t\t\t\t<div class=\"elementor-element elementor-element-d4f3d5b elementor-widget elementor-widget-heading\" data-id=\"d4f3d5b\" data-element_type=\"widget\" data-e-type=\"widget\" data-widget_type=\"heading.default\">\n\t\t\t\t<div class=\"elementor-widget-container\">\n\t\t\t\t\t<h2 class=\"elementor-heading-title elementor-size-default\">Vielseitig<br>einsetzbar<\/h2>\t\t\t\t<\/div>\n\t\t\t\t<\/div>\n\t\t\t\t<div class=\"elementor-element elementor-element-eb85de8 elementor-widget elementor-widget-text-editor\" data-id=\"eb85de8\" data-element_type=\"widget\" data-e-type=\"widget\" data-widget_type=\"text-editor.default\">\n\t\t\t\t<div class=\"elementor-widget-container\">\n\t\t\t\t\t\t\t\t\t<ul><li>Eigenkreation von Dips, Saucen und Shakes<\/li><li>F\u00fcllungen f\u00fcr Geb\u00e4cke<\/li><li>Herstellung von Schoki-Leckereien<\/li><li>Topping f\u00fcr M\u00fcslis<\/li><li>Aufstrich f\u00fcr die Brotzeit<\/li><\/ul>\t\t\t\t\t\t\t\t<\/div>\n\t\t\t\t<\/div>\n\t\t\t\t<\/div>\n\t\t<div class=\"elementor-element elementor-element-e4ca77b e-con-full e-flex e-con e-child\" data-id=\"e4ca77b\" data-element_type=\"container\" data-e-type=\"container\">\n\t\t\t\t<div class=\"elementor-element elementor-element-d375ebb elementor-widget elementor-widget-image\" data-id=\"d375ebb\" data-element_type=\"widget\" data-e-type=\"widget\" data-widget_type=\"image.default\">\n\t\t\t\t<div class=\"elementor-widget-container\">\n\t\t\t\t\t\t\t\t\t\t\t\t\t\t\t<img decoding=\"async\" src=\"https:\/\/www.nutripur.ch\/wp-content\/uploads\/2024\/12\/icon-tasche.svg\" class=\"attachment-full size-full wp-image-91086\" alt=\"\" \/>\t\t\t\t\t\t\t\t\t\t\t\t\t\t\t<\/div>\n\t\t\t\t<\/div>\n\t\t\t\t<div class=\"elementor-element elementor-element-f4cd658 elementor-widget elementor-widget-heading\" data-id=\"f4cd658\" data-element_type=\"widget\" data-e-type=\"widget\" data-widget_type=\"heading.default\">\n\t\t\t\t<div class=\"elementor-widget-container\">\n\t\t\t\t\t<h2 class=\"elementor-heading-title elementor-size-default\">Praktisch und<br>l\u00e4nger frisch<\/h2>\t\t\t\t<\/div>\n\t\t\t\t<\/div>\n\t\t\t\t<div class=\"elementor-element elementor-element-d7afa1e elementor-widget elementor-widget-text-editor\" data-id=\"d7afa1e\" data-element_type=\"widget\" data-e-type=\"widget\" data-widget_type=\"text-editor.default\">\n\t\t\t\t<div class=\"elementor-widget-container\">\n\t\t\t\t\t\t\t\t\t<ul><li>Lange haltbar durch wiederverschlie\u00dfbares Glas<\/li><\/ul>\t\t\t\t\t\t\t\t<\/div>\n\t\t\t\t<\/div>\n\t\t\t\t<\/div>\n\t\t<div class=\"elementor-element elementor-element-ab8b071 e-con-full e-flex e-con e-child\" data-id=\"ab8b071\" data-element_type=\"container\" data-e-type=\"container\">\n\t\t\t\t<div class=\"elementor-element elementor-element-25d2e4b elementor-widget elementor-widget-image\" data-id=\"25d2e4b\" data-element_type=\"widget\" data-e-type=\"widget\" data-widget_type=\"image.default\">\n\t\t\t\t<div class=\"elementor-widget-container\">\n\t\t\t\t\t\t\t\t\t\t\t\t\t\t\t<img decoding=\"async\" width=\"129\" height=\"129\" src=\"https:\/\/www.nutripur.ch\/wp-content\/uploads\/2024\/12\/icon-qualitaet.svg\" class=\"attachment-full size-full wp-image-91102\" alt=\"\" \/>\t\t\t\t\t\t\t\t\t\t\t\t\t\t\t<\/div>\n\t\t\t\t<\/div>\n\t\t\t\t<div class=\"elementor-element elementor-element-310c377 elementor-widget elementor-widget-heading\" data-id=\"310c377\" data-element_type=\"widget\" data-e-type=\"widget\" data-widget_type=\"heading.default\">\n\t\t\t\t<div class=\"elementor-widget-container\">\n\t\t\t\t\t<h2 class=\"elementor-heading-title elementor-size-default\">Qualit\u00e4t, die man<br>schmeckt<\/h2>\t\t\t\t<\/div>\n\t\t\t\t<\/div>\n\t\t\t\t<div class=\"elementor-element elementor-element-b8c65b5 elementor-widget elementor-widget-text-editor\" data-id=\"b8c65b5\" data-element_type=\"widget\" data-e-type=\"widget\" data-widget_type=\"text-editor.default\">\n\t\t\t\t<div class=\"elementor-widget-container\">\n\t\t\t\t\t\t\t\t\t<ul>\n \t<li>Keine Konservierungsstoffe oder Zus\u00e4tze<\/li>\n \t<li>Ohne Palm\u00f6l<\/li>\n<\/ul>\t\t\t\t\t\t\t\t<\/div>\n\t\t\t\t<\/div>\n\t\t\t\t<\/div>\n\t\t\t\t\t<\/div>\n\t\t\t\t<\/div>\n\t\t<div class=\"elementor-element elementor-element-b60b52e qb--naehrwert-zutaten e-flex e-con-boxed e-con e-parent\" data-id=\"b60b52e\" data-element_type=\"container\" data-e-type=\"container\">\n\t\t\t\t\t<div class=\"e-con-inner\">\n\t\t<div class=\"elementor-element elementor-element-170305b e-con-full qb--naehrwert-table e-flex e-con e-child\" data-id=\"170305b\" data-element_type=\"container\" data-e-type=\"container\">\n\t\t\t\t<div class=\"elementor-element elementor-element-aafd685 elementor-widget elementor-widget-heading\" data-id=\"aafd685\" data-element_type=\"widget\" data-e-type=\"widget\" data-widget_type=\"heading.default\">\n\t\t\t\t<div class=\"elementor-widget-container\">\n\t\t\t\t\t<h2 class=\"elementor-heading-title elementor-size-default\">N\u00e4hrwerte &amp; Zutaten<\/h2>\t\t\t\t<\/div>\n\t\t\t\t<\/div>\n\t\t\t\t<div class=\"elementor-element elementor-element-af98e63 elementor-widget elementor-widget-jet-table\" data-id=\"af98e63\" data-element_type=\"widget\" data-e-type=\"widget\" data-widget_type=\"jet-table.default\">\n\t\t\t\t<div class=\"elementor-widget-container\">\n\t\t\t\t\t<div class=\"elementor-jet-table jet-elements\">\n\t\t<div class=\"jet-table-wrapper jet-table-responsive-mobile\">\n\t\t\t<table class=\"jet-table jet-table--fa5-compat\">\n\t\t\t\t<thead class=\"jet-table__head\"><tr class=\"jet-table__head-row\"><th class=\"jet-table__cell elementor-repeater-item-bc5afa4 jet-table__head-cell\" scope=\"col\"><div class=\"jet-table__cell-inner\"><div class=\"jet-table__cell-content\"><div class=\"jet-table__cell-text\">Durchschnittliche N\u00e4hrwerte<\/div><\/div><\/div><\/th><th class=\"jet-table__cell elementor-repeater-item-eafc7f8 jet-table__head-cell\" scope=\"col\"><div class=\"jet-table__cell-inner\"><div class=\"jet-table__cell-content\"><div class=\"jet-table__cell-text\">je 100 g<\/div><\/div><\/div><\/th><\/tr><\/thead>\n\t\t\t\t\t\t\t\t<tbody class=\"jet-table__body\"><tr class=\"jet-table__body-row elementor-repeater-item-d4f9014\"><td class=\"jet-table__cell elementor-repeater-item-d095273 jet-table__body-cell\"><div class=\"jet-table__cell-inner\"><div class=\"jet-table__cell-content\"><div class=\"jet-table__cell-text\">Brennwert<\/div><\/div><\/div><\/td><td class=\"jet-table__cell elementor-repeater-item-a85c1cd jet-table__body-cell\"><div class=\"jet-table__cell-inner\"><div class=\"jet-table__cell-content\"><div class=\"jet-table__cell-text\">2303 kJ\/554 kcal<\/div><\/div><\/div><\/td><\/tr><tr class=\"jet-table__body-row elementor-repeater-item-94fd4ff\"><td class=\"jet-table__cell elementor-repeater-item-8d5364d jet-table__body-cell\"><div class=\"jet-table__cell-inner\"><div class=\"jet-table__cell-content\"><div class=\"jet-table__cell-text\">Fett<\/div><\/div><\/div><\/td><td class=\"jet-table__cell elementor-repeater-item-740e9e9 jet-table__body-cell\"><div class=\"jet-table__cell-inner\"><div class=\"jet-table__cell-content\"><div class=\"jet-table__cell-text\">38,0 g<\/div><\/div><\/div><\/td><\/tr><tr class=\"jet-table__body-row elementor-repeater-item-2c8ccda\"><td class=\"jet-table__cell elementor-repeater-item-5bbb743 jet-table__body-cell\"><div class=\"jet-table__cell-inner\"><div class=\"jet-table__cell-content\"><div class=\"jet-table__cell-text\">\u2013 davon ges\u00e4ttigte Fetts\u00e4uren<\/div><\/div><\/div><\/td><td class=\"jet-table__cell elementor-repeater-item-6a4bcb9 jet-table__body-cell\"><div class=\"jet-table__cell-inner\"><div class=\"jet-table__cell-content\"><div class=\"jet-table__cell-text\">8,6 g<\/div><\/div><\/div><\/td><\/tr><tr class=\"jet-table__body-row elementor-repeater-item-006dfa6\"><td class=\"jet-table__cell elementor-repeater-item-5a243c0 jet-table__body-cell\"><div class=\"jet-table__cell-inner\"><div class=\"jet-table__cell-content\"><div class=\"jet-table__cell-text\">Kohlenhydrate<\/div><\/div><\/div><\/td><td class=\"jet-table__cell elementor-repeater-item-2fdf3ae jet-table__body-cell\"><div class=\"jet-table__cell-inner\"><div class=\"jet-table__cell-content\"><div class=\"jet-table__cell-text\">34,0 g<\/div><\/div><\/div><\/td><\/tr><tr class=\"jet-table__body-row elementor-repeater-item-044352e\"><td class=\"jet-table__cell elementor-repeater-item-aa54590 jet-table__body-cell\"><div class=\"jet-table__cell-inner\"><div class=\"jet-table__cell-content\"><div class=\"jet-table__cell-text\">\u2013 davon Zucker<\/div><\/div><\/div><\/td><td class=\"jet-table__cell elementor-repeater-item-7926ada jet-table__body-cell\"><div class=\"jet-table__cell-inner\"><div class=\"jet-table__cell-content\"><div class=\"jet-table__cell-text\">20,0 g<\/div><\/div><\/div><\/td><\/tr><tr class=\"jet-table__body-row elementor-repeater-item-07d3dfa\"><td class=\"jet-table__cell elementor-repeater-item-523a1a5 jet-table__body-cell\"><div class=\"jet-table__cell-inner\"><div class=\"jet-table__cell-content\"><div class=\"jet-table__cell-text\">Ballaststoffe<\/div><\/div><\/div><\/td><td class=\"jet-table__cell elementor-repeater-item-afabfdf jet-table__body-cell\"><div class=\"jet-table__cell-inner\"><div class=\"jet-table__cell-content\"><div class=\"jet-table__cell-text\">3,5 g<\/div><\/div><\/div><\/td><\/tr><tr class=\"jet-table__body-row elementor-repeater-item-a2bbb0b\"><td class=\"jet-table__cell elementor-repeater-item-3291bc7 jet-table__body-cell\"><div class=\"jet-table__cell-inner\"><div class=\"jet-table__cell-content\"><div class=\"jet-table__cell-text\">Eiwei\u00df<\/div><\/div><\/div><\/td><td class=\"jet-table__cell elementor-repeater-item-131d5b0 jet-table__body-cell\"><div class=\"jet-table__cell-inner\"><div class=\"jet-table__cell-content\"><div class=\"jet-table__cell-text\">16,0 g<\/div><\/div><\/div><\/td><\/tr><tr class=\"jet-table__body-row elementor-repeater-item-13da5a6\"><td class=\"jet-table__cell elementor-repeater-item-9218b92 jet-table__body-cell\"><div class=\"jet-table__cell-inner\"><div class=\"jet-table__cell-content\"><div class=\"jet-table__cell-text\">Salz<\/div><\/div><\/div><\/td><td class=\"jet-table__cell elementor-repeater-item-b6f8406 jet-table__body-cell\"><div class=\"jet-table__cell-inner\"><div class=\"jet-table__cell-content\"><div class=\"jet-table__cell-text\">1,2 g<\/div><\/div><\/div><\/td><\/tr><\/tbody>\n\t\t\t<\/table>\n\t\t<\/div>\n\n\t\t<\/div>\t\t\t\t<\/div>\n\t\t\t\t<\/div>\n\t\t\t\t<\/div>\n\t\t<div class=\"elementor-element elementor-element-6626862 e-con-full qb--zutaten e-flex e-con e-child\" data-id=\"6626862\" data-element_type=\"container\" data-e-type=\"container\">\n\t\t<div class=\"elementor-element elementor-element-44c9aff e-con-full e-flex e-con e-child\" data-id=\"44c9aff\" data-element_type=\"container\" data-e-type=\"container\">\n\t\t\t\t<div class=\"elementor-element elementor-element-1e0e0c7 elementor-widget elementor-widget-text-editor\" data-id=\"1e0e0c7\" data-element_type=\"widget\" data-e-type=\"widget\" data-widget_type=\"text-editor.default\">\n\t\t\t\t<div class=\"elementor-widget-container\">\n\t\t\t\t\t\t\t\t\t<p>(DE) Creme aus ger\u00f6steten Cashewkernen mit Dattelzucker und Salz<\/p>\n<p><strong>Zutaten<\/strong>: Cashewkerne 91%, Dattelzucker 7,8%, Salz 1,2%<\/p>\n<p>Kann Spuren von Schalenfr\u00fcchten enthalten.<\/p>\n<p>Im wiederverschlie\u00dfbaren Glas.<br>Nach dem \u00d6ffnen gut verschlie\u00dfen. K\u00fchl, trocken und lichtgesch\u00fctzt lagern.<\/p>\n<p><strong>Hinweis:<\/strong> Es kann sich produkteigenes \u00d6l absetzen. Das ist vollkommen normal. Durch Umr\u00fchren wird das Salty-Caramel-Cashew-Mus wieder sch\u00f6n cremig.<\/p>\t\t\t\t\t\t\t\t<\/div>\n\t\t\t\t<\/div>\n\t\t\t\t<div class=\"elementor-element elementor-element-35d8c2d elementor-woo-meta--view-inline elementor-widget elementor-widget-woocommerce-product-meta\" data-id=\"35d8c2d\" data-element_type=\"widget\" data-e-type=\"widget\" data-widget_type=\"woocommerce-product-meta.default\">\n\t\t\t\t<div class=\"elementor-widget-container\">\n\t\t\t\t\t\t\t<div class=\"product_meta\">\n\n\t\t\t\n\t\t\t\t\t\t\t<span class=\"sku_wrapper detail-container\">\n\t\t\t\t\t<span class=\"detail-label\">\n\t\t\t\t\t\t\t\t\t\t\t\tArtikelnummer:\t\t\t\t\t<\/span>\n\t\t\t\t\t<span class=\"sku\">\n\t\t\t\t\t\t\t\t\t\t\t\t1-00080\t\t\t\t\t<\/span>\n\t\t\t\t<\/span>\n\t\t\t\n\t\t\t\t\t\t\t<span class=\"posted_in detail-container\"><span class=\"detail-label\">Categories<\/span> <span class=\"detail-content\"><a href=\"https:\/\/www.nutripur.ch\/en\/nuts\/\" rel=\"tag\">Nuts<\/a>, <a href=\"https:\/\/www.nutripur.ch\/en\/nuts\/nut-puree\/\" rel=\"tag\">Nut puree<\/a><\/span><\/span>\n\t\t\t\n\t\t\t\n\t\t\t\n\t\t<\/div>\n\t\t\t\t\t\t<\/div>\n\t\t\t\t<\/div>\n\t\t\t\t<\/div>\n\t\t<div class=\"elementor-element elementor-element-e4fdab9 e-con-full e-flex e-con e-child\" data-id=\"e4fdab9\" data-element_type=\"container\" data-e-type=\"container\">\n\t\t\t\t<\/div>\n\t\t\t\t<\/div>\n\t\t\t\t\t<\/div>\n\t\t\t\t<\/div>\n\t\t\t\t<\/div>\n\t\t","protected":false},"excerpt":{"rendered":"<p>Roasted and ground cashews, refined with date sugar and a pinch of salt.<br \/>\nGreat in muesli or porridge, for cooking or just as a spoonful.<\/p>\n<p><span style=\"color: #5ea352;\">\u2764<\/span> No flavor enhancers, colorings or preservatives<br \/>\n<span style=\"color: #5ea352;\">\u2764<\/span> Source of fiber<\/p>\n","protected":false},"featured_media":0,"template":"","meta":{"_seopress_robots_primary_cat":"none","_seopress_titles_title":"","_seopress_titles_desc":"","_seopress_robots_index":"","footnotes":""},"product_brand":[],"product_cat":[184,287],"product_tag":[],"class_list":{"0":"post-51657","1":"product","2":"type-product","3":"status-publish","5":"product_cat-nuts","6":"product_cat-nut-puree","8":"first","9":"outofstock","10":"taxable","11":"shipping-taxable","12":"product-type-variable"},"_links":{"self":[{"href":"https:\/\/www.nutripur.ch\/en\/wp-json\/wp\/v2\/product\/51657","targetHints":{"allow":["GET"]}}],"collection":[{"href":"https:\/\/www.nutripur.ch\/en\/wp-json\/wp\/v2\/product"}],"about":[{"href":"https:\/\/www.nutripur.ch\/en\/wp-json\/wp\/v2\/types\/product"}],"version-history":[{"count":0,"href":"https:\/\/www.nutripur.ch\/en\/wp-json\/wp\/v2\/product\/51657\/revisions"}],"wp:attachment":[{"href":"https:\/\/www.nutripur.ch\/en\/wp-json\/wp\/v2\/media?parent=51657"}],"wp:term":[{"taxonomy":"product_brand","embeddable":true,"href":"https:\/\/www.nutripur.ch\/en\/wp-json\/wp\/v2\/product_brand?post=51657"},{"taxonomy":"product_cat","embeddable":true,"href":"https:\/\/www.nutripur.ch\/en\/wp-json\/wp\/v2\/product_cat?post=51657"},{"taxonomy":"product_tag","embeddable":true,"href":"https:\/\/www.nutripur.ch\/en\/wp-json\/wp\/v2\/product_tag?post=51657"}],"curies":[{"name":"wp","href":"https:\/\/api.w.org\/{rel}","templated":true}]}}